{"id":1346,"date":"2024-10-16T13:13:00","date_gmt":"2024-10-16T17:13:00","guid":{"rendered":"https:\/\/purecosmetics-shop.com\/accueil\/produit\/anua-heartleaf-quercetinol-pore-deep-cleansing-foam\/"},"modified":"2026-04-16T02:42:43","modified_gmt":"2026-04-16T06:42:43","slug":"anua-heartleaf-quercetinol-pore-deep-cleansing-foam","status":"publish","type":"product","link":"https:\/\/purecosmetics-shop.com\/accueil\/produit\/anua-heartleaf-quercetinol-pore-deep-cleansing-foam\/","title":{"rendered":"HEARTLEAF QUERCETINOL PORE DEEP CLEANSING FOAM"},"content":{"rendered":"<p>Le Heartleaf Quercetinol Pore Deep Cleansing Foam est con\u00e7u pour purifier votre peau en profondeur. Sa formule unique contient de la poudre d\u2019houttuynia cordata, id\u00e9ale pour \u00e9liminer les cellules mortes et d\u00e9sobstruer les pores, laissant votre peau fra\u00eeche et revitalis\u00e9e.<\/p>\n<h2>Hydratation et \u00c9quilibre<\/h2>\n<p>Enrichi en glyc\u00e9rine, ce nettoyant granuleux ne se contente pas de nettoyer; il hydrate la peau lors du processus. Cela permet d\u2019\u00e9viter tout dess\u00e8chement et d\u2019obtenir un teint \u00e9quilibr\u00e9, doux au toucher.<\/p>\n<h2>Une Formule Efficace<\/h2>\n<p>De plus, le m\u00e9lange brevet\u00e9 anti-sebum P et l&rsquo;acide salicylique travaillent ensemble pour \u00e9liminer l&rsquo;exc\u00e8s de s\u00e9bum tout en traitant les pores.<\/p>\n","protected":false},"excerpt":{"rendered":"<p>Le nettoyant contenant de l\u2019acide salicylique pour traiter les pores, de la poudre d\u2019Houttuynia Cordata pour \u00e9liminer les cellules et d\u00e9sobstruer les pores.<br \/>\nSa formule granuleuse contenant de la glyc\u00e9rine permet d\u2019hydrater la peau durant le nettoyage tandis que le m\u00e9lange brevet\u00e9 Anti-Sebum P assure l\u2019\u00e9limination de l\u2019exc\u00e8s de s\u00e9bum.<\/p>\n","protected":false},"featured_media":3115,"comment_status":"open","ping_status":"closed","template":"","meta":[],"product_brand":[155],"product_cat":[108,18,113,115,116],"product_tag":[],"class_list":{"0":"post-1346","1":"product","2":"type-product","3":"status-publish","4":"has-post-thumbnail","6":"product_brand-anua","7":"product_cat-anti-imperfections-et-pores","8":"product_cat-nettoyant-visage","9":"product_cat-peau-a-tendance-acneique","10":"product_cat-peau-grasse","11":"product_cat-peau-mixte","13":"first","14":"instock","15":"shipping-taxable","16":"purchasable","17":"product-type-simple"},"yoast_head":"<!-- This site is optimized with the Yoast SEO plugin v27.4 - https:\/\/yoast.com\/product\/yoast-seo-wordpress\/ -->\n<title>HEARTLEAF QUERCETINOL PORE DEEP CLEANSING FOAM - Pure Cosmetics<\/title>\n<meta name=\"robots\" content=\"index, follow, max-snippet:-1, max-image-preview:large, max-video-preview:-1\" \/>\n<link rel=\"canonical\" href=\"https:\/\/purecosmetics-shop.com\/accueil\/produit\/anua-heartleaf-quercetinol-pore-deep-cleansing-foam\/\" \/>\n<meta property=\"og:locale\" content=\"fr_FR\" \/>\n<meta property=\"og:type\" content=\"article\" \/>\n<meta property=\"og:title\" content=\"HEARTLEAF QUERCETINOL PORE DEEP CLEANSING FOAM - Pure Cosmetics\" \/>\n<meta property=\"og:description\" content=\"Le nettoyant contenant de l\u2019acide salicylique pour traiter les pores, de la poudre d\u2019Houttuynia Cordata pour \u00e9liminer les cellules et d\u00e9sobstruer les pores. Sa formule granuleuse contenant de la glyc\u00e9rine permet d\u2019hydrater la peau durant le nettoyage tandis que le m\u00e9lange brevet\u00e9 Anti-Sebum P assure l\u2019\u00e9limination de l\u2019exc\u00e8s de s\u00e9bum.\" \/>\n<meta property=\"og:url\" content=\"https:\/\/purecosmetics-shop.com\/accueil\/produit\/anua-heartleaf-quercetinol-pore-deep-cleansing-foam\/\" \/>\n<meta property=\"og:site_name\" content=\"Pure Cosmetics\" \/>\n<meta property=\"article:modified_time\" content=\"2026-04-16T06:42:43+00:00\" \/>\n<meta property=\"og:image\" content=\"https:\/\/purecosmetics-shop.com\/wp-content\/uploads\/2024\/10\/HEARTLEAF-QUERCETINOL-PORE-DEEP-CLEANSING-FOAM.jpg\" \/>\n\t<meta property=\"og:image:width\" content=\"1000\" \/>\n\t<meta property=\"og:image:height\" content=\"1000\" \/>\n\t<meta property=\"og:image:type\" content=\"image\/jpeg\" \/>\n<meta name=\"twitter:card\" content=\"summary_large_image\" \/>\n<meta name=\"twitter:label1\" content=\"Dur\u00e9e de lecture estim\u00e9e\" \/>\n\t<meta name=\"twitter:data1\" content=\"1 minute\" \/>\n<script type=\"application\/ld+json\" class=\"yoast-schema-graph\">{\"@context\":\"https:\\\/\\\/schema.org\",\"@graph\":[{\"@type\":\"WebPage\",\"@id\":\"https:\\\/\\\/purecosmetics-shop.com\\\/accueil\\\/produit\\\/anua-heartleaf-quercetinol-pore-deep-cleansing-foam\\\/\",\"url\":\"https:\\\/\\\/purecosmetics-shop.com\\\/accueil\\\/produit\\\/anua-heartleaf-quercetinol-pore-deep-cleansing-foam\\\/\",\"name\":\"HEARTLEAF QUERCETINOL PORE DEEP CLEANSING FOAM - Pure Cosmetics\",\"isPartOf\":{\"@id\":\"https:\\\/\\\/purecosmetics-shop.com\\\/accueil\\\/#website\"},\"primaryImageOfPage\":{\"@id\":\"https:\\\/\\\/purecosmetics-shop.com\\\/accueil\\\/produit\\\/anua-heartleaf-quercetinol-pore-deep-cleansing-foam\\\/#primaryimage\"},\"image\":{\"@id\":\"https:\\\/\\\/purecosmetics-shop.com\\\/accueil\\\/produit\\\/anua-heartleaf-quercetinol-pore-deep-cleansing-foam\\\/#primaryimage\"},\"thumbnailUrl\":\"https:\\\/\\\/purecosmetics-shop.com\\\/wp-content\\\/uploads\\\/2024\\\/10\\\/HEARTLEAF-QUERCETINOL-PORE-DEEP-CLEANSING-FOAM.jpg\",\"datePublished\":\"2024-10-16T17:13:00+00:00\",\"dateModified\":\"2026-04-16T06:42:43+00:00\",\"breadcrumb\":{\"@id\":\"https:\\\/\\\/purecosmetics-shop.com\\\/accueil\\\/produit\\\/anua-heartleaf-quercetinol-pore-deep-cleansing-foam\\\/#breadcrumb\"},\"inLanguage\":\"fr-FR\",\"potentialAction\":[{\"@type\":\"ReadAction\",\"target\":[\"https:\\\/\\\/purecosmetics-shop.com\\\/accueil\\\/produit\\\/anua-heartleaf-quercetinol-pore-deep-cleansing-foam\\\/\"]}]},{\"@type\":\"ImageObject\",\"inLanguage\":\"fr-FR\",\"@id\":\"https:\\\/\\\/purecosmetics-shop.com\\\/accueil\\\/produit\\\/anua-heartleaf-quercetinol-pore-deep-cleansing-foam\\\/#primaryimage\",\"url\":\"https:\\\/\\\/purecosmetics-shop.com\\\/wp-content\\\/uploads\\\/2024\\\/10\\\/HEARTLEAF-QUERCETINOL-PORE-DEEP-CLEANSING-FOAM.jpg\",\"contentUrl\":\"https:\\\/\\\/purecosmetics-shop.com\\\/wp-content\\\/uploads\\\/2024\\\/10\\\/HEARTLEAF-QUERCETINOL-PORE-DEEP-CLEANSING-FOAM.jpg\",\"width\":1000,\"height\":1000,\"caption\":\"HEARTLEAF QUERCETINOL PORE DEEP CLEANSING FOAM\"},{\"@type\":\"BreadcrumbList\",\"@id\":\"https:\\\/\\\/purecosmetics-shop.com\\\/accueil\\\/produit\\\/anua-heartleaf-quercetinol-pore-deep-cleansing-foam\\\/#breadcrumb\",\"itemListElement\":[{\"@type\":\"ListItem\",\"position\":1,\"name\":\"Accueil\",\"item\":\"https:\\\/\\\/purecosmetics-shop.com\\\/accueil\\\/\"},{\"@type\":\"ListItem\",\"position\":2,\"name\":\"NOUVEAUT\u00c9S\",\"item\":\"https:\\\/\\\/purecosmetics-shop.com\\\/accueil\\\/nouveautes\\\/\"},{\"@type\":\"ListItem\",\"position\":3,\"name\":\"HEARTLEAF QUERCETINOL PORE DEEP CLEANSING FOAM\"}]},{\"@type\":\"WebSite\",\"@id\":\"https:\\\/\\\/purecosmetics-shop.com\\\/accueil\\\/#website\",\"url\":\"https:\\\/\\\/purecosmetics-shop.com\\\/accueil\\\/\",\"name\":\"Pure Cosmetics\",\"description\":\"Skincare cor\u00e9enne et japonais\",\"publisher\":{\"@id\":\"https:\\\/\\\/purecosmetics-shop.com\\\/accueil\\\/#organization\"},\"potentialAction\":[{\"@type\":\"SearchAction\",\"target\":{\"@type\":\"EntryPoint\",\"urlTemplate\":\"https:\\\/\\\/purecosmetics-shop.com\\\/accueil\\\/?s={search_term_string}\"},\"query-input\":{\"@type\":\"PropertyValueSpecification\",\"valueRequired\":true,\"valueName\":\"search_term_string\"}}],\"inLanguage\":\"fr-FR\"},{\"@type\":\"Organization\",\"@id\":\"https:\\\/\\\/purecosmetics-shop.com\\\/accueil\\\/#organization\",\"name\":\"Pure Cosmetics\",\"url\":\"https:\\\/\\\/purecosmetics-shop.com\\\/accueil\\\/\",\"logo\":{\"@type\":\"ImageObject\",\"inLanguage\":\"fr-FR\",\"@id\":\"https:\\\/\\\/purecosmetics-shop.com\\\/accueil\\\/#\\\/schema\\\/logo\\\/image\\\/\",\"url\":\"https:\\\/\\\/purecosmetics-shop.com\\\/wp-content\\\/uploads\\\/2025\\\/04\\\/cropped-Pure-Cosmetics-black-2.png\",\"contentUrl\":\"https:\\\/\\\/purecosmetics-shop.com\\\/wp-content\\\/uploads\\\/2025\\\/04\\\/cropped-Pure-Cosmetics-black-2.png\",\"width\":2362,\"height\":2324,\"caption\":\"Pure Cosmetics\"},\"image\":{\"@id\":\"https:\\\/\\\/purecosmetics-shop.com\\\/accueil\\\/#\\\/schema\\\/logo\\\/image\\\/\"}}]}<\/script>\n<!-- \/ Yoast SEO plugin. -->","yoast_head_json":{"title":"HEARTLEAF QUERCETINOL PORE DEEP CLEANSING FOAM - Pure Cosmetics","robots":{"index":"index","follow":"follow","max-snippet":"max-snippet:-1","max-image-preview":"max-image-preview:large","max-video-preview":"max-video-preview:-1"},"canonical":"https:\/\/purecosmetics-shop.com\/accueil\/produit\/anua-heartleaf-quercetinol-pore-deep-cleansing-foam\/","og_locale":"fr_FR","og_type":"article","og_title":"HEARTLEAF QUERCETINOL PORE DEEP CLEANSING FOAM - Pure Cosmetics","og_description":"Le nettoyant contenant de l\u2019acide salicylique pour traiter les pores, de la poudre d\u2019Houttuynia Cordata pour \u00e9liminer les cellules et d\u00e9sobstruer les pores. Sa formule granuleuse contenant de la glyc\u00e9rine permet d\u2019hydrater la peau durant le nettoyage tandis que le m\u00e9lange brevet\u00e9 Anti-Sebum P assure l\u2019\u00e9limination de l\u2019exc\u00e8s de s\u00e9bum.","og_url":"https:\/\/purecosmetics-shop.com\/accueil\/produit\/anua-heartleaf-quercetinol-pore-deep-cleansing-foam\/","og_site_name":"Pure Cosmetics","article_modified_time":"2026-04-16T06:42:43+00:00","og_image":[{"width":1000,"height":1000,"url":"https:\/\/purecosmetics-shop.com\/wp-content\/uploads\/2024\/10\/HEARTLEAF-QUERCETINOL-PORE-DEEP-CLEANSING-FOAM.jpg","type":"image\/jpeg"}],"twitter_card":"summary_large_image","twitter_misc":{"Dur\u00e9e de lecture estim\u00e9e":"1 minute"},"schema":{"@context":"https:\/\/schema.org","@graph":[{"@type":"WebPage","@id":"https:\/\/purecosmetics-shop.com\/accueil\/produit\/anua-heartleaf-quercetinol-pore-deep-cleansing-foam\/","url":"https:\/\/purecosmetics-shop.com\/accueil\/produit\/anua-heartleaf-quercetinol-pore-deep-cleansing-foam\/","name":"HEARTLEAF QUERCETINOL PORE DEEP CLEANSING FOAM - Pure Cosmetics","isPartOf":{"@id":"https:\/\/purecosmetics-shop.com\/accueil\/#website"},"primaryImageOfPage":{"@id":"https:\/\/purecosmetics-shop.com\/accueil\/produit\/anua-heartleaf-quercetinol-pore-deep-cleansing-foam\/#primaryimage"},"image":{"@id":"https:\/\/purecosmetics-shop.com\/accueil\/produit\/anua-heartleaf-quercetinol-pore-deep-cleansing-foam\/#primaryimage"},"thumbnailUrl":"https:\/\/purecosmetics-shop.com\/wp-content\/uploads\/2024\/10\/HEARTLEAF-QUERCETINOL-PORE-DEEP-CLEANSING-FOAM.jpg","datePublished":"2024-10-16T17:13:00+00:00","dateModified":"2026-04-16T06:42:43+00:00","breadcrumb":{"@id":"https:\/\/purecosmetics-shop.com\/accueil\/produit\/anua-heartleaf-quercetinol-pore-deep-cleansing-foam\/#breadcrumb"},"inLanguage":"fr-FR","potentialAction":[{"@type":"ReadAction","target":["https:\/\/purecosmetics-shop.com\/accueil\/produit\/anua-heartleaf-quercetinol-pore-deep-cleansing-foam\/"]}]},{"@type":"ImageObject","inLanguage":"fr-FR","@id":"https:\/\/purecosmetics-shop.com\/accueil\/produit\/anua-heartleaf-quercetinol-pore-deep-cleansing-foam\/#primaryimage","url":"https:\/\/purecosmetics-shop.com\/wp-content\/uploads\/2024\/10\/HEARTLEAF-QUERCETINOL-PORE-DEEP-CLEANSING-FOAM.jpg","contentUrl":"https:\/\/purecosmetics-shop.com\/wp-content\/uploads\/2024\/10\/HEARTLEAF-QUERCETINOL-PORE-DEEP-CLEANSING-FOAM.jpg","width":1000,"height":1000,"caption":"HEARTLEAF QUERCETINOL PORE DEEP CLEANSING FOAM"},{"@type":"BreadcrumbList","@id":"https:\/\/purecosmetics-shop.com\/accueil\/produit\/anua-heartleaf-quercetinol-pore-deep-cleansing-foam\/#breadcrumb","itemListElement":[{"@type":"ListItem","position":1,"name":"Accueil","item":"https:\/\/purecosmetics-shop.com\/accueil\/"},{"@type":"ListItem","position":2,"name":"NOUVEAUT\u00c9S","item":"https:\/\/purecosmetics-shop.com\/accueil\/nouveautes\/"},{"@type":"ListItem","position":3,"name":"HEARTLEAF QUERCETINOL PORE DEEP CLEANSING FOAM"}]},{"@type":"WebSite","@id":"https:\/\/purecosmetics-shop.com\/accueil\/#website","url":"https:\/\/purecosmetics-shop.com\/accueil\/","name":"Pure Cosmetics","description":"Skincare cor\u00e9enne et japonais","publisher":{"@id":"https:\/\/purecosmetics-shop.com\/accueil\/#organization"},"potentialAction":[{"@type":"SearchAction","target":{"@type":"EntryPoint","urlTemplate":"https:\/\/purecosmetics-shop.com\/accueil\/?s={search_term_string}"},"query-input":{"@type":"PropertyValueSpecification","valueRequired":true,"valueName":"search_term_string"}}],"inLanguage":"fr-FR"},{"@type":"Organization","@id":"https:\/\/purecosmetics-shop.com\/accueil\/#organization","name":"Pure Cosmetics","url":"https:\/\/purecosmetics-shop.com\/accueil\/","logo":{"@type":"ImageObject","inLanguage":"fr-FR","@id":"https:\/\/purecosmetics-shop.com\/accueil\/#\/schema\/logo\/image\/","url":"https:\/\/purecosmetics-shop.com\/wp-content\/uploads\/2025\/04\/cropped-Pure-Cosmetics-black-2.png","contentUrl":"https:\/\/purecosmetics-shop.com\/wp-content\/uploads\/2025\/04\/cropped-Pure-Cosmetics-black-2.png","width":2362,"height":2324,"caption":"Pure Cosmetics"},"image":{"@id":"https:\/\/purecosmetics-shop.com\/accueil\/#\/schema\/logo\/image\/"}}]}},"jetpack_sharing_enabled":true,"_links":{"self":[{"href":"https:\/\/purecosmetics-shop.com\/accueil\/wp-json\/wp\/v2\/product\/1346","targetHints":{"allow":["GET"]}}],"collection":[{"href":"https:\/\/purecosmetics-shop.com\/accueil\/wp-json\/wp\/v2\/product"}],"about":[{"href":"https:\/\/purecosmetics-shop.com\/accueil\/wp-json\/wp\/v2\/types\/product"}],"replies":[{"embeddable":true,"href":"https:\/\/purecosmetics-shop.com\/accueil\/wp-json\/wp\/v2\/comments?post=1346"}],"version-history":[{"count":3,"href":"https:\/\/purecosmetics-shop.com\/accueil\/wp-json\/wp\/v2\/product\/1346\/revisions"}],"predecessor-version":[{"id":1460,"href":"https:\/\/purecosmetics-shop.com\/accueil\/wp-json\/wp\/v2\/product\/1346\/revisions\/1460"}],"wp:featuredmedia":[{"embeddable":true,"href":"https:\/\/purecosmetics-shop.com\/accueil\/wp-json\/wp\/v2\/media\/3115"}],"wp:attachment":[{"href":"https:\/\/purecosmetics-shop.com\/accueil\/wp-json\/wp\/v2\/media?parent=1346"}],"wp:term":[{"taxonomy":"product_brand","embeddable":true,"href":"https:\/\/purecosmetics-shop.com\/accueil\/wp-json\/wp\/v2\/product_brand?post=1346"},{"taxonomy":"product_cat","embeddable":true,"href":"https:\/\/purecosmetics-shop.com\/accueil\/wp-json\/wp\/v2\/product_cat?post=1346"},{"taxonomy":"product_tag","embeddable":true,"href":"https:\/\/purecosmetics-shop.com\/accueil\/wp-json\/wp\/v2\/product_tag?post=1346"}],"curies":[{"name":"wp","href":"https:\/\/api.w.org\/{rel}","templated":true}]}}