{"id":1345,"date":"2024-10-16T13:12:59","date_gmt":"2024-10-16T17:12:59","guid":{"rendered":"https:\/\/purecosmetics-shop.com\/accueil\/produit\/anua-retinol-0-3-niacin-renweing-serum\/"},"modified":"2025-03-28T17:53:45","modified_gmt":"2025-03-28T21:53:45","slug":"anua-retinol-0-3-niacin-renweing-serum","status":"publish","type":"product","link":"https:\/\/purecosmetics-shop.com\/accueil\/produit\/anua-retinol-0-3-niacin-renweing-serum\/","title":{"rendered":"RETINOL 0.3% + NIACIN RENWEING SERUM"},"content":{"rendered":"<p>Le s\u00e9rum r\u00e9novateur \u00e0 la niacine et au r\u00e9tinol nano \u00e0 0,3 % est con\u00e7u de mani\u00e8re experte pour am\u00e9liorer l&rsquo;\u00e9lasticit\u00e9 de la peau tout en unifiant votre teint. Ce s\u00e9rum avanc\u00e9 associe le r\u00e9tinol nano \u00e0 la niacinamide, offrant de puissants effets anti-\u00e2ge et anti-imperfections qui rajeuniront votre peau.<\/p>\n<h2>Des ingr\u00e9dients puissants pour une sant\u00e9 optimale<\/h2>\n<p>Avec un m\u00e9lange de c\u00e9ramides et de peptides, ce s\u00e9rum agit avec diligence pour renforcer la fonction barri\u00e8re de votre peau. Le r\u00e9sultat est une peau sensiblement plus saine, avec une apparence r\u00e9duite des pores et une texture globale am\u00e9lior\u00e9e.<\/p>\n<h2>Obtenez une peau radieuse<\/h2>\n<p>Incorporez le s\u00e9rum r\u00e9novateur \u00e0 la niacine et au r\u00e9tinol nano \u00e0 votre routine de soins de la peau pour lib\u00e9rer l&rsquo;\u00e9clat de la jeunesse et un renouvellement complet de la peau. Faites l&rsquo;exp\u00e9rience d&rsquo;une peau plus lisse et plus ferme qui refl\u00e8te votre vitalit\u00e9 int\u00e9rieure.<\/p>\n","protected":false},"excerpt":{"rendered":"<p>Le Nano Retinol 0.3% + Niacin Renewing Serum est con\u00e7u pour am\u00e9liorer l\u2019\u00e9lasticit\u00e9, uniformiser le teint, r\u00e9duire l\u2019apparence des pores.<br \/>\nIl associe le nano r\u00e9tinol \u00e0 la niacinamide pour offrir des effets anti-\u00e2ge et anti-blemish.<br \/>\nLa pr\u00e9sence de c\u00e9ramides et de peptides permet de renforcer la fonction barri\u00e8re de la peau et am\u00e9liorer la sant\u00e9 globale de la peau.<\/p>\n","protected":false},"featured_media":1481,"comment_status":"open","ping_status":"closed","template":"","meta":[],"product_brand":[155],"product_cat":[107,110,21],"product_tag":[],"class_list":{"0":"post-1345","1":"product","2":"type-product","3":"status-publish","4":"has-post-thumbnail","6":"product_brand-anua","7":"product_cat-anti-age-et-elasticite","8":"product_cat-anti-tache-et-hyperpigmentation","9":"product_cat-serum","11":"first","12":"outofstock","13":"shipping-taxable","14":"product-type-simple"},"yoast_head":"<!-- This site is optimized with the Yoast SEO plugin v27.4 - https:\/\/yoast.com\/product\/yoast-seo-wordpress\/ -->\n<title>RETINOL 0.3% + NIACIN RENWEING SERUM - Pure Cosmetics<\/title>\n<meta name=\"robots\" content=\"index, follow, max-snippet:-1, max-image-preview:large, max-video-preview:-1\" \/>\n<link rel=\"canonical\" href=\"https:\/\/purecosmetics-shop.com\/accueil\/produit\/anua-retinol-0-3-niacin-renweing-serum\/\" \/>\n<meta property=\"og:locale\" content=\"fr_FR\" \/>\n<meta property=\"og:type\" content=\"article\" \/>\n<meta property=\"og:title\" content=\"RETINOL 0.3% + NIACIN RENWEING SERUM - Pure Cosmetics\" \/>\n<meta property=\"og:description\" content=\"Le Nano Retinol 0.3% + Niacin Renewing Serum est con\u00e7u pour am\u00e9liorer l\u2019\u00e9lasticit\u00e9, uniformiser le teint, r\u00e9duire l\u2019apparence des pores. Il associe le nano r\u00e9tinol \u00e0 la niacinamide pour offrir des effets anti-\u00e2ge et anti-blemish. La pr\u00e9sence de c\u00e9ramides et de peptides permet de renforcer la fonction barri\u00e8re de la peau et am\u00e9liorer la sant\u00e9 globale de la peau.\" \/>\n<meta property=\"og:url\" content=\"https:\/\/purecosmetics-shop.com\/accueil\/produit\/anua-retinol-0-3-niacin-renweing-serum\/\" \/>\n<meta property=\"og:site_name\" content=\"Pure Cosmetics\" \/>\n<meta property=\"article:modified_time\" content=\"2025-03-28T21:53:45+00:00\" \/>\n<meta property=\"og:image\" content=\"https:\/\/purecosmetics-shop.com\/wp-content\/uploads\/2024\/10\/Nano-Retinol-0.3-Niacin-Renewing-Serum.webp\" \/>\n\t<meta property=\"og:image:width\" content=\"800\" \/>\n\t<meta property=\"og:image:height\" content=\"800\" \/>\n\t<meta property=\"og:image:type\" content=\"image\/webp\" \/>\n<meta name=\"twitter:card\" content=\"summary_large_image\" \/>\n<meta name=\"twitter:label1\" content=\"Dur\u00e9e de lecture estim\u00e9e\" \/>\n\t<meta name=\"twitter:data1\" content=\"1 minute\" \/>\n<script type=\"application\/ld+json\" class=\"yoast-schema-graph\">{\"@context\":\"https:\\\/\\\/schema.org\",\"@graph\":[{\"@type\":\"WebPage\",\"@id\":\"https:\\\/\\\/purecosmetics-shop.com\\\/accueil\\\/produit\\\/anua-retinol-0-3-niacin-renweing-serum\\\/\",\"url\":\"https:\\\/\\\/purecosmetics-shop.com\\\/accueil\\\/produit\\\/anua-retinol-0-3-niacin-renweing-serum\\\/\",\"name\":\"RETINOL 0.3% + NIACIN RENWEING SERUM - Pure Cosmetics\",\"isPartOf\":{\"@id\":\"https:\\\/\\\/purecosmetics-shop.com\\\/accueil\\\/#website\"},\"primaryImageOfPage\":{\"@id\":\"https:\\\/\\\/purecosmetics-shop.com\\\/accueil\\\/produit\\\/anua-retinol-0-3-niacin-renweing-serum\\\/#primaryimage\"},\"image\":{\"@id\":\"https:\\\/\\\/purecosmetics-shop.com\\\/accueil\\\/produit\\\/anua-retinol-0-3-niacin-renweing-serum\\\/#primaryimage\"},\"thumbnailUrl\":\"https:\\\/\\\/purecosmetics-shop.com\\\/wp-content\\\/uploads\\\/2024\\\/10\\\/Nano-Retinol-0.3-Niacin-Renewing-Serum.webp\",\"datePublished\":\"2024-10-16T17:12:59+00:00\",\"dateModified\":\"2025-03-28T21:53:45+00:00\",\"breadcrumb\":{\"@id\":\"https:\\\/\\\/purecosmetics-shop.com\\\/accueil\\\/produit\\\/anua-retinol-0-3-niacin-renweing-serum\\\/#breadcrumb\"},\"inLanguage\":\"fr-FR\",\"potentialAction\":[{\"@type\":\"ReadAction\",\"target\":[\"https:\\\/\\\/purecosmetics-shop.com\\\/accueil\\\/produit\\\/anua-retinol-0-3-niacin-renweing-serum\\\/\"]}]},{\"@type\":\"ImageObject\",\"inLanguage\":\"fr-FR\",\"@id\":\"https:\\\/\\\/purecosmetics-shop.com\\\/accueil\\\/produit\\\/anua-retinol-0-3-niacin-renweing-serum\\\/#primaryimage\",\"url\":\"https:\\\/\\\/purecosmetics-shop.com\\\/wp-content\\\/uploads\\\/2024\\\/10\\\/Nano-Retinol-0.3-Niacin-Renewing-Serum.webp\",\"contentUrl\":\"https:\\\/\\\/purecosmetics-shop.com\\\/wp-content\\\/uploads\\\/2024\\\/10\\\/Nano-Retinol-0.3-Niacin-Renewing-Serum.webp\",\"width\":800,\"height\":800},{\"@type\":\"BreadcrumbList\",\"@id\":\"https:\\\/\\\/purecosmetics-shop.com\\\/accueil\\\/produit\\\/anua-retinol-0-3-niacin-renweing-serum\\\/#breadcrumb\",\"itemListElement\":[{\"@type\":\"ListItem\",\"position\":1,\"name\":\"Accueil\",\"item\":\"https:\\\/\\\/purecosmetics-shop.com\\\/accueil\\\/\"},{\"@type\":\"ListItem\",\"position\":2,\"name\":\"NOUVEAUT\u00c9S\",\"item\":\"https:\\\/\\\/purecosmetics-shop.com\\\/accueil\\\/nouveautes\\\/\"},{\"@type\":\"ListItem\",\"position\":3,\"name\":\"RETINOL 0.3% + NIACIN RENWEING SERUM\"}]},{\"@type\":\"WebSite\",\"@id\":\"https:\\\/\\\/purecosmetics-shop.com\\\/accueil\\\/#website\",\"url\":\"https:\\\/\\\/purecosmetics-shop.com\\\/accueil\\\/\",\"name\":\"Pure Cosmetics\",\"description\":\"Skincare cor\u00e9enne et japonais\",\"publisher\":{\"@id\":\"https:\\\/\\\/purecosmetics-shop.com\\\/accueil\\\/#organization\"},\"potentialAction\":[{\"@type\":\"SearchAction\",\"target\":{\"@type\":\"EntryPoint\",\"urlTemplate\":\"https:\\\/\\\/purecosmetics-shop.com\\\/accueil\\\/?s={search_term_string}\"},\"query-input\":{\"@type\":\"PropertyValueSpecification\",\"valueRequired\":true,\"valueName\":\"search_term_string\"}}],\"inLanguage\":\"fr-FR\"},{\"@type\":\"Organization\",\"@id\":\"https:\\\/\\\/purecosmetics-shop.com\\\/accueil\\\/#organization\",\"name\":\"Pure Cosmetics\",\"url\":\"https:\\\/\\\/purecosmetics-shop.com\\\/accueil\\\/\",\"logo\":{\"@type\":\"ImageObject\",\"inLanguage\":\"fr-FR\",\"@id\":\"https:\\\/\\\/purecosmetics-shop.com\\\/accueil\\\/#\\\/schema\\\/logo\\\/image\\\/\",\"url\":\"https:\\\/\\\/purecosmetics-shop.com\\\/wp-content\\\/uploads\\\/2025\\\/04\\\/cropped-Pure-Cosmetics-black-2.png\",\"contentUrl\":\"https:\\\/\\\/purecosmetics-shop.com\\\/wp-content\\\/uploads\\\/2025\\\/04\\\/cropped-Pure-Cosmetics-black-2.png\",\"width\":2362,\"height\":2324,\"caption\":\"Pure Cosmetics\"},\"image\":{\"@id\":\"https:\\\/\\\/purecosmetics-shop.com\\\/accueil\\\/#\\\/schema\\\/logo\\\/image\\\/\"}}]}<\/script>\n<!-- \/ Yoast SEO plugin. -->","yoast_head_json":{"title":"RETINOL 0.3% + NIACIN RENWEING SERUM - Pure Cosmetics","robots":{"index":"index","follow":"follow","max-snippet":"max-snippet:-1","max-image-preview":"max-image-preview:large","max-video-preview":"max-video-preview:-1"},"canonical":"https:\/\/purecosmetics-shop.com\/accueil\/produit\/anua-retinol-0-3-niacin-renweing-serum\/","og_locale":"fr_FR","og_type":"article","og_title":"RETINOL 0.3% + NIACIN RENWEING SERUM - Pure Cosmetics","og_description":"Le Nano Retinol 0.3% + Niacin Renewing Serum est con\u00e7u pour am\u00e9liorer l\u2019\u00e9lasticit\u00e9, uniformiser le teint, r\u00e9duire l\u2019apparence des pores. Il associe le nano r\u00e9tinol \u00e0 la niacinamide pour offrir des effets anti-\u00e2ge et anti-blemish. La pr\u00e9sence de c\u00e9ramides et de peptides permet de renforcer la fonction barri\u00e8re de la peau et am\u00e9liorer la sant\u00e9 globale de la peau.","og_url":"https:\/\/purecosmetics-shop.com\/accueil\/produit\/anua-retinol-0-3-niacin-renweing-serum\/","og_site_name":"Pure Cosmetics","article_modified_time":"2025-03-28T21:53:45+00:00","og_image":[{"width":800,"height":800,"url":"https:\/\/purecosmetics-shop.com\/wp-content\/uploads\/2024\/10\/Nano-Retinol-0.3-Niacin-Renewing-Serum.webp","type":"image\/webp"}],"twitter_card":"summary_large_image","twitter_misc":{"Dur\u00e9e de lecture estim\u00e9e":"1 minute"},"schema":{"@context":"https:\/\/schema.org","@graph":[{"@type":"WebPage","@id":"https:\/\/purecosmetics-shop.com\/accueil\/produit\/anua-retinol-0-3-niacin-renweing-serum\/","url":"https:\/\/purecosmetics-shop.com\/accueil\/produit\/anua-retinol-0-3-niacin-renweing-serum\/","name":"RETINOL 0.3% + NIACIN RENWEING SERUM - Pure Cosmetics","isPartOf":{"@id":"https:\/\/purecosmetics-shop.com\/accueil\/#website"},"primaryImageOfPage":{"@id":"https:\/\/purecosmetics-shop.com\/accueil\/produit\/anua-retinol-0-3-niacin-renweing-serum\/#primaryimage"},"image":{"@id":"https:\/\/purecosmetics-shop.com\/accueil\/produit\/anua-retinol-0-3-niacin-renweing-serum\/#primaryimage"},"thumbnailUrl":"https:\/\/purecosmetics-shop.com\/wp-content\/uploads\/2024\/10\/Nano-Retinol-0.3-Niacin-Renewing-Serum.webp","datePublished":"2024-10-16T17:12:59+00:00","dateModified":"2025-03-28T21:53:45+00:00","breadcrumb":{"@id":"https:\/\/purecosmetics-shop.com\/accueil\/produit\/anua-retinol-0-3-niacin-renweing-serum\/#breadcrumb"},"inLanguage":"fr-FR","potentialAction":[{"@type":"ReadAction","target":["https:\/\/purecosmetics-shop.com\/accueil\/produit\/anua-retinol-0-3-niacin-renweing-serum\/"]}]},{"@type":"ImageObject","inLanguage":"fr-FR","@id":"https:\/\/purecosmetics-shop.com\/accueil\/produit\/anua-retinol-0-3-niacin-renweing-serum\/#primaryimage","url":"https:\/\/purecosmetics-shop.com\/wp-content\/uploads\/2024\/10\/Nano-Retinol-0.3-Niacin-Renewing-Serum.webp","contentUrl":"https:\/\/purecosmetics-shop.com\/wp-content\/uploads\/2024\/10\/Nano-Retinol-0.3-Niacin-Renewing-Serum.webp","width":800,"height":800},{"@type":"BreadcrumbList","@id":"https:\/\/purecosmetics-shop.com\/accueil\/produit\/anua-retinol-0-3-niacin-renweing-serum\/#breadcrumb","itemListElement":[{"@type":"ListItem","position":1,"name":"Accueil","item":"https:\/\/purecosmetics-shop.com\/accueil\/"},{"@type":"ListItem","position":2,"name":"NOUVEAUT\u00c9S","item":"https:\/\/purecosmetics-shop.com\/accueil\/nouveautes\/"},{"@type":"ListItem","position":3,"name":"RETINOL 0.3% + NIACIN RENWEING SERUM"}]},{"@type":"WebSite","@id":"https:\/\/purecosmetics-shop.com\/accueil\/#website","url":"https:\/\/purecosmetics-shop.com\/accueil\/","name":"Pure Cosmetics","description":"Skincare cor\u00e9enne et japonais","publisher":{"@id":"https:\/\/purecosmetics-shop.com\/accueil\/#organization"},"potentialAction":[{"@type":"SearchAction","target":{"@type":"EntryPoint","urlTemplate":"https:\/\/purecosmetics-shop.com\/accueil\/?s={search_term_string}"},"query-input":{"@type":"PropertyValueSpecification","valueRequired":true,"valueName":"search_term_string"}}],"inLanguage":"fr-FR"},{"@type":"Organization","@id":"https:\/\/purecosmetics-shop.com\/accueil\/#organization","name":"Pure Cosmetics","url":"https:\/\/purecosmetics-shop.com\/accueil\/","logo":{"@type":"ImageObject","inLanguage":"fr-FR","@id":"https:\/\/purecosmetics-shop.com\/accueil\/#\/schema\/logo\/image\/","url":"https:\/\/purecosmetics-shop.com\/wp-content\/uploads\/2025\/04\/cropped-Pure-Cosmetics-black-2.png","contentUrl":"https:\/\/purecosmetics-shop.com\/wp-content\/uploads\/2025\/04\/cropped-Pure-Cosmetics-black-2.png","width":2362,"height":2324,"caption":"Pure Cosmetics"},"image":{"@id":"https:\/\/purecosmetics-shop.com\/accueil\/#\/schema\/logo\/image\/"}}]}},"jetpack_sharing_enabled":true,"_links":{"self":[{"href":"https:\/\/purecosmetics-shop.com\/accueil\/wp-json\/wp\/v2\/product\/1345","targetHints":{"allow":["GET"]}}],"collection":[{"href":"https:\/\/purecosmetics-shop.com\/accueil\/wp-json\/wp\/v2\/product"}],"about":[{"href":"https:\/\/purecosmetics-shop.com\/accueil\/wp-json\/wp\/v2\/types\/product"}],"replies":[{"embeddable":true,"href":"https:\/\/purecosmetics-shop.com\/accueil\/wp-json\/wp\/v2\/comments?post=1345"}],"version-history":[{"count":3,"href":"https:\/\/purecosmetics-shop.com\/accueil\/wp-json\/wp\/v2\/product\/1345\/revisions"}],"predecessor-version":[{"id":1480,"href":"https:\/\/purecosmetics-shop.com\/accueil\/wp-json\/wp\/v2\/product\/1345\/revisions\/1480"}],"wp:featuredmedia":[{"embeddable":true,"href":"https:\/\/purecosmetics-shop.com\/accueil\/wp-json\/wp\/v2\/media\/1481"}],"wp:attachment":[{"href":"https:\/\/purecosmetics-shop.com\/accueil\/wp-json\/wp\/v2\/media?parent=1345"}],"wp:term":[{"taxonomy":"product_brand","embeddable":true,"href":"https:\/\/purecosmetics-shop.com\/accueil\/wp-json\/wp\/v2\/product_brand?post=1345"},{"taxonomy":"product_cat","embeddable":true,"href":"https:\/\/purecosmetics-shop.com\/accueil\/wp-json\/wp\/v2\/product_cat?post=1345"},{"taxonomy":"product_tag","embeddable":true,"href":"https:\/\/purecosmetics-shop.com\/accueil\/wp-json\/wp\/v2\/product_tag?post=1345"}],"curies":[{"name":"wp","href":"https:\/\/api.w.org\/{rel}","templated":true}]}}