{"id":1344,"date":"2024-10-16T13:12:59","date_gmt":"2024-10-16T17:12:59","guid":{"rendered":"https:\/\/purecosmetics-shop.com\/accueil\/produit\/dr-g-red-blemish-clear-soothing-cream\/"},"modified":"2025-03-28T17:53:45","modified_gmt":"2025-03-28T21:53:45","slug":"dr-g-red-blemish-clear-soothing-cream","status":"publish","type":"product","link":"https:\/\/purecosmetics-shop.com\/accueil\/produit\/dr-g-red-blemish-clear-soothing-cream\/","title":{"rendered":"Red Blemish Clear Soothing Cream"},"content":{"rendered":"<p>Cr\u00e8me apaisante et hydratante puissante. Relaxante et calmante pour les peaux sensibles.<\/p>\n<p>Une cr\u00e8me apaisante et hydratante qui calme les peaux irrit\u00e9es gr\u00e2ce au complexe 5-cica et aux ingr\u00e9dients d&rsquo;origine naturelle pour une peau sans imperfections.<\/p>\n<p>Une cr\u00e8me de r\u00e9cup\u00e9ration formul\u00e9e avec le complexe SICA (Mad\u00e9cassoside, acide mad\u00e9cassique, asiaticoside, acide asiatique et extrait de Centella Asiatica) pour hydrater les peaux sensibles. Avec une texture gel \u00e0 absorption rapide.<\/p>\n<p>Aide \u00e0 \u00e9claircir le teint, apaise instantan\u00e9ment les peaux sensibles avec un fini hydratant.<\/p>\n<p>Des particules ultrafines, plus petites que les pores, p\u00e9n\u00e8trent rapidement dans la peau jusqu&rsquo;\u00e0 la 10e couche de la couche corn\u00e9e et fournissent 100 heures d&rsquo;hydratation profonde longue dur\u00e9e.<\/p>\n<p>Une mise \u00e0 niveau douce avec l&rsquo;Eco-Cica exclusif du Dr.G, obtenu via une extraction douce utilisant un nouveau processus \u00e9cologique !<\/p>\n<p>Test\u00e9 pour les peaux \u00e0 tendance acn\u00e9ique et test\u00e9 contre les allergies pour garantir qu&rsquo;il est relaxant pour diff\u00e9rents types de peau.<\/p>\n","protected":false},"excerpt":{"rendered":"<p>La cr\u00e8me Dr.G Red Blemish Clear est une cr\u00e8me l\u00e9g\u00e8re enrichi du complexe 5-Cica afin de founir un effet apaisant puissant pour les peaux sensibles.<\/p>\n<p>Le niacinamide am\u00e9liore la texture de la peau et \u00e9claircit le teint, tandis que les ingr\u00e9dients hydratants am\u00e9liorent les niveaux de fatigue et d\u2019hydratation. La formule p\u00e9n\u00e8tre rapidement sans laisser de r\u00e9sidu collant gr\u00e2ce \u00e0 sa texture gel.<\/p>\n","protected":false},"featured_media":1651,"comment_status":"open","ping_status":"closed","template":"","meta":[],"product_brand":[151],"product_cat":[108,109,25,112,115,116,117],"product_tag":[],"class_list":{"0":"post-1344","1":"product","2":"type-product","3":"status-publish","4":"has-post-thumbnail","6":"product_brand-dr-g","7":"product_cat-anti-imperfections-et-pores","8":"product_cat-anti-rougeurs-et-irritations","9":"product_cat-creme-visage","10":"product_cat-hydratation","11":"product_cat-peau-grasse","12":"product_cat-peau-mixte","13":"product_cat-peau-normale","15":"first","16":"outofstock","17":"shipping-taxable","18":"product-type-simple"},"yoast_head":"<!-- This site is optimized with the Yoast SEO plugin v27.4 - https:\/\/yoast.com\/product\/yoast-seo-wordpress\/ -->\n<title>Red Blemish Clear Soothing Cream - Pure Cosmetics<\/title>\n<meta name=\"robots\" content=\"index, follow, max-snippet:-1, max-image-preview:large, max-video-preview:-1\" \/>\n<link rel=\"canonical\" href=\"https:\/\/purecosmetics-shop.com\/accueil\/produit\/dr-g-red-blemish-clear-soothing-cream\/\" \/>\n<meta property=\"og:locale\" content=\"fr_FR\" \/>\n<meta property=\"og:type\" content=\"article\" \/>\n<meta property=\"og:title\" content=\"Red Blemish Clear Soothing Cream - Pure Cosmetics\" \/>\n<meta property=\"og:description\" content=\"La cr\u00e8me Dr.G Red Blemish Clear est une cr\u00e8me l\u00e9g\u00e8re enrichi du complexe 5-Cica afin de founir un effet apaisant puissant pour les peaux sensibles.  Le niacinamide am\u00e9liore la texture de la peau et \u00e9claircit le teint, tandis que les ingr\u00e9dients hydratants am\u00e9liorent les niveaux de fatigue et d\u2019hydratation. La formule p\u00e9n\u00e8tre rapidement sans laisser de r\u00e9sidu collant gr\u00e2ce \u00e0 sa texture gel.\" \/>\n<meta property=\"og:url\" content=\"https:\/\/purecosmetics-shop.com\/accueil\/produit\/dr-g-red-blemish-clear-soothing-cream\/\" \/>\n<meta property=\"og:site_name\" content=\"Pure Cosmetics\" \/>\n<meta property=\"article:modified_time\" content=\"2025-03-28T21:53:45+00:00\" \/>\n<meta property=\"og:image\" content=\"https:\/\/purecosmetics-shop.com\/wp-content\/uploads\/2024\/10\/Red-Blemish-Clear-Soothing-Cream-.jpeg\" \/>\n\t<meta property=\"og:image:width\" content=\"1200\" \/>\n\t<meta property=\"og:image:height\" content=\"1200\" \/>\n\t<meta property=\"og:image:type\" content=\"image\/jpeg\" \/>\n<meta name=\"twitter:card\" content=\"summary_large_image\" \/>\n<meta name=\"twitter:label1\" content=\"Dur\u00e9e de lecture estim\u00e9e\" \/>\n\t<meta name=\"twitter:data1\" content=\"1 minute\" \/>\n<script type=\"application\/ld+json\" class=\"yoast-schema-graph\">{\"@context\":\"https:\\\/\\\/schema.org\",\"@graph\":[{\"@type\":\"WebPage\",\"@id\":\"https:\\\/\\\/purecosmetics-shop.com\\\/accueil\\\/produit\\\/dr-g-red-blemish-clear-soothing-cream\\\/\",\"url\":\"https:\\\/\\\/purecosmetics-shop.com\\\/accueil\\\/produit\\\/dr-g-red-blemish-clear-soothing-cream\\\/\",\"name\":\"Red Blemish Clear Soothing Cream - Pure Cosmetics\",\"isPartOf\":{\"@id\":\"https:\\\/\\\/purecosmetics-shop.com\\\/accueil\\\/#website\"},\"primaryImageOfPage\":{\"@id\":\"https:\\\/\\\/purecosmetics-shop.com\\\/accueil\\\/produit\\\/dr-g-red-blemish-clear-soothing-cream\\\/#primaryimage\"},\"image\":{\"@id\":\"https:\\\/\\\/purecosmetics-shop.com\\\/accueil\\\/produit\\\/dr-g-red-blemish-clear-soothing-cream\\\/#primaryimage\"},\"thumbnailUrl\":\"https:\\\/\\\/purecosmetics-shop.com\\\/wp-content\\\/uploads\\\/2024\\\/10\\\/Red-Blemish-Clear-Soothing-Cream-.jpeg\",\"datePublished\":\"2024-10-16T17:12:59+00:00\",\"dateModified\":\"2025-03-28T21:53:45+00:00\",\"breadcrumb\":{\"@id\":\"https:\\\/\\\/purecosmetics-shop.com\\\/accueil\\\/produit\\\/dr-g-red-blemish-clear-soothing-cream\\\/#breadcrumb\"},\"inLanguage\":\"fr-FR\",\"potentialAction\":[{\"@type\":\"ReadAction\",\"target\":[\"https:\\\/\\\/purecosmetics-shop.com\\\/accueil\\\/produit\\\/dr-g-red-blemish-clear-soothing-cream\\\/\"]}]},{\"@type\":\"ImageObject\",\"inLanguage\":\"fr-FR\",\"@id\":\"https:\\\/\\\/purecosmetics-shop.com\\\/accueil\\\/produit\\\/dr-g-red-blemish-clear-soothing-cream\\\/#primaryimage\",\"url\":\"https:\\\/\\\/purecosmetics-shop.com\\\/wp-content\\\/uploads\\\/2024\\\/10\\\/Red-Blemish-Clear-Soothing-Cream-.jpeg\",\"contentUrl\":\"https:\\\/\\\/purecosmetics-shop.com\\\/wp-content\\\/uploads\\\/2024\\\/10\\\/Red-Blemish-Clear-Soothing-Cream-.jpeg\",\"width\":1200,\"height\":1200},{\"@type\":\"BreadcrumbList\",\"@id\":\"https:\\\/\\\/purecosmetics-shop.com\\\/accueil\\\/produit\\\/dr-g-red-blemish-clear-soothing-cream\\\/#breadcrumb\",\"itemListElement\":[{\"@type\":\"ListItem\",\"position\":1,\"name\":\"Accueil\",\"item\":\"https:\\\/\\\/purecosmetics-shop.com\\\/accueil\\\/\"},{\"@type\":\"ListItem\",\"position\":2,\"name\":\"NOUVEAUT\u00c9S\",\"item\":\"https:\\\/\\\/purecosmetics-shop.com\\\/accueil\\\/nouveautes\\\/\"},{\"@type\":\"ListItem\",\"position\":3,\"name\":\"Red Blemish Clear Soothing Cream\"}]},{\"@type\":\"WebSite\",\"@id\":\"https:\\\/\\\/purecosmetics-shop.com\\\/accueil\\\/#website\",\"url\":\"https:\\\/\\\/purecosmetics-shop.com\\\/accueil\\\/\",\"name\":\"Pure Cosmetics\",\"description\":\"Skincare cor\u00e9enne et japonais\",\"publisher\":{\"@id\":\"https:\\\/\\\/purecosmetics-shop.com\\\/accueil\\\/#organization\"},\"potentialAction\":[{\"@type\":\"SearchAction\",\"target\":{\"@type\":\"EntryPoint\",\"urlTemplate\":\"https:\\\/\\\/purecosmetics-shop.com\\\/accueil\\\/?s={search_term_string}\"},\"query-input\":{\"@type\":\"PropertyValueSpecification\",\"valueRequired\":true,\"valueName\":\"search_term_string\"}}],\"inLanguage\":\"fr-FR\"},{\"@type\":\"Organization\",\"@id\":\"https:\\\/\\\/purecosmetics-shop.com\\\/accueil\\\/#organization\",\"name\":\"Pure Cosmetics\",\"url\":\"https:\\\/\\\/purecosmetics-shop.com\\\/accueil\\\/\",\"logo\":{\"@type\":\"ImageObject\",\"inLanguage\":\"fr-FR\",\"@id\":\"https:\\\/\\\/purecosmetics-shop.com\\\/accueil\\\/#\\\/schema\\\/logo\\\/image\\\/\",\"url\":\"https:\\\/\\\/purecosmetics-shop.com\\\/wp-content\\\/uploads\\\/2025\\\/04\\\/cropped-Pure-Cosmetics-black-2.png\",\"contentUrl\":\"https:\\\/\\\/purecosmetics-shop.com\\\/wp-content\\\/uploads\\\/2025\\\/04\\\/cropped-Pure-Cosmetics-black-2.png\",\"width\":2362,\"height\":2324,\"caption\":\"Pure Cosmetics\"},\"image\":{\"@id\":\"https:\\\/\\\/purecosmetics-shop.com\\\/accueil\\\/#\\\/schema\\\/logo\\\/image\\\/\"}}]}<\/script>\n<!-- \/ Yoast SEO plugin. -->","yoast_head_json":{"title":"Red Blemish Clear Soothing Cream - Pure Cosmetics","robots":{"index":"index","follow":"follow","max-snippet":"max-snippet:-1","max-image-preview":"max-image-preview:large","max-video-preview":"max-video-preview:-1"},"canonical":"https:\/\/purecosmetics-shop.com\/accueil\/produit\/dr-g-red-blemish-clear-soothing-cream\/","og_locale":"fr_FR","og_type":"article","og_title":"Red Blemish Clear Soothing Cream - Pure Cosmetics","og_description":"La cr\u00e8me Dr.G Red Blemish Clear est une cr\u00e8me l\u00e9g\u00e8re enrichi du complexe 5-Cica afin de founir un effet apaisant puissant pour les peaux sensibles.  Le niacinamide am\u00e9liore la texture de la peau et \u00e9claircit le teint, tandis que les ingr\u00e9dients hydratants am\u00e9liorent les niveaux de fatigue et d\u2019hydratation. La formule p\u00e9n\u00e8tre rapidement sans laisser de r\u00e9sidu collant gr\u00e2ce \u00e0 sa texture gel.","og_url":"https:\/\/purecosmetics-shop.com\/accueil\/produit\/dr-g-red-blemish-clear-soothing-cream\/","og_site_name":"Pure Cosmetics","article_modified_time":"2025-03-28T21:53:45+00:00","og_image":[{"width":1200,"height":1200,"url":"https:\/\/purecosmetics-shop.com\/wp-content\/uploads\/2024\/10\/Red-Blemish-Clear-Soothing-Cream-.jpeg","type":"image\/jpeg"}],"twitter_card":"summary_large_image","twitter_misc":{"Dur\u00e9e de lecture estim\u00e9e":"1 minute"},"schema":{"@context":"https:\/\/schema.org","@graph":[{"@type":"WebPage","@id":"https:\/\/purecosmetics-shop.com\/accueil\/produit\/dr-g-red-blemish-clear-soothing-cream\/","url":"https:\/\/purecosmetics-shop.com\/accueil\/produit\/dr-g-red-blemish-clear-soothing-cream\/","name":"Red Blemish Clear Soothing Cream - Pure Cosmetics","isPartOf":{"@id":"https:\/\/purecosmetics-shop.com\/accueil\/#website"},"primaryImageOfPage":{"@id":"https:\/\/purecosmetics-shop.com\/accueil\/produit\/dr-g-red-blemish-clear-soothing-cream\/#primaryimage"},"image":{"@id":"https:\/\/purecosmetics-shop.com\/accueil\/produit\/dr-g-red-blemish-clear-soothing-cream\/#primaryimage"},"thumbnailUrl":"https:\/\/purecosmetics-shop.com\/wp-content\/uploads\/2024\/10\/Red-Blemish-Clear-Soothing-Cream-.jpeg","datePublished":"2024-10-16T17:12:59+00:00","dateModified":"2025-03-28T21:53:45+00:00","breadcrumb":{"@id":"https:\/\/purecosmetics-shop.com\/accueil\/produit\/dr-g-red-blemish-clear-soothing-cream\/#breadcrumb"},"inLanguage":"fr-FR","potentialAction":[{"@type":"ReadAction","target":["https:\/\/purecosmetics-shop.com\/accueil\/produit\/dr-g-red-blemish-clear-soothing-cream\/"]}]},{"@type":"ImageObject","inLanguage":"fr-FR","@id":"https:\/\/purecosmetics-shop.com\/accueil\/produit\/dr-g-red-blemish-clear-soothing-cream\/#primaryimage","url":"https:\/\/purecosmetics-shop.com\/wp-content\/uploads\/2024\/10\/Red-Blemish-Clear-Soothing-Cream-.jpeg","contentUrl":"https:\/\/purecosmetics-shop.com\/wp-content\/uploads\/2024\/10\/Red-Blemish-Clear-Soothing-Cream-.jpeg","width":1200,"height":1200},{"@type":"BreadcrumbList","@id":"https:\/\/purecosmetics-shop.com\/accueil\/produit\/dr-g-red-blemish-clear-soothing-cream\/#breadcrumb","itemListElement":[{"@type":"ListItem","position":1,"name":"Accueil","item":"https:\/\/purecosmetics-shop.com\/accueil\/"},{"@type":"ListItem","position":2,"name":"NOUVEAUT\u00c9S","item":"https:\/\/purecosmetics-shop.com\/accueil\/nouveautes\/"},{"@type":"ListItem","position":3,"name":"Red Blemish Clear Soothing Cream"}]},{"@type":"WebSite","@id":"https:\/\/purecosmetics-shop.com\/accueil\/#website","url":"https:\/\/purecosmetics-shop.com\/accueil\/","name":"Pure Cosmetics","description":"Skincare cor\u00e9enne et japonais","publisher":{"@id":"https:\/\/purecosmetics-shop.com\/accueil\/#organization"},"potentialAction":[{"@type":"SearchAction","target":{"@type":"EntryPoint","urlTemplate":"https:\/\/purecosmetics-shop.com\/accueil\/?s={search_term_string}"},"query-input":{"@type":"PropertyValueSpecification","valueRequired":true,"valueName":"search_term_string"}}],"inLanguage":"fr-FR"},{"@type":"Organization","@id":"https:\/\/purecosmetics-shop.com\/accueil\/#organization","name":"Pure Cosmetics","url":"https:\/\/purecosmetics-shop.com\/accueil\/","logo":{"@type":"ImageObject","inLanguage":"fr-FR","@id":"https:\/\/purecosmetics-shop.com\/accueil\/#\/schema\/logo\/image\/","url":"https:\/\/purecosmetics-shop.com\/wp-content\/uploads\/2025\/04\/cropped-Pure-Cosmetics-black-2.png","contentUrl":"https:\/\/purecosmetics-shop.com\/wp-content\/uploads\/2025\/04\/cropped-Pure-Cosmetics-black-2.png","width":2362,"height":2324,"caption":"Pure Cosmetics"},"image":{"@id":"https:\/\/purecosmetics-shop.com\/accueil\/#\/schema\/logo\/image\/"}}]}},"jetpack_sharing_enabled":true,"_links":{"self":[{"href":"https:\/\/purecosmetics-shop.com\/accueil\/wp-json\/wp\/v2\/product\/1344","targetHints":{"allow":["GET"]}}],"collection":[{"href":"https:\/\/purecosmetics-shop.com\/accueil\/wp-json\/wp\/v2\/product"}],"about":[{"href":"https:\/\/purecosmetics-shop.com\/accueil\/wp-json\/wp\/v2\/types\/product"}],"replies":[{"embeddable":true,"href":"https:\/\/purecosmetics-shop.com\/accueil\/wp-json\/wp\/v2\/comments?post=1344"}],"version-history":[{"count":3,"href":"https:\/\/purecosmetics-shop.com\/accueil\/wp-json\/wp\/v2\/product\/1344\/revisions"}],"predecessor-version":[{"id":2621,"href":"https:\/\/purecosmetics-shop.com\/accueil\/wp-json\/wp\/v2\/product\/1344\/revisions\/2621"}],"wp:featuredmedia":[{"embeddable":true,"href":"https:\/\/purecosmetics-shop.com\/accueil\/wp-json\/wp\/v2\/media\/1651"}],"wp:attachment":[{"href":"https:\/\/purecosmetics-shop.com\/accueil\/wp-json\/wp\/v2\/media?parent=1344"}],"wp:term":[{"taxonomy":"product_brand","embeddable":true,"href":"https:\/\/purecosmetics-shop.com\/accueil\/wp-json\/wp\/v2\/product_brand?post=1344"},{"taxonomy":"product_cat","embeddable":true,"href":"https:\/\/purecosmetics-shop.com\/accueil\/wp-json\/wp\/v2\/product_cat?post=1344"},{"taxonomy":"product_tag","embeddable":true,"href":"https:\/\/purecosmetics-shop.com\/accueil\/wp-json\/wp\/v2\/product_tag?post=1344"}],"curies":[{"name":"wp","href":"https:\/\/api.w.org\/{rel}","templated":true}]}}