{"id":1341,"date":"2024-10-16T13:12:58","date_gmt":"2024-10-16T17:12:58","guid":{"rendered":"https:\/\/purecosmetics-shop.com\/accueil\/produit\/anua-8-hyaluronic-acid-hydrating-gentle-foaming-cleanser\/"},"modified":"2026-04-17T04:23:25","modified_gmt":"2026-04-17T08:23:25","slug":"anua-8-hyaluronic-acid-hydrating-gentle-foaming-cleanser","status":"publish","type":"product","link":"https:\/\/purecosmetics-shop.com\/accueil\/produit\/anua-8-hyaluronic-acid-hydrating-gentle-foaming-cleanser\/","title":{"rendered":"8 HYALURONIC ACID HYDRATING GENTLE FOAMING CLEANSER"},"content":{"rendered":"<p>Formul\u00e9 avec 8 types d&rsquo;acide hyaluronique, ce nettoyant cr\u00e8me-mousse hydrate efficacement tout en purifiant ta peau, la laissant rafra\u00eechie et souple.<\/p>\n<p>Infus\u00e9 de panth\u00e9nol pour renforcer la barri\u00e8re cutan\u00e9e et de prot\u00e9ines v\u00e9g\u00e9tales hydrolys\u00e9es pour stimuler l&rsquo;\u00e9lasticit\u00e9, il garantit que ta peau reste souple et lisse. Le zinc PCA aide \u00e0 r\u00e9guler la production de s\u00e9bum et \u00e0 r\u00e9duire les rougeurs, ce qui le rend parfait pour maintenir un teint \u00e9quilibr\u00e9.<\/p>\n<h2>Avantages<\/h2>\n<p>Finition hydratante et non dess\u00e9chant, \u00e9quilibrant la production de s\u00e9bum<\/p>\n<h2>Texture<\/h2>\n<p>Mousse l\u00e9g\u00e8re<\/p>\n<h2>R\u00e9sultats des tests<\/h2>\n<p>&#8211; Augmente les niveaux d&rsquo;humidit\u00e9 jusqu&rsquo;\u00e0 72,95 % apr\u00e8s 48 heures.<\/p>\n<p>&#8211; Nettoie l&rsquo;exc\u00e8s de s\u00e9bum et la cr\u00e8me solaire de 89,07 % apr\u00e8s une seule utilisation<\/p>\n<p>&nbsp;<\/p>\n","protected":false},"excerpt":{"rendered":"<p>Un nettoyant moussant doux con\u00e7u pour nettoyer en profondeur tout en hydratant la peau.<\/p>\n","protected":false},"featured_media":1403,"comment_status":"open","ping_status":"closed","template":"","meta":[],"product_brand":[155],"product_cat":[112,18,116,117,118,119],"product_tag":[],"class_list":{"0":"post-1341","1":"product","2":"type-product","3":"status-publish","4":"has-post-thumbnail","6":"product_brand-anua","7":"product_cat-hydratation","8":"product_cat-nettoyant-visage","9":"product_cat-peau-mixte","10":"product_cat-peau-normale","11":"product_cat-peau-seche","12":"product_cat-peau-sensible","14":"first","15":"instock","16":"shipping-taxable","17":"purchasable","18":"product-type-simple"},"yoast_head":"<!-- This site is optimized with the Yoast SEO plugin v27.4 - https:\/\/yoast.com\/product\/yoast-seo-wordpress\/ -->\n<title>8 HYALURONIC ACID HYDRATING GENTLE FOAMING CLEANSER - Pure Cosmetics<\/title>\n<meta name=\"robots\" content=\"index, follow, max-snippet:-1, max-image-preview:large, max-video-preview:-1\" \/>\n<link rel=\"canonical\" href=\"https:\/\/purecosmetics-shop.com\/accueil\/produit\/anua-8-hyaluronic-acid-hydrating-gentle-foaming-cleanser\/\" \/>\n<meta property=\"og:locale\" content=\"fr_FR\" \/>\n<meta property=\"og:type\" content=\"article\" \/>\n<meta property=\"og:title\" content=\"8 HYALURONIC ACID HYDRATING GENTLE FOAMING CLEANSER - Pure Cosmetics\" \/>\n<meta property=\"og:description\" content=\"Un nettoyant moussant doux con\u00e7u pour nettoyer en profondeur tout en hydratant la peau.\" \/>\n<meta property=\"og:url\" content=\"https:\/\/purecosmetics-shop.com\/accueil\/produit\/anua-8-hyaluronic-acid-hydrating-gentle-foaming-cleanser\/\" \/>\n<meta property=\"og:site_name\" content=\"Pure Cosmetics\" \/>\n<meta property=\"article:modified_time\" content=\"2026-04-17T08:23:25+00:00\" \/>\n<meta property=\"og:image\" content=\"https:\/\/purecosmetics-shop.com\/wp-content\/uploads\/2024\/10\/8-Hyaluronic-Acid-Foaming-Cleanser.webp\" \/>\n\t<meta property=\"og:image:width\" content=\"800\" \/>\n\t<meta property=\"og:image:height\" content=\"800\" \/>\n\t<meta property=\"og:image:type\" content=\"image\/webp\" \/>\n<meta name=\"twitter:card\" content=\"summary_large_image\" \/>\n<meta name=\"twitter:label1\" content=\"Dur\u00e9e de lecture estim\u00e9e\" \/>\n\t<meta name=\"twitter:data1\" content=\"1 minute\" \/>\n<script type=\"application\/ld+json\" class=\"yoast-schema-graph\">{\"@context\":\"https:\\\/\\\/schema.org\",\"@graph\":[{\"@type\":\"WebPage\",\"@id\":\"https:\\\/\\\/purecosmetics-shop.com\\\/accueil\\\/produit\\\/anua-8-hyaluronic-acid-hydrating-gentle-foaming-cleanser\\\/\",\"url\":\"https:\\\/\\\/purecosmetics-shop.com\\\/accueil\\\/produit\\\/anua-8-hyaluronic-acid-hydrating-gentle-foaming-cleanser\\\/\",\"name\":\"8 HYALURONIC ACID HYDRATING GENTLE FOAMING CLEANSER - Pure Cosmetics\",\"isPartOf\":{\"@id\":\"https:\\\/\\\/purecosmetics-shop.com\\\/accueil\\\/#website\"},\"primaryImageOfPage\":{\"@id\":\"https:\\\/\\\/purecosmetics-shop.com\\\/accueil\\\/produit\\\/anua-8-hyaluronic-acid-hydrating-gentle-foaming-cleanser\\\/#primaryimage\"},\"image\":{\"@id\":\"https:\\\/\\\/purecosmetics-shop.com\\\/accueil\\\/produit\\\/anua-8-hyaluronic-acid-hydrating-gentle-foaming-cleanser\\\/#primaryimage\"},\"thumbnailUrl\":\"https:\\\/\\\/purecosmetics-shop.com\\\/wp-content\\\/uploads\\\/2024\\\/10\\\/8-Hyaluronic-Acid-Foaming-Cleanser.webp\",\"datePublished\":\"2024-10-16T17:12:58+00:00\",\"dateModified\":\"2026-04-17T08:23:25+00:00\",\"breadcrumb\":{\"@id\":\"https:\\\/\\\/purecosmetics-shop.com\\\/accueil\\\/produit\\\/anua-8-hyaluronic-acid-hydrating-gentle-foaming-cleanser\\\/#breadcrumb\"},\"inLanguage\":\"fr-FR\",\"potentialAction\":[{\"@type\":\"ReadAction\",\"target\":[\"https:\\\/\\\/purecosmetics-shop.com\\\/accueil\\\/produit\\\/anua-8-hyaluronic-acid-hydrating-gentle-foaming-cleanser\\\/\"]}]},{\"@type\":\"ImageObject\",\"inLanguage\":\"fr-FR\",\"@id\":\"https:\\\/\\\/purecosmetics-shop.com\\\/accueil\\\/produit\\\/anua-8-hyaluronic-acid-hydrating-gentle-foaming-cleanser\\\/#primaryimage\",\"url\":\"https:\\\/\\\/purecosmetics-shop.com\\\/wp-content\\\/uploads\\\/2024\\\/10\\\/8-Hyaluronic-Acid-Foaming-Cleanser.webp\",\"contentUrl\":\"https:\\\/\\\/purecosmetics-shop.com\\\/wp-content\\\/uploads\\\/2024\\\/10\\\/8-Hyaluronic-Acid-Foaming-Cleanser.webp\",\"width\":800,\"height\":800},{\"@type\":\"BreadcrumbList\",\"@id\":\"https:\\\/\\\/purecosmetics-shop.com\\\/accueil\\\/produit\\\/anua-8-hyaluronic-acid-hydrating-gentle-foaming-cleanser\\\/#breadcrumb\",\"itemListElement\":[{\"@type\":\"ListItem\",\"position\":1,\"name\":\"Accueil\",\"item\":\"https:\\\/\\\/purecosmetics-shop.com\\\/accueil\\\/\"},{\"@type\":\"ListItem\",\"position\":2,\"name\":\"NOUVEAUT\u00c9S\",\"item\":\"https:\\\/\\\/purecosmetics-shop.com\\\/accueil\\\/nouveautes\\\/\"},{\"@type\":\"ListItem\",\"position\":3,\"name\":\"8 HYALURONIC ACID HYDRATING GENTLE FOAMING CLEANSER\"}]},{\"@type\":\"WebSite\",\"@id\":\"https:\\\/\\\/purecosmetics-shop.com\\\/accueil\\\/#website\",\"url\":\"https:\\\/\\\/purecosmetics-shop.com\\\/accueil\\\/\",\"name\":\"Pure Cosmetics\",\"description\":\"Skincare cor\u00e9enne et japonais\",\"publisher\":{\"@id\":\"https:\\\/\\\/purecosmetics-shop.com\\\/accueil\\\/#organization\"},\"potentialAction\":[{\"@type\":\"SearchAction\",\"target\":{\"@type\":\"EntryPoint\",\"urlTemplate\":\"https:\\\/\\\/purecosmetics-shop.com\\\/accueil\\\/?s={search_term_string}\"},\"query-input\":{\"@type\":\"PropertyValueSpecification\",\"valueRequired\":true,\"valueName\":\"search_term_string\"}}],\"inLanguage\":\"fr-FR\"},{\"@type\":\"Organization\",\"@id\":\"https:\\\/\\\/purecosmetics-shop.com\\\/accueil\\\/#organization\",\"name\":\"Pure Cosmetics\",\"url\":\"https:\\\/\\\/purecosmetics-shop.com\\\/accueil\\\/\",\"logo\":{\"@type\":\"ImageObject\",\"inLanguage\":\"fr-FR\",\"@id\":\"https:\\\/\\\/purecosmetics-shop.com\\\/accueil\\\/#\\\/schema\\\/logo\\\/image\\\/\",\"url\":\"https:\\\/\\\/purecosmetics-shop.com\\\/wp-content\\\/uploads\\\/2025\\\/04\\\/cropped-Pure-Cosmetics-black-2.png\",\"contentUrl\":\"https:\\\/\\\/purecosmetics-shop.com\\\/wp-content\\\/uploads\\\/2025\\\/04\\\/cropped-Pure-Cosmetics-black-2.png\",\"width\":2362,\"height\":2324,\"caption\":\"Pure Cosmetics\"},\"image\":{\"@id\":\"https:\\\/\\\/purecosmetics-shop.com\\\/accueil\\\/#\\\/schema\\\/logo\\\/image\\\/\"}}]}<\/script>\n<!-- \/ Yoast SEO plugin. -->","yoast_head_json":{"title":"8 HYALURONIC ACID HYDRATING GENTLE FOAMING CLEANSER - Pure Cosmetics","robots":{"index":"index","follow":"follow","max-snippet":"max-snippet:-1","max-image-preview":"max-image-preview:large","max-video-preview":"max-video-preview:-1"},"canonical":"https:\/\/purecosmetics-shop.com\/accueil\/produit\/anua-8-hyaluronic-acid-hydrating-gentle-foaming-cleanser\/","og_locale":"fr_FR","og_type":"article","og_title":"8 HYALURONIC ACID HYDRATING GENTLE FOAMING CLEANSER - Pure Cosmetics","og_description":"Un nettoyant moussant doux con\u00e7u pour nettoyer en profondeur tout en hydratant la peau.","og_url":"https:\/\/purecosmetics-shop.com\/accueil\/produit\/anua-8-hyaluronic-acid-hydrating-gentle-foaming-cleanser\/","og_site_name":"Pure Cosmetics","article_modified_time":"2026-04-17T08:23:25+00:00","og_image":[{"width":800,"height":800,"url":"https:\/\/purecosmetics-shop.com\/wp-content\/uploads\/2024\/10\/8-Hyaluronic-Acid-Foaming-Cleanser.webp","type":"image\/webp"}],"twitter_card":"summary_large_image","twitter_misc":{"Dur\u00e9e de lecture estim\u00e9e":"1 minute"},"schema":{"@context":"https:\/\/schema.org","@graph":[{"@type":"WebPage","@id":"https:\/\/purecosmetics-shop.com\/accueil\/produit\/anua-8-hyaluronic-acid-hydrating-gentle-foaming-cleanser\/","url":"https:\/\/purecosmetics-shop.com\/accueil\/produit\/anua-8-hyaluronic-acid-hydrating-gentle-foaming-cleanser\/","name":"8 HYALURONIC ACID HYDRATING GENTLE FOAMING CLEANSER - Pure Cosmetics","isPartOf":{"@id":"https:\/\/purecosmetics-shop.com\/accueil\/#website"},"primaryImageOfPage":{"@id":"https:\/\/purecosmetics-shop.com\/accueil\/produit\/anua-8-hyaluronic-acid-hydrating-gentle-foaming-cleanser\/#primaryimage"},"image":{"@id":"https:\/\/purecosmetics-shop.com\/accueil\/produit\/anua-8-hyaluronic-acid-hydrating-gentle-foaming-cleanser\/#primaryimage"},"thumbnailUrl":"https:\/\/purecosmetics-shop.com\/wp-content\/uploads\/2024\/10\/8-Hyaluronic-Acid-Foaming-Cleanser.webp","datePublished":"2024-10-16T17:12:58+00:00","dateModified":"2026-04-17T08:23:25+00:00","breadcrumb":{"@id":"https:\/\/purecosmetics-shop.com\/accueil\/produit\/anua-8-hyaluronic-acid-hydrating-gentle-foaming-cleanser\/#breadcrumb"},"inLanguage":"fr-FR","potentialAction":[{"@type":"ReadAction","target":["https:\/\/purecosmetics-shop.com\/accueil\/produit\/anua-8-hyaluronic-acid-hydrating-gentle-foaming-cleanser\/"]}]},{"@type":"ImageObject","inLanguage":"fr-FR","@id":"https:\/\/purecosmetics-shop.com\/accueil\/produit\/anua-8-hyaluronic-acid-hydrating-gentle-foaming-cleanser\/#primaryimage","url":"https:\/\/purecosmetics-shop.com\/wp-content\/uploads\/2024\/10\/8-Hyaluronic-Acid-Foaming-Cleanser.webp","contentUrl":"https:\/\/purecosmetics-shop.com\/wp-content\/uploads\/2024\/10\/8-Hyaluronic-Acid-Foaming-Cleanser.webp","width":800,"height":800},{"@type":"BreadcrumbList","@id":"https:\/\/purecosmetics-shop.com\/accueil\/produit\/anua-8-hyaluronic-acid-hydrating-gentle-foaming-cleanser\/#breadcrumb","itemListElement":[{"@type":"ListItem","position":1,"name":"Accueil","item":"https:\/\/purecosmetics-shop.com\/accueil\/"},{"@type":"ListItem","position":2,"name":"NOUVEAUT\u00c9S","item":"https:\/\/purecosmetics-shop.com\/accueil\/nouveautes\/"},{"@type":"ListItem","position":3,"name":"8 HYALURONIC ACID HYDRATING GENTLE FOAMING CLEANSER"}]},{"@type":"WebSite","@id":"https:\/\/purecosmetics-shop.com\/accueil\/#website","url":"https:\/\/purecosmetics-shop.com\/accueil\/","name":"Pure Cosmetics","description":"Skincare cor\u00e9enne et japonais","publisher":{"@id":"https:\/\/purecosmetics-shop.com\/accueil\/#organization"},"potentialAction":[{"@type":"SearchAction","target":{"@type":"EntryPoint","urlTemplate":"https:\/\/purecosmetics-shop.com\/accueil\/?s={search_term_string}"},"query-input":{"@type":"PropertyValueSpecification","valueRequired":true,"valueName":"search_term_string"}}],"inLanguage":"fr-FR"},{"@type":"Organization","@id":"https:\/\/purecosmetics-shop.com\/accueil\/#organization","name":"Pure Cosmetics","url":"https:\/\/purecosmetics-shop.com\/accueil\/","logo":{"@type":"ImageObject","inLanguage":"fr-FR","@id":"https:\/\/purecosmetics-shop.com\/accueil\/#\/schema\/logo\/image\/","url":"https:\/\/purecosmetics-shop.com\/wp-content\/uploads\/2025\/04\/cropped-Pure-Cosmetics-black-2.png","contentUrl":"https:\/\/purecosmetics-shop.com\/wp-content\/uploads\/2025\/04\/cropped-Pure-Cosmetics-black-2.png","width":2362,"height":2324,"caption":"Pure Cosmetics"},"image":{"@id":"https:\/\/purecosmetics-shop.com\/accueil\/#\/schema\/logo\/image\/"}}]}},"jetpack_sharing_enabled":true,"_links":{"self":[{"href":"https:\/\/purecosmetics-shop.com\/accueil\/wp-json\/wp\/v2\/product\/1341","targetHints":{"allow":["GET"]}}],"collection":[{"href":"https:\/\/purecosmetics-shop.com\/accueil\/wp-json\/wp\/v2\/product"}],"about":[{"href":"https:\/\/purecosmetics-shop.com\/accueil\/wp-json\/wp\/v2\/types\/product"}],"replies":[{"embeddable":true,"href":"https:\/\/purecosmetics-shop.com\/accueil\/wp-json\/wp\/v2\/comments?post=1341"}],"version-history":[{"count":3,"href":"https:\/\/purecosmetics-shop.com\/accueil\/wp-json\/wp\/v2\/product\/1341\/revisions"}],"predecessor-version":[{"id":1393,"href":"https:\/\/purecosmetics-shop.com\/accueil\/wp-json\/wp\/v2\/product\/1341\/revisions\/1393"}],"wp:featuredmedia":[{"embeddable":true,"href":"https:\/\/purecosmetics-shop.com\/accueil\/wp-json\/wp\/v2\/media\/1403"}],"wp:attachment":[{"href":"https:\/\/purecosmetics-shop.com\/accueil\/wp-json\/wp\/v2\/media?parent=1341"}],"wp:term":[{"taxonomy":"product_brand","embeddable":true,"href":"https:\/\/purecosmetics-shop.com\/accueil\/wp-json\/wp\/v2\/product_brand?post=1341"},{"taxonomy":"product_cat","embeddable":true,"href":"https:\/\/purecosmetics-shop.com\/accueil\/wp-json\/wp\/v2\/product_cat?post=1341"},{"taxonomy":"product_tag","embeddable":true,"href":"https:\/\/purecosmetics-shop.com\/accueil\/wp-json\/wp\/v2\/product_tag?post=1341"}],"curies":[{"name":"wp","href":"https:\/\/api.w.org\/{rel}","templated":true}]}}