{"id":1340,"date":"2024-10-16T13:12:58","date_gmt":"2024-10-16T17:12:58","guid":{"rendered":"https:\/\/purecosmetics-shop.com\/accueil\/produit\/anua-rice-7-ceramide-hydrating-barrier-serum\/"},"modified":"2026-04-16T03:58:35","modified_gmt":"2026-04-16T07:58:35","slug":"anua-rice-7-ceramide-hydrating-barrier-serum","status":"publish","type":"product","link":"https:\/\/purecosmetics-shop.com\/accueil\/produit\/anua-rice-7-ceramide-hydrating-barrier-serum\/","title":{"rendered":"7 Rice ceramide hydrating barrier serum"},"content":{"rendered":"<p>R\u00e9v\u00e9lez une hydratation en profondeur avec le s\u00e9rum 7 Rice Ceramide d&rsquo;Anua. Formul\u00e9 avec de l&rsquo;eau de son d&rsquo;oryza sativa (riz) et des c\u00e9ramides NP, ce s\u00e9rum nourrit intens\u00e9ment la peau s\u00e8che et gerc\u00e9e, tout en pr\u00e9venant la perte d&rsquo;hydratation essentielle.<\/p>\n<h2>Un Teint Radieux<\/h2>\n<p>Ce s\u00e9rum sans parfum est \u00e9galement enrichi en acide hyaluronique et en extrait de miel, offrant une exfoliation douce pour adoucir et illuminer le teint irr\u00e9gulier. Profitez d&rsquo;une peau \u00e9clatante et revitalis\u00e9e!<\/p>\n<h2>Am\u00e9lioration de la Peau<\/h2>\n<p>Enrichi en alpha-arbutine, le 7 Rice Ceramide sera votre alli\u00e9 pour estomper les cicatrices d&rsquo;acn\u00e9 et r\u00e9duire les rougeurs post-imperfections. Laissez votre peau plus r\u00e9guli\u00e8re et uniforme gr\u00e2ce \u00e0 ce soin innovant.<\/p>\n","protected":false},"excerpt":{"rendered":"<p>R\u00e9v\u00e8le une hydratation profonde et une peau radieuse avec le 7 Rice Ceramide Hydrating Barrier Serum Anua. Ce s\u00e9rum nourrissant sans parfum est formul\u00e9 avec expertise \u00e0 partir d&rsquo;eau de son d&rsquo;Oryza Sativa (riz) et de c\u00e9ramides NP pour hydrater la peau s\u00e8che et gerc\u00e9e tout en pr\u00e9venant la perte d&rsquo;hydratation, en assurant une \u00e9lasticit\u00e9 durable de la peau et une barri\u00e8re cutan\u00e9e fortifi\u00e9e.<\/p>\n","protected":false},"featured_media":3898,"comment_status":"open","ping_status":"closed","template":"","meta":[],"product_brand":[155],"product_cat":[110,112,113,117,118,119,21],"product_tag":[],"class_list":{"0":"post-1340","1":"product","2":"type-product","3":"status-publish","4":"has-post-thumbnail","6":"product_brand-anua","7":"product_cat-anti-tache-et-hyperpigmentation","8":"product_cat-hydratation","9":"product_cat-peau-a-tendance-acneique","10":"product_cat-peau-normale","11":"product_cat-peau-seche","12":"product_cat-peau-sensible","13":"product_cat-serum","15":"first","16":"instock","17":"shipping-taxable","18":"purchasable","19":"product-type-simple"},"yoast_head":"<!-- This site is optimized with the Yoast SEO plugin v27.4 - https:\/\/yoast.com\/product\/yoast-seo-wordpress\/ -->\n<title>7 Rice ceramide hydrating barrier serum - Pure Cosmetics<\/title>\n<meta name=\"robots\" content=\"index, follow, max-snippet:-1, max-image-preview:large, max-video-preview:-1\" \/>\n<link rel=\"canonical\" href=\"https:\/\/purecosmetics-shop.com\/accueil\/produit\/anua-rice-7-ceramide-hydrating-barrier-serum\/\" \/>\n<meta property=\"og:locale\" content=\"fr_FR\" \/>\n<meta property=\"og:type\" content=\"article\" \/>\n<meta property=\"og:title\" content=\"7 Rice ceramide hydrating barrier serum - Pure Cosmetics\" \/>\n<meta property=\"og:description\" content=\"R\u00e9v\u00e8le une hydratation profonde et une peau radieuse avec le 7 Rice Ceramide Hydrating Barrier Serum Anua. Ce s\u00e9rum nourrissant sans parfum est formul\u00e9 avec expertise \u00e0 partir d&#039;eau de son d&#039;Oryza Sativa (riz) et de c\u00e9ramides NP pour hydrater la peau s\u00e8che et gerc\u00e9e tout en pr\u00e9venant la perte d&#039;hydratation, en assurant une \u00e9lasticit\u00e9 durable de la peau et une barri\u00e8re cutan\u00e9e fortifi\u00e9e.\" \/>\n<meta property=\"og:url\" content=\"https:\/\/purecosmetics-shop.com\/accueil\/produit\/anua-rice-7-ceramide-hydrating-barrier-serum\/\" \/>\n<meta property=\"og:site_name\" content=\"Pure Cosmetics\" \/>\n<meta property=\"article:modified_time\" content=\"2026-04-16T07:58:35+00:00\" \/>\n<meta property=\"og:image\" content=\"https:\/\/purecosmetics-shop.com\/wp-content\/uploads\/2024\/10\/ANUA-7-Rice-Ceramide-Hydrating-Barrier-Serum.webp\" \/>\n\t<meta property=\"og:image:width\" content=\"1080\" \/>\n\t<meta property=\"og:image:height\" content=\"1080\" \/>\n\t<meta property=\"og:image:type\" content=\"image\/webp\" \/>\n<meta name=\"twitter:card\" content=\"summary_large_image\" \/>\n<meta name=\"twitter:label1\" content=\"Dur\u00e9e de lecture estim\u00e9e\" \/>\n\t<meta name=\"twitter:data1\" content=\"1 minute\" \/>\n<script type=\"application\/ld+json\" class=\"yoast-schema-graph\">{\"@context\":\"https:\\\/\\\/schema.org\",\"@graph\":[{\"@type\":\"WebPage\",\"@id\":\"https:\\\/\\\/purecosmetics-shop.com\\\/accueil\\\/produit\\\/anua-rice-7-ceramide-hydrating-barrier-serum\\\/\",\"url\":\"https:\\\/\\\/purecosmetics-shop.com\\\/accueil\\\/produit\\\/anua-rice-7-ceramide-hydrating-barrier-serum\\\/\",\"name\":\"7 Rice ceramide hydrating barrier serum - Pure Cosmetics\",\"isPartOf\":{\"@id\":\"https:\\\/\\\/purecosmetics-shop.com\\\/accueil\\\/#website\"},\"primaryImageOfPage\":{\"@id\":\"https:\\\/\\\/purecosmetics-shop.com\\\/accueil\\\/produit\\\/anua-rice-7-ceramide-hydrating-barrier-serum\\\/#primaryimage\"},\"image\":{\"@id\":\"https:\\\/\\\/purecosmetics-shop.com\\\/accueil\\\/produit\\\/anua-rice-7-ceramide-hydrating-barrier-serum\\\/#primaryimage\"},\"thumbnailUrl\":\"https:\\\/\\\/purecosmetics-shop.com\\\/wp-content\\\/uploads\\\/2024\\\/10\\\/ANUA-7-Rice-Ceramide-Hydrating-Barrier-Serum.webp\",\"datePublished\":\"2024-10-16T17:12:58+00:00\",\"dateModified\":\"2026-04-16T07:58:35+00:00\",\"breadcrumb\":{\"@id\":\"https:\\\/\\\/purecosmetics-shop.com\\\/accueil\\\/produit\\\/anua-rice-7-ceramide-hydrating-barrier-serum\\\/#breadcrumb\"},\"inLanguage\":\"fr-FR\",\"potentialAction\":[{\"@type\":\"ReadAction\",\"target\":[\"https:\\\/\\\/purecosmetics-shop.com\\\/accueil\\\/produit\\\/anua-rice-7-ceramide-hydrating-barrier-serum\\\/\"]}]},{\"@type\":\"ImageObject\",\"inLanguage\":\"fr-FR\",\"@id\":\"https:\\\/\\\/purecosmetics-shop.com\\\/accueil\\\/produit\\\/anua-rice-7-ceramide-hydrating-barrier-serum\\\/#primaryimage\",\"url\":\"https:\\\/\\\/purecosmetics-shop.com\\\/wp-content\\\/uploads\\\/2024\\\/10\\\/ANUA-7-Rice-Ceramide-Hydrating-Barrier-Serum.webp\",\"contentUrl\":\"https:\\\/\\\/purecosmetics-shop.com\\\/wp-content\\\/uploads\\\/2024\\\/10\\\/ANUA-7-Rice-Ceramide-Hydrating-Barrier-Serum.webp\",\"width\":1080,\"height\":1080,\"caption\":\"ANUA 7 Rice Ceramide Hydrating Barrier Serum\"},{\"@type\":\"BreadcrumbList\",\"@id\":\"https:\\\/\\\/purecosmetics-shop.com\\\/accueil\\\/produit\\\/anua-rice-7-ceramide-hydrating-barrier-serum\\\/#breadcrumb\",\"itemListElement\":[{\"@type\":\"ListItem\",\"position\":1,\"name\":\"Accueil\",\"item\":\"https:\\\/\\\/purecosmetics-shop.com\\\/accueil\\\/\"},{\"@type\":\"ListItem\",\"position\":2,\"name\":\"NOUVEAUT\u00c9S\",\"item\":\"https:\\\/\\\/purecosmetics-shop.com\\\/accueil\\\/nouveautes\\\/\"},{\"@type\":\"ListItem\",\"position\":3,\"name\":\"7 Rice ceramide hydrating barrier serum\"}]},{\"@type\":\"WebSite\",\"@id\":\"https:\\\/\\\/purecosmetics-shop.com\\\/accueil\\\/#website\",\"url\":\"https:\\\/\\\/purecosmetics-shop.com\\\/accueil\\\/\",\"name\":\"Pure Cosmetics\",\"description\":\"Skincare cor\u00e9enne et japonais\",\"publisher\":{\"@id\":\"https:\\\/\\\/purecosmetics-shop.com\\\/accueil\\\/#organization\"},\"potentialAction\":[{\"@type\":\"SearchAction\",\"target\":{\"@type\":\"EntryPoint\",\"urlTemplate\":\"https:\\\/\\\/purecosmetics-shop.com\\\/accueil\\\/?s={search_term_string}\"},\"query-input\":{\"@type\":\"PropertyValueSpecification\",\"valueRequired\":true,\"valueName\":\"search_term_string\"}}],\"inLanguage\":\"fr-FR\"},{\"@type\":\"Organization\",\"@id\":\"https:\\\/\\\/purecosmetics-shop.com\\\/accueil\\\/#organization\",\"name\":\"Pure Cosmetics\",\"url\":\"https:\\\/\\\/purecosmetics-shop.com\\\/accueil\\\/\",\"logo\":{\"@type\":\"ImageObject\",\"inLanguage\":\"fr-FR\",\"@id\":\"https:\\\/\\\/purecosmetics-shop.com\\\/accueil\\\/#\\\/schema\\\/logo\\\/image\\\/\",\"url\":\"https:\\\/\\\/purecosmetics-shop.com\\\/wp-content\\\/uploads\\\/2025\\\/04\\\/cropped-Pure-Cosmetics-black-2.png\",\"contentUrl\":\"https:\\\/\\\/purecosmetics-shop.com\\\/wp-content\\\/uploads\\\/2025\\\/04\\\/cropped-Pure-Cosmetics-black-2.png\",\"width\":2362,\"height\":2324,\"caption\":\"Pure Cosmetics\"},\"image\":{\"@id\":\"https:\\\/\\\/purecosmetics-shop.com\\\/accueil\\\/#\\\/schema\\\/logo\\\/image\\\/\"}}]}<\/script>\n<!-- \/ Yoast SEO plugin. -->","yoast_head_json":{"title":"7 Rice ceramide hydrating barrier serum - Pure Cosmetics","robots":{"index":"index","follow":"follow","max-snippet":"max-snippet:-1","max-image-preview":"max-image-preview:large","max-video-preview":"max-video-preview:-1"},"canonical":"https:\/\/purecosmetics-shop.com\/accueil\/produit\/anua-rice-7-ceramide-hydrating-barrier-serum\/","og_locale":"fr_FR","og_type":"article","og_title":"7 Rice ceramide hydrating barrier serum - Pure Cosmetics","og_description":"R\u00e9v\u00e8le une hydratation profonde et une peau radieuse avec le 7 Rice Ceramide Hydrating Barrier Serum Anua. Ce s\u00e9rum nourrissant sans parfum est formul\u00e9 avec expertise \u00e0 partir d'eau de son d'Oryza Sativa (riz) et de c\u00e9ramides NP pour hydrater la peau s\u00e8che et gerc\u00e9e tout en pr\u00e9venant la perte d'hydratation, en assurant une \u00e9lasticit\u00e9 durable de la peau et une barri\u00e8re cutan\u00e9e fortifi\u00e9e.","og_url":"https:\/\/purecosmetics-shop.com\/accueil\/produit\/anua-rice-7-ceramide-hydrating-barrier-serum\/","og_site_name":"Pure Cosmetics","article_modified_time":"2026-04-16T07:58:35+00:00","og_image":[{"width":1080,"height":1080,"url":"https:\/\/purecosmetics-shop.com\/wp-content\/uploads\/2024\/10\/ANUA-7-Rice-Ceramide-Hydrating-Barrier-Serum.webp","type":"image\/webp"}],"twitter_card":"summary_large_image","twitter_misc":{"Dur\u00e9e de lecture estim\u00e9e":"1 minute"},"schema":{"@context":"https:\/\/schema.org","@graph":[{"@type":"WebPage","@id":"https:\/\/purecosmetics-shop.com\/accueil\/produit\/anua-rice-7-ceramide-hydrating-barrier-serum\/","url":"https:\/\/purecosmetics-shop.com\/accueil\/produit\/anua-rice-7-ceramide-hydrating-barrier-serum\/","name":"7 Rice ceramide hydrating barrier serum - Pure Cosmetics","isPartOf":{"@id":"https:\/\/purecosmetics-shop.com\/accueil\/#website"},"primaryImageOfPage":{"@id":"https:\/\/purecosmetics-shop.com\/accueil\/produit\/anua-rice-7-ceramide-hydrating-barrier-serum\/#primaryimage"},"image":{"@id":"https:\/\/purecosmetics-shop.com\/accueil\/produit\/anua-rice-7-ceramide-hydrating-barrier-serum\/#primaryimage"},"thumbnailUrl":"https:\/\/purecosmetics-shop.com\/wp-content\/uploads\/2024\/10\/ANUA-7-Rice-Ceramide-Hydrating-Barrier-Serum.webp","datePublished":"2024-10-16T17:12:58+00:00","dateModified":"2026-04-16T07:58:35+00:00","breadcrumb":{"@id":"https:\/\/purecosmetics-shop.com\/accueil\/produit\/anua-rice-7-ceramide-hydrating-barrier-serum\/#breadcrumb"},"inLanguage":"fr-FR","potentialAction":[{"@type":"ReadAction","target":["https:\/\/purecosmetics-shop.com\/accueil\/produit\/anua-rice-7-ceramide-hydrating-barrier-serum\/"]}]},{"@type":"ImageObject","inLanguage":"fr-FR","@id":"https:\/\/purecosmetics-shop.com\/accueil\/produit\/anua-rice-7-ceramide-hydrating-barrier-serum\/#primaryimage","url":"https:\/\/purecosmetics-shop.com\/wp-content\/uploads\/2024\/10\/ANUA-7-Rice-Ceramide-Hydrating-Barrier-Serum.webp","contentUrl":"https:\/\/purecosmetics-shop.com\/wp-content\/uploads\/2024\/10\/ANUA-7-Rice-Ceramide-Hydrating-Barrier-Serum.webp","width":1080,"height":1080,"caption":"ANUA 7 Rice Ceramide Hydrating Barrier Serum"},{"@type":"BreadcrumbList","@id":"https:\/\/purecosmetics-shop.com\/accueil\/produit\/anua-rice-7-ceramide-hydrating-barrier-serum\/#breadcrumb","itemListElement":[{"@type":"ListItem","position":1,"name":"Accueil","item":"https:\/\/purecosmetics-shop.com\/accueil\/"},{"@type":"ListItem","position":2,"name":"NOUVEAUT\u00c9S","item":"https:\/\/purecosmetics-shop.com\/accueil\/nouveautes\/"},{"@type":"ListItem","position":3,"name":"7 Rice ceramide hydrating barrier serum"}]},{"@type":"WebSite","@id":"https:\/\/purecosmetics-shop.com\/accueil\/#website","url":"https:\/\/purecosmetics-shop.com\/accueil\/","name":"Pure Cosmetics","description":"Skincare cor\u00e9enne et japonais","publisher":{"@id":"https:\/\/purecosmetics-shop.com\/accueil\/#organization"},"potentialAction":[{"@type":"SearchAction","target":{"@type":"EntryPoint","urlTemplate":"https:\/\/purecosmetics-shop.com\/accueil\/?s={search_term_string}"},"query-input":{"@type":"PropertyValueSpecification","valueRequired":true,"valueName":"search_term_string"}}],"inLanguage":"fr-FR"},{"@type":"Organization","@id":"https:\/\/purecosmetics-shop.com\/accueil\/#organization","name":"Pure Cosmetics","url":"https:\/\/purecosmetics-shop.com\/accueil\/","logo":{"@type":"ImageObject","inLanguage":"fr-FR","@id":"https:\/\/purecosmetics-shop.com\/accueil\/#\/schema\/logo\/image\/","url":"https:\/\/purecosmetics-shop.com\/wp-content\/uploads\/2025\/04\/cropped-Pure-Cosmetics-black-2.png","contentUrl":"https:\/\/purecosmetics-shop.com\/wp-content\/uploads\/2025\/04\/cropped-Pure-Cosmetics-black-2.png","width":2362,"height":2324,"caption":"Pure Cosmetics"},"image":{"@id":"https:\/\/purecosmetics-shop.com\/accueil\/#\/schema\/logo\/image\/"}}]}},"jetpack_sharing_enabled":true,"_links":{"self":[{"href":"https:\/\/purecosmetics-shop.com\/accueil\/wp-json\/wp\/v2\/product\/1340","targetHints":{"allow":["GET"]}}],"collection":[{"href":"https:\/\/purecosmetics-shop.com\/accueil\/wp-json\/wp\/v2\/product"}],"about":[{"href":"https:\/\/purecosmetics-shop.com\/accueil\/wp-json\/wp\/v2\/types\/product"}],"replies":[{"embeddable":true,"href":"https:\/\/purecosmetics-shop.com\/accueil\/wp-json\/wp\/v2\/comments?post=1340"}],"version-history":[{"count":3,"href":"https:\/\/purecosmetics-shop.com\/accueil\/wp-json\/wp\/v2\/product\/1340\/revisions"}],"predecessor-version":[{"id":2624,"href":"https:\/\/purecosmetics-shop.com\/accueil\/wp-json\/wp\/v2\/product\/1340\/revisions\/2624"}],"wp:featuredmedia":[{"embeddable":true,"href":"https:\/\/purecosmetics-shop.com\/accueil\/wp-json\/wp\/v2\/media\/3898"}],"wp:attachment":[{"href":"https:\/\/purecosmetics-shop.com\/accueil\/wp-json\/wp\/v2\/media?parent=1340"}],"wp:term":[{"taxonomy":"product_brand","embeddable":true,"href":"https:\/\/purecosmetics-shop.com\/accueil\/wp-json\/wp\/v2\/product_brand?post=1340"},{"taxonomy":"product_cat","embeddable":true,"href":"https:\/\/purecosmetics-shop.com\/accueil\/wp-json\/wp\/v2\/product_cat?post=1340"},{"taxonomy":"product_tag","embeddable":true,"href":"https:\/\/purecosmetics-shop.com\/accueil\/wp-json\/wp\/v2\/product_tag?post=1340"}],"curies":[{"name":"wp","href":"https:\/\/api.w.org\/{rel}","templated":true}]}}