{"id":1339,"date":"2024-10-16T13:12:58","date_gmt":"2024-10-16T17:12:58","guid":{"rendered":"https:\/\/purecosmetics-shop.com\/accueil\/produit\/dr-althea-vitamin-c-boosting-serum\/"},"modified":"2026-04-16T01:14:37","modified_gmt":"2026-04-16T05:14:37","slug":"dr-althea-vitamin-c-boosting-serum","status":"publish","type":"product","link":"https:\/\/purecosmetics-shop.com\/accueil\/produit\/dr-althea-vitamin-c-boosting-serum\/","title":{"rendered":"Vitamin C Boosting Serum 63%"},"content":{"rendered":"<p>S\u00e9rum hypoallerg\u00e9nique \u00e0 la vitamine C qui am\u00e9liore le teint et restaure l&rsquo;\u00e9clat naturel de la peau avec 20 % de complexe Vita Boosting.<\/p>\n<p>Le s\u00e9rum \u00e0 la vitamine C Boosting du Dr Althea est un s\u00e9rum \u00e0 la vitamine C v\u00e9g\u00e9talien de soin quotidien qui aide \u00e0 am\u00e9liorer le teint et \u00e0 restaurer l&rsquo;\u00e9clat naturel de la peau.<\/p>\n<p>Ce s\u00e9rum est compos\u00e9 de 20 % de complexe Vita Boosting, une combinaison de 9 types de vitamines et d&rsquo;extrait de fruit d&rsquo;Hyppophae Rhamnoides, pour fournir un niveau \u00e9lev\u00e9 de vitamine C \u00e0 la peau, sans provoquer d&rsquo;irritation.<\/p>\n<p>Notre complexe Boosting \u00e0 20 % contient de l&rsquo;extrait de fruit d&rsquo;Hyppophae Rhamnoides qui contient plus de 3,2 fois la vitamine C des citrons et contient \u00e9galement 45 000 ppm d&rsquo;ingr\u00e9dients \u00e9claircissants pour la peau (acide 3-O_Ethylascorbique, D-Panth\u00e9nol, Niacinamide) pour supprimer la pigmentation de la m\u00e9lanine et am\u00e9liorer les imperfections de la peau.<\/p>\n<p>Contenant des ingr\u00e9dients de qualit\u00e9 verte EWG, ce produit formul\u00e9 v\u00e9g\u00e9talien peut \u00eatre utilis\u00e9 en toute s\u00e9curit\u00e9 sur les peaux sensibles, sans provoquer d&rsquo;irritation.<\/p>\n<p>Il contient \u00e9galement 8 types d\u2019acide hyaluronique pour hydrater la peau sans laisser de film collant et aide \u00e0 pr\u00e9venir les rides et \u00e0 am\u00e9liorer la r\u00e9sistance de la peau.<\/p>\n<p>Le s\u00e9rum boosteur de vitamine C poss\u00e8de \u00e9galement des propri\u00e9t\u00e9s apaisantes, \u00e9lastifiantes et raffermissantes pour la peau gr\u00e2ce aux tocoph\u00e9rols et \u00e0 l\u2019allantonine, des ingr\u00e9dients connus pour avoir des effets anti-\u00e2ge et de production de collag\u00e8ne, ainsi que des propri\u00e9t\u00e9s de r\u00e9g\u00e9n\u00e9ration cellulaire.<\/p>\n","protected":false},"excerpt":{"rendered":"<p>Vitamin C Boosting Serum est un s\u00e9rum v\u00e9g\u00e9talien contenant 20% de Vita Boosting Complex, une combinaison de 9 types de vitamines et d\u2019extrait de fruit d\u2019Hippophae Rhamnoides pour r\u00e9duire la pigmentation de la m\u00e9lanine et unifier le teint.<\/p>\n<p>Il contient \u00e9galement 8 types d\u2019acide hyaluronique pour hydrater la peau, ce qui aide \u00e0 pr\u00e9venir les rides tout en renfor\u00e7ant la r\u00e9sistance de la peau<\/p>\n","protected":false},"featured_media":3924,"comment_status":"open","ping_status":"closed","template":"","meta":[],"product_brand":[163],"product_cat":[110,115,116,119,21],"product_tag":[],"class_list":{"0":"post-1339","1":"product","2":"type-product","3":"status-publish","4":"has-post-thumbnail","6":"product_brand-dr-althea","7":"product_cat-anti-tache-et-hyperpigmentation","8":"product_cat-peau-grasse","9":"product_cat-peau-mixte","10":"product_cat-peau-sensible","11":"product_cat-serum","13":"first","14":"instock","15":"shipping-taxable","16":"purchasable","17":"product-type-simple"},"yoast_head":"<!-- This site is optimized with the Yoast SEO plugin v27.4 - https:\/\/yoast.com\/product\/yoast-seo-wordpress\/ -->\n<title>Vitamin C Boosting Serum 63% - Pure Cosmetics<\/title>\n<meta name=\"robots\" content=\"index, follow, max-snippet:-1, max-image-preview:large, max-video-preview:-1\" \/>\n<link rel=\"canonical\" href=\"https:\/\/purecosmetics-shop.com\/accueil\/produit\/dr-althea-vitamin-c-boosting-serum\/\" \/>\n<meta property=\"og:locale\" content=\"fr_FR\" \/>\n<meta property=\"og:type\" content=\"article\" \/>\n<meta property=\"og:title\" content=\"Vitamin C Boosting Serum 63% - Pure Cosmetics\" \/>\n<meta property=\"og:description\" content=\"Vitamin C Boosting Serum est un s\u00e9rum v\u00e9g\u00e9talien contenant 20% de Vita Boosting Complex, une combinaison de 9 types de vitamines et d\u2019extrait de fruit d\u2019Hippophae Rhamnoides pour r\u00e9duire la pigmentation de la m\u00e9lanine et unifier le teint.  Il contient \u00e9galement 8 types d\u2019acide hyaluronique pour hydrater la peau, ce qui aide \u00e0 pr\u00e9venir les rides tout en renfor\u00e7ant la r\u00e9sistance de la peau\" \/>\n<meta property=\"og:url\" content=\"https:\/\/purecosmetics-shop.com\/accueil\/produit\/dr-althea-vitamin-c-boosting-serum\/\" \/>\n<meta property=\"og:site_name\" content=\"Pure Cosmetics\" \/>\n<meta property=\"article:modified_time\" content=\"2026-04-16T05:14:37+00:00\" \/>\n<meta property=\"og:image\" content=\"https:\/\/purecosmetics-shop.com\/wp-content\/uploads\/2024\/10\/DR-ALTHEA-VITAMIN-C-BOOSTING-SERUM-63.webp\" \/>\n\t<meta property=\"og:image:width\" content=\"800\" \/>\n\t<meta property=\"og:image:height\" content=\"800\" \/>\n\t<meta property=\"og:image:type\" content=\"image\/webp\" \/>\n<meta name=\"twitter:card\" content=\"summary_large_image\" \/>\n<meta name=\"twitter:label1\" content=\"Dur\u00e9e de lecture estim\u00e9e\" \/>\n\t<meta name=\"twitter:data1\" content=\"2 minutes\" \/>\n<script type=\"application\/ld+json\" class=\"yoast-schema-graph\">{\"@context\":\"https:\\\/\\\/schema.org\",\"@graph\":[{\"@type\":\"WebPage\",\"@id\":\"https:\\\/\\\/purecosmetics-shop.com\\\/accueil\\\/produit\\\/dr-althea-vitamin-c-boosting-serum\\\/\",\"url\":\"https:\\\/\\\/purecosmetics-shop.com\\\/accueil\\\/produit\\\/dr-althea-vitamin-c-boosting-serum\\\/\",\"name\":\"Vitamin C Boosting Serum 63% - Pure Cosmetics\",\"isPartOf\":{\"@id\":\"https:\\\/\\\/purecosmetics-shop.com\\\/accueil\\\/#website\"},\"primaryImageOfPage\":{\"@id\":\"https:\\\/\\\/purecosmetics-shop.com\\\/accueil\\\/produit\\\/dr-althea-vitamin-c-boosting-serum\\\/#primaryimage\"},\"image\":{\"@id\":\"https:\\\/\\\/purecosmetics-shop.com\\\/accueil\\\/produit\\\/dr-althea-vitamin-c-boosting-serum\\\/#primaryimage\"},\"thumbnailUrl\":\"https:\\\/\\\/purecosmetics-shop.com\\\/wp-content\\\/uploads\\\/2024\\\/10\\\/DR-ALTHEA-VITAMIN-C-BOOSTING-SERUM-63.webp\",\"datePublished\":\"2024-10-16T17:12:58+00:00\",\"dateModified\":\"2026-04-16T05:14:37+00:00\",\"breadcrumb\":{\"@id\":\"https:\\\/\\\/purecosmetics-shop.com\\\/accueil\\\/produit\\\/dr-althea-vitamin-c-boosting-serum\\\/#breadcrumb\"},\"inLanguage\":\"fr-FR\",\"potentialAction\":[{\"@type\":\"ReadAction\",\"target\":[\"https:\\\/\\\/purecosmetics-shop.com\\\/accueil\\\/produit\\\/dr-althea-vitamin-c-boosting-serum\\\/\"]}]},{\"@type\":\"ImageObject\",\"inLanguage\":\"fr-FR\",\"@id\":\"https:\\\/\\\/purecosmetics-shop.com\\\/accueil\\\/produit\\\/dr-althea-vitamin-c-boosting-serum\\\/#primaryimage\",\"url\":\"https:\\\/\\\/purecosmetics-shop.com\\\/wp-content\\\/uploads\\\/2024\\\/10\\\/DR-ALTHEA-VITAMIN-C-BOOSTING-SERUM-63.webp\",\"contentUrl\":\"https:\\\/\\\/purecosmetics-shop.com\\\/wp-content\\\/uploads\\\/2024\\\/10\\\/DR-ALTHEA-VITAMIN-C-BOOSTING-SERUM-63.webp\",\"width\":800,\"height\":800,\"caption\":\"DR ALTHEA VITAMIN C BOOSTING SERUM 63%\"},{\"@type\":\"BreadcrumbList\",\"@id\":\"https:\\\/\\\/purecosmetics-shop.com\\\/accueil\\\/produit\\\/dr-althea-vitamin-c-boosting-serum\\\/#breadcrumb\",\"itemListElement\":[{\"@type\":\"ListItem\",\"position\":1,\"name\":\"Accueil\",\"item\":\"https:\\\/\\\/purecosmetics-shop.com\\\/accueil\\\/\"},{\"@type\":\"ListItem\",\"position\":2,\"name\":\"NOUVEAUT\u00c9S\",\"item\":\"https:\\\/\\\/purecosmetics-shop.com\\\/accueil\\\/nouveautes\\\/\"},{\"@type\":\"ListItem\",\"position\":3,\"name\":\"Vitamin C Boosting Serum 63%\"}]},{\"@type\":\"WebSite\",\"@id\":\"https:\\\/\\\/purecosmetics-shop.com\\\/accueil\\\/#website\",\"url\":\"https:\\\/\\\/purecosmetics-shop.com\\\/accueil\\\/\",\"name\":\"Pure Cosmetics\",\"description\":\"Skincare cor\u00e9enne et japonais\",\"publisher\":{\"@id\":\"https:\\\/\\\/purecosmetics-shop.com\\\/accueil\\\/#organization\"},\"potentialAction\":[{\"@type\":\"SearchAction\",\"target\":{\"@type\":\"EntryPoint\",\"urlTemplate\":\"https:\\\/\\\/purecosmetics-shop.com\\\/accueil\\\/?s={search_term_string}\"},\"query-input\":{\"@type\":\"PropertyValueSpecification\",\"valueRequired\":true,\"valueName\":\"search_term_string\"}}],\"inLanguage\":\"fr-FR\"},{\"@type\":\"Organization\",\"@id\":\"https:\\\/\\\/purecosmetics-shop.com\\\/accueil\\\/#organization\",\"name\":\"Pure Cosmetics\",\"url\":\"https:\\\/\\\/purecosmetics-shop.com\\\/accueil\\\/\",\"logo\":{\"@type\":\"ImageObject\",\"inLanguage\":\"fr-FR\",\"@id\":\"https:\\\/\\\/purecosmetics-shop.com\\\/accueil\\\/#\\\/schema\\\/logo\\\/image\\\/\",\"url\":\"https:\\\/\\\/purecosmetics-shop.com\\\/wp-content\\\/uploads\\\/2025\\\/04\\\/cropped-Pure-Cosmetics-black-2.png\",\"contentUrl\":\"https:\\\/\\\/purecosmetics-shop.com\\\/wp-content\\\/uploads\\\/2025\\\/04\\\/cropped-Pure-Cosmetics-black-2.png\",\"width\":2362,\"height\":2324,\"caption\":\"Pure Cosmetics\"},\"image\":{\"@id\":\"https:\\\/\\\/purecosmetics-shop.com\\\/accueil\\\/#\\\/schema\\\/logo\\\/image\\\/\"}}]}<\/script>\n<!-- \/ Yoast SEO plugin. -->","yoast_head_json":{"title":"Vitamin C Boosting Serum 63% - Pure Cosmetics","robots":{"index":"index","follow":"follow","max-snippet":"max-snippet:-1","max-image-preview":"max-image-preview:large","max-video-preview":"max-video-preview:-1"},"canonical":"https:\/\/purecosmetics-shop.com\/accueil\/produit\/dr-althea-vitamin-c-boosting-serum\/","og_locale":"fr_FR","og_type":"article","og_title":"Vitamin C Boosting Serum 63% - Pure Cosmetics","og_description":"Vitamin C Boosting Serum est un s\u00e9rum v\u00e9g\u00e9talien contenant 20% de Vita Boosting Complex, une combinaison de 9 types de vitamines et d\u2019extrait de fruit d\u2019Hippophae Rhamnoides pour r\u00e9duire la pigmentation de la m\u00e9lanine et unifier le teint.  Il contient \u00e9galement 8 types d\u2019acide hyaluronique pour hydrater la peau, ce qui aide \u00e0 pr\u00e9venir les rides tout en renfor\u00e7ant la r\u00e9sistance de la peau","og_url":"https:\/\/purecosmetics-shop.com\/accueil\/produit\/dr-althea-vitamin-c-boosting-serum\/","og_site_name":"Pure Cosmetics","article_modified_time":"2026-04-16T05:14:37+00:00","og_image":[{"width":800,"height":800,"url":"https:\/\/purecosmetics-shop.com\/wp-content\/uploads\/2024\/10\/DR-ALTHEA-VITAMIN-C-BOOSTING-SERUM-63.webp","type":"image\/webp"}],"twitter_card":"summary_large_image","twitter_misc":{"Dur\u00e9e de lecture estim\u00e9e":"2 minutes"},"schema":{"@context":"https:\/\/schema.org","@graph":[{"@type":"WebPage","@id":"https:\/\/purecosmetics-shop.com\/accueil\/produit\/dr-althea-vitamin-c-boosting-serum\/","url":"https:\/\/purecosmetics-shop.com\/accueil\/produit\/dr-althea-vitamin-c-boosting-serum\/","name":"Vitamin C Boosting Serum 63% - Pure Cosmetics","isPartOf":{"@id":"https:\/\/purecosmetics-shop.com\/accueil\/#website"},"primaryImageOfPage":{"@id":"https:\/\/purecosmetics-shop.com\/accueil\/produit\/dr-althea-vitamin-c-boosting-serum\/#primaryimage"},"image":{"@id":"https:\/\/purecosmetics-shop.com\/accueil\/produit\/dr-althea-vitamin-c-boosting-serum\/#primaryimage"},"thumbnailUrl":"https:\/\/purecosmetics-shop.com\/wp-content\/uploads\/2024\/10\/DR-ALTHEA-VITAMIN-C-BOOSTING-SERUM-63.webp","datePublished":"2024-10-16T17:12:58+00:00","dateModified":"2026-04-16T05:14:37+00:00","breadcrumb":{"@id":"https:\/\/purecosmetics-shop.com\/accueil\/produit\/dr-althea-vitamin-c-boosting-serum\/#breadcrumb"},"inLanguage":"fr-FR","potentialAction":[{"@type":"ReadAction","target":["https:\/\/purecosmetics-shop.com\/accueil\/produit\/dr-althea-vitamin-c-boosting-serum\/"]}]},{"@type":"ImageObject","inLanguage":"fr-FR","@id":"https:\/\/purecosmetics-shop.com\/accueil\/produit\/dr-althea-vitamin-c-boosting-serum\/#primaryimage","url":"https:\/\/purecosmetics-shop.com\/wp-content\/uploads\/2024\/10\/DR-ALTHEA-VITAMIN-C-BOOSTING-SERUM-63.webp","contentUrl":"https:\/\/purecosmetics-shop.com\/wp-content\/uploads\/2024\/10\/DR-ALTHEA-VITAMIN-C-BOOSTING-SERUM-63.webp","width":800,"height":800,"caption":"DR ALTHEA VITAMIN C BOOSTING SERUM 63%"},{"@type":"BreadcrumbList","@id":"https:\/\/purecosmetics-shop.com\/accueil\/produit\/dr-althea-vitamin-c-boosting-serum\/#breadcrumb","itemListElement":[{"@type":"ListItem","position":1,"name":"Accueil","item":"https:\/\/purecosmetics-shop.com\/accueil\/"},{"@type":"ListItem","position":2,"name":"NOUVEAUT\u00c9S","item":"https:\/\/purecosmetics-shop.com\/accueil\/nouveautes\/"},{"@type":"ListItem","position":3,"name":"Vitamin C Boosting Serum 63%"}]},{"@type":"WebSite","@id":"https:\/\/purecosmetics-shop.com\/accueil\/#website","url":"https:\/\/purecosmetics-shop.com\/accueil\/","name":"Pure Cosmetics","description":"Skincare cor\u00e9enne et japonais","publisher":{"@id":"https:\/\/purecosmetics-shop.com\/accueil\/#organization"},"potentialAction":[{"@type":"SearchAction","target":{"@type":"EntryPoint","urlTemplate":"https:\/\/purecosmetics-shop.com\/accueil\/?s={search_term_string}"},"query-input":{"@type":"PropertyValueSpecification","valueRequired":true,"valueName":"search_term_string"}}],"inLanguage":"fr-FR"},{"@type":"Organization","@id":"https:\/\/purecosmetics-shop.com\/accueil\/#organization","name":"Pure Cosmetics","url":"https:\/\/purecosmetics-shop.com\/accueil\/","logo":{"@type":"ImageObject","inLanguage":"fr-FR","@id":"https:\/\/purecosmetics-shop.com\/accueil\/#\/schema\/logo\/image\/","url":"https:\/\/purecosmetics-shop.com\/wp-content\/uploads\/2025\/04\/cropped-Pure-Cosmetics-black-2.png","contentUrl":"https:\/\/purecosmetics-shop.com\/wp-content\/uploads\/2025\/04\/cropped-Pure-Cosmetics-black-2.png","width":2362,"height":2324,"caption":"Pure Cosmetics"},"image":{"@id":"https:\/\/purecosmetics-shop.com\/accueil\/#\/schema\/logo\/image\/"}}]}},"jetpack_sharing_enabled":true,"_links":{"self":[{"href":"https:\/\/purecosmetics-shop.com\/accueil\/wp-json\/wp\/v2\/product\/1339","targetHints":{"allow":["GET"]}}],"collection":[{"href":"https:\/\/purecosmetics-shop.com\/accueil\/wp-json\/wp\/v2\/product"}],"about":[{"href":"https:\/\/purecosmetics-shop.com\/accueil\/wp-json\/wp\/v2\/types\/product"}],"replies":[{"embeddable":true,"href":"https:\/\/purecosmetics-shop.com\/accueil\/wp-json\/wp\/v2\/comments?post=1339"}],"version-history":[{"count":4,"href":"https:\/\/purecosmetics-shop.com\/accueil\/wp-json\/wp\/v2\/product\/1339\/revisions"}],"predecessor-version":[{"id":3925,"href":"https:\/\/purecosmetics-shop.com\/accueil\/wp-json\/wp\/v2\/product\/1339\/revisions\/3925"}],"wp:featuredmedia":[{"embeddable":true,"href":"https:\/\/purecosmetics-shop.com\/accueil\/wp-json\/wp\/v2\/media\/3924"}],"wp:attachment":[{"href":"https:\/\/purecosmetics-shop.com\/accueil\/wp-json\/wp\/v2\/media?parent=1339"}],"wp:term":[{"taxonomy":"product_brand","embeddable":true,"href":"https:\/\/purecosmetics-shop.com\/accueil\/wp-json\/wp\/v2\/product_brand?post=1339"},{"taxonomy":"product_cat","embeddable":true,"href":"https:\/\/purecosmetics-shop.com\/accueil\/wp-json\/wp\/v2\/product_cat?post=1339"},{"taxonomy":"product_tag","embeddable":true,"href":"https:\/\/purecosmetics-shop.com\/accueil\/wp-json\/wp\/v2\/product_tag?post=1339"}],"curies":[{"name":"wp","href":"https:\/\/api.w.org\/{rel}","templated":true}]}}