{"id":1333,"date":"2024-10-16T13:12:56","date_gmt":"2024-10-16T17:12:56","guid":{"rendered":"https:\/\/purecosmetics-shop.com\/accueil\/produit\/skin1004-madagascar-centella-tone-brightening-capsule-ampoule\/"},"modified":"2025-10-29T13:07:45","modified_gmt":"2025-10-29T17:07:45","slug":"skin1004-madagascar-centella-tone-brightening-capsule-ampoule","status":"publish","type":"product","link":"https:\/\/purecosmetics-shop.com\/accueil\/produit\/skin1004-madagascar-centella-tone-brightening-capsule-ampoule\/","title":{"rendered":"Madagascar Centella Tone Brightening Capsule Ampoule"},"content":{"rendered":"<p>Une ampoule id\u00e9ale \u00e0 usage quotidien avec 4 % de niacinamide, 2 % d&rsquo;acide tranexamique et Madewhite\u2122 encapsul\u00e9 pour une correction douce et efficace des taches brunes.<\/p>\n<p>Un tonique \u00e0 double fonction qui hydrate en profondeur et am\u00e9liore le teint.<br \/>\nAmpoule \u00e0 texture essence avec microbilles de mad\u00e9cassoside qui fond imm\u00e9diatement sur la peau, s&rsquo;absorbe rapidement avec un fini doux et non collant.<\/p>\n<p>Type d&rsquo;eau raffermissante pour la peau \u00e0 absorption rapide. L&rsquo;ampoule aqueuse contenant des capsules blanches de MadeWhite p\u00e9n\u00e8tre en douceur dans votre peau, ce qui prend soin de votre peau pour la rendre ferme et lumineuse sans glissement.<\/p>\n<p>Formule l\u00e9g\u00e8rement acide pour correspondre au niveau de pH de la peau pour maintenir l&rsquo;\u00e9quilibre du pH et prendre soin de la barri\u00e8re cutan\u00e9e.<\/p>\n<p>Contient l&rsquo;ingr\u00e9dient brevet\u00e9 MadeWhite\u2122, qui se compose d&rsquo;extrait de centella asiatica de Madagascar sur de la niacinamide pour des bienfaits apaisants et \u00e9claircissants pour la peau.<br \/>\nL&rsquo;ingr\u00e9dient brevet\u00e9 avec du mad\u00e9cassoside \u00e9claircit le teint et donne \u00e0 la peau son \u00e9clat naturel.<br \/>\nLe mad\u00e9cassoside est riche en acides amin\u00e9s, en b\u00eata-carot\u00e8ne, en acides gras et en compos\u00e9s phytochimiques.<br \/>\nL&rsquo;acide tranexamique aide \u00e0 r\u00e9duire la production de m\u00e9lanine et \u00e0 am\u00e9liorer la d\u00e9coloration apr\u00e8s les pouss\u00e9es d&rsquo;acn\u00e9 et les dommages caus\u00e9s par le soleil. Fournit \u00e0 la fois des soins de pr\u00e9vention et de pigmentation.<br \/>\nContient des extraits de papaye et de pomme pour \u00e9liminer en douceur les cellules mortes de la peau.<\/p>\n<p>Laisse votre peau souple, \u00e9quilibr\u00e9e et lumineuse.<\/p>\n","protected":false},"excerpt":{"rendered":"<p>Ampoule enrichi en ingr\u00e9dient brevet\u00e9 MadeWhite\u2122 pour illuminer votre teint terne et fatigu\u00e9.<\/p>\n<p>Elle contient de l\u2019extrait de Centella Asiatica pour apaiser et reconstituer le niveau d\u2019hydratation de la peau mais \u00e9galement de la mad\u00e9cassoside\u00a0pour aider \u00e0 \u00e9claircir la peau.<\/p>\n","protected":false},"featured_media":1850,"comment_status":"open","ping_status":"closed","template":"","meta":[],"product_brand":[179],"product_cat":[190,110],"product_tag":[],"class_list":{"0":"post-1333","1":"product","2":"type-product","3":"status-publish","4":"has-post-thumbnail","6":"product_brand-skin1004","7":"product_cat-ampoule","8":"product_cat-anti-tache-et-hyperpigmentation","10":"first","11":"outofstock","12":"shipping-taxable","13":"purchasable","14":"product-type-variable"},"yoast_head":"<!-- This site is optimized with the Yoast SEO plugin v27.4 - https:\/\/yoast.com\/product\/yoast-seo-wordpress\/ -->\n<title>Madagascar Centella Tone Brightening Capsule Ampoule - Pure Cosmetics<\/title>\n<meta name=\"robots\" content=\"index, follow, max-snippet:-1, max-image-preview:large, max-video-preview:-1\" \/>\n<link rel=\"canonical\" href=\"https:\/\/purecosmetics-shop.com\/accueil\/produit\/skin1004-madagascar-centella-tone-brightening-capsule-ampoule\/\" \/>\n<meta property=\"og:locale\" content=\"fr_FR\" \/>\n<meta property=\"og:type\" content=\"article\" \/>\n<meta property=\"og:title\" content=\"Madagascar Centella Tone Brightening Capsule Ampoule - Pure Cosmetics\" \/>\n<meta property=\"og:description\" content=\"Ampoule enrichi en ingr\u00e9dient brevet\u00e9 MadeWhite\u2122 pour illuminer votre teint terne et fatigu\u00e9.  Elle contient de l\u2019extrait de Centella Asiatica pour apaiser et reconstituer le niveau d\u2019hydratation de la peau mais \u00e9galement de la mad\u00e9cassoside\u00a0pour aider \u00e0 \u00e9claircir la peau.\" \/>\n<meta property=\"og:url\" content=\"https:\/\/purecosmetics-shop.com\/accueil\/produit\/skin1004-madagascar-centella-tone-brightening-capsule-ampoule\/\" \/>\n<meta property=\"og:site_name\" content=\"Pure Cosmetics\" \/>\n<meta property=\"article:modified_time\" content=\"2025-10-29T17:07:45+00:00\" \/>\n<meta property=\"og:image\" content=\"https:\/\/purecosmetics-shop.com\/wp-content\/uploads\/2024\/10\/SKIN1004-Madagascar-Centella-Tone-Brightening-Capsule-Ampoule.webp\" \/>\n\t<meta property=\"og:image:width\" content=\"800\" \/>\n\t<meta property=\"og:image:height\" content=\"800\" \/>\n\t<meta property=\"og:image:type\" content=\"image\/webp\" \/>\n<meta name=\"twitter:card\" content=\"summary_large_image\" \/>\n<meta name=\"twitter:label1\" content=\"Dur\u00e9e de lecture estim\u00e9e\" \/>\n\t<meta name=\"twitter:data1\" content=\"2 minutes\" \/>\n<script type=\"application\/ld+json\" class=\"yoast-schema-graph\">{\"@context\":\"https:\\\/\\\/schema.org\",\"@graph\":[{\"@type\":\"WebPage\",\"@id\":\"https:\\\/\\\/purecosmetics-shop.com\\\/accueil\\\/produit\\\/skin1004-madagascar-centella-tone-brightening-capsule-ampoule\\\/\",\"url\":\"https:\\\/\\\/purecosmetics-shop.com\\\/accueil\\\/produit\\\/skin1004-madagascar-centella-tone-brightening-capsule-ampoule\\\/\",\"name\":\"Madagascar Centella Tone Brightening Capsule Ampoule - Pure Cosmetics\",\"isPartOf\":{\"@id\":\"https:\\\/\\\/purecosmetics-shop.com\\\/accueil\\\/#website\"},\"primaryImageOfPage\":{\"@id\":\"https:\\\/\\\/purecosmetics-shop.com\\\/accueil\\\/produit\\\/skin1004-madagascar-centella-tone-brightening-capsule-ampoule\\\/#primaryimage\"},\"image\":{\"@id\":\"https:\\\/\\\/purecosmetics-shop.com\\\/accueil\\\/produit\\\/skin1004-madagascar-centella-tone-brightening-capsule-ampoule\\\/#primaryimage\"},\"thumbnailUrl\":\"https:\\\/\\\/purecosmetics-shop.com\\\/wp-content\\\/uploads\\\/2024\\\/10\\\/SKIN1004-Madagascar-Centella-Tone-Brightening-Capsule-Ampoule.webp\",\"datePublished\":\"2024-10-16T17:12:56+00:00\",\"dateModified\":\"2025-10-29T17:07:45+00:00\",\"breadcrumb\":{\"@id\":\"https:\\\/\\\/purecosmetics-shop.com\\\/accueil\\\/produit\\\/skin1004-madagascar-centella-tone-brightening-capsule-ampoule\\\/#breadcrumb\"},\"inLanguage\":\"fr-FR\",\"potentialAction\":[{\"@type\":\"ReadAction\",\"target\":[\"https:\\\/\\\/purecosmetics-shop.com\\\/accueil\\\/produit\\\/skin1004-madagascar-centella-tone-brightening-capsule-ampoule\\\/\"]}]},{\"@type\":\"ImageObject\",\"inLanguage\":\"fr-FR\",\"@id\":\"https:\\\/\\\/purecosmetics-shop.com\\\/accueil\\\/produit\\\/skin1004-madagascar-centella-tone-brightening-capsule-ampoule\\\/#primaryimage\",\"url\":\"https:\\\/\\\/purecosmetics-shop.com\\\/wp-content\\\/uploads\\\/2024\\\/10\\\/SKIN1004-Madagascar-Centella-Tone-Brightening-Capsule-Ampoule.webp\",\"contentUrl\":\"https:\\\/\\\/purecosmetics-shop.com\\\/wp-content\\\/uploads\\\/2024\\\/10\\\/SKIN1004-Madagascar-Centella-Tone-Brightening-Capsule-Ampoule.webp\",\"width\":800,\"height\":800},{\"@type\":\"BreadcrumbList\",\"@id\":\"https:\\\/\\\/purecosmetics-shop.com\\\/accueil\\\/produit\\\/skin1004-madagascar-centella-tone-brightening-capsule-ampoule\\\/#breadcrumb\",\"itemListElement\":[{\"@type\":\"ListItem\",\"position\":1,\"name\":\"Accueil\",\"item\":\"https:\\\/\\\/purecosmetics-shop.com\\\/accueil\\\/\"},{\"@type\":\"ListItem\",\"position\":2,\"name\":\"NOUVEAUT\u00c9S\",\"item\":\"https:\\\/\\\/purecosmetics-shop.com\\\/accueil\\\/nouveautes\\\/\"},{\"@type\":\"ListItem\",\"position\":3,\"name\":\"Madagascar Centella Tone Brightening Capsule Ampoule\"}]},{\"@type\":\"WebSite\",\"@id\":\"https:\\\/\\\/purecosmetics-shop.com\\\/accueil\\\/#website\",\"url\":\"https:\\\/\\\/purecosmetics-shop.com\\\/accueil\\\/\",\"name\":\"Pure Cosmetics\",\"description\":\"Skincare cor\u00e9enne et japonais\",\"publisher\":{\"@id\":\"https:\\\/\\\/purecosmetics-shop.com\\\/accueil\\\/#organization\"},\"potentialAction\":[{\"@type\":\"SearchAction\",\"target\":{\"@type\":\"EntryPoint\",\"urlTemplate\":\"https:\\\/\\\/purecosmetics-shop.com\\\/accueil\\\/?s={search_term_string}\"},\"query-input\":{\"@type\":\"PropertyValueSpecification\",\"valueRequired\":true,\"valueName\":\"search_term_string\"}}],\"inLanguage\":\"fr-FR\"},{\"@type\":\"Organization\",\"@id\":\"https:\\\/\\\/purecosmetics-shop.com\\\/accueil\\\/#organization\",\"name\":\"Pure Cosmetics\",\"url\":\"https:\\\/\\\/purecosmetics-shop.com\\\/accueil\\\/\",\"logo\":{\"@type\":\"ImageObject\",\"inLanguage\":\"fr-FR\",\"@id\":\"https:\\\/\\\/purecosmetics-shop.com\\\/accueil\\\/#\\\/schema\\\/logo\\\/image\\\/\",\"url\":\"https:\\\/\\\/purecosmetics-shop.com\\\/wp-content\\\/uploads\\\/2025\\\/04\\\/cropped-Pure-Cosmetics-black-2.png\",\"contentUrl\":\"https:\\\/\\\/purecosmetics-shop.com\\\/wp-content\\\/uploads\\\/2025\\\/04\\\/cropped-Pure-Cosmetics-black-2.png\",\"width\":2362,\"height\":2324,\"caption\":\"Pure Cosmetics\"},\"image\":{\"@id\":\"https:\\\/\\\/purecosmetics-shop.com\\\/accueil\\\/#\\\/schema\\\/logo\\\/image\\\/\"}}]}<\/script>\n<!-- \/ Yoast SEO plugin. -->","yoast_head_json":{"title":"Madagascar Centella Tone Brightening Capsule Ampoule - Pure Cosmetics","robots":{"index":"index","follow":"follow","max-snippet":"max-snippet:-1","max-image-preview":"max-image-preview:large","max-video-preview":"max-video-preview:-1"},"canonical":"https:\/\/purecosmetics-shop.com\/accueil\/produit\/skin1004-madagascar-centella-tone-brightening-capsule-ampoule\/","og_locale":"fr_FR","og_type":"article","og_title":"Madagascar Centella Tone Brightening Capsule Ampoule - Pure Cosmetics","og_description":"Ampoule enrichi en ingr\u00e9dient brevet\u00e9 MadeWhite\u2122 pour illuminer votre teint terne et fatigu\u00e9.  Elle contient de l\u2019extrait de Centella Asiatica pour apaiser et reconstituer le niveau d\u2019hydratation de la peau mais \u00e9galement de la mad\u00e9cassoside\u00a0pour aider \u00e0 \u00e9claircir la peau.","og_url":"https:\/\/purecosmetics-shop.com\/accueil\/produit\/skin1004-madagascar-centella-tone-brightening-capsule-ampoule\/","og_site_name":"Pure Cosmetics","article_modified_time":"2025-10-29T17:07:45+00:00","og_image":[{"width":800,"height":800,"url":"https:\/\/purecosmetics-shop.com\/wp-content\/uploads\/2024\/10\/SKIN1004-Madagascar-Centella-Tone-Brightening-Capsule-Ampoule.webp","type":"image\/webp"}],"twitter_card":"summary_large_image","twitter_misc":{"Dur\u00e9e de lecture estim\u00e9e":"2 minutes"},"schema":{"@context":"https:\/\/schema.org","@graph":[{"@type":"WebPage","@id":"https:\/\/purecosmetics-shop.com\/accueil\/produit\/skin1004-madagascar-centella-tone-brightening-capsule-ampoule\/","url":"https:\/\/purecosmetics-shop.com\/accueil\/produit\/skin1004-madagascar-centella-tone-brightening-capsule-ampoule\/","name":"Madagascar Centella Tone Brightening Capsule Ampoule - Pure Cosmetics","isPartOf":{"@id":"https:\/\/purecosmetics-shop.com\/accueil\/#website"},"primaryImageOfPage":{"@id":"https:\/\/purecosmetics-shop.com\/accueil\/produit\/skin1004-madagascar-centella-tone-brightening-capsule-ampoule\/#primaryimage"},"image":{"@id":"https:\/\/purecosmetics-shop.com\/accueil\/produit\/skin1004-madagascar-centella-tone-brightening-capsule-ampoule\/#primaryimage"},"thumbnailUrl":"https:\/\/purecosmetics-shop.com\/wp-content\/uploads\/2024\/10\/SKIN1004-Madagascar-Centella-Tone-Brightening-Capsule-Ampoule.webp","datePublished":"2024-10-16T17:12:56+00:00","dateModified":"2025-10-29T17:07:45+00:00","breadcrumb":{"@id":"https:\/\/purecosmetics-shop.com\/accueil\/produit\/skin1004-madagascar-centella-tone-brightening-capsule-ampoule\/#breadcrumb"},"inLanguage":"fr-FR","potentialAction":[{"@type":"ReadAction","target":["https:\/\/purecosmetics-shop.com\/accueil\/produit\/skin1004-madagascar-centella-tone-brightening-capsule-ampoule\/"]}]},{"@type":"ImageObject","inLanguage":"fr-FR","@id":"https:\/\/purecosmetics-shop.com\/accueil\/produit\/skin1004-madagascar-centella-tone-brightening-capsule-ampoule\/#primaryimage","url":"https:\/\/purecosmetics-shop.com\/wp-content\/uploads\/2024\/10\/SKIN1004-Madagascar-Centella-Tone-Brightening-Capsule-Ampoule.webp","contentUrl":"https:\/\/purecosmetics-shop.com\/wp-content\/uploads\/2024\/10\/SKIN1004-Madagascar-Centella-Tone-Brightening-Capsule-Ampoule.webp","width":800,"height":800},{"@type":"BreadcrumbList","@id":"https:\/\/purecosmetics-shop.com\/accueil\/produit\/skin1004-madagascar-centella-tone-brightening-capsule-ampoule\/#breadcrumb","itemListElement":[{"@type":"ListItem","position":1,"name":"Accueil","item":"https:\/\/purecosmetics-shop.com\/accueil\/"},{"@type":"ListItem","position":2,"name":"NOUVEAUT\u00c9S","item":"https:\/\/purecosmetics-shop.com\/accueil\/nouveautes\/"},{"@type":"ListItem","position":3,"name":"Madagascar Centella Tone Brightening Capsule Ampoule"}]},{"@type":"WebSite","@id":"https:\/\/purecosmetics-shop.com\/accueil\/#website","url":"https:\/\/purecosmetics-shop.com\/accueil\/","name":"Pure Cosmetics","description":"Skincare cor\u00e9enne et japonais","publisher":{"@id":"https:\/\/purecosmetics-shop.com\/accueil\/#organization"},"potentialAction":[{"@type":"SearchAction","target":{"@type":"EntryPoint","urlTemplate":"https:\/\/purecosmetics-shop.com\/accueil\/?s={search_term_string}"},"query-input":{"@type":"PropertyValueSpecification","valueRequired":true,"valueName":"search_term_string"}}],"inLanguage":"fr-FR"},{"@type":"Organization","@id":"https:\/\/purecosmetics-shop.com\/accueil\/#organization","name":"Pure Cosmetics","url":"https:\/\/purecosmetics-shop.com\/accueil\/","logo":{"@type":"ImageObject","inLanguage":"fr-FR","@id":"https:\/\/purecosmetics-shop.com\/accueil\/#\/schema\/logo\/image\/","url":"https:\/\/purecosmetics-shop.com\/wp-content\/uploads\/2025\/04\/cropped-Pure-Cosmetics-black-2.png","contentUrl":"https:\/\/purecosmetics-shop.com\/wp-content\/uploads\/2025\/04\/cropped-Pure-Cosmetics-black-2.png","width":2362,"height":2324,"caption":"Pure Cosmetics"},"image":{"@id":"https:\/\/purecosmetics-shop.com\/accueil\/#\/schema\/logo\/image\/"}}]}},"jetpack_sharing_enabled":true,"_links":{"self":[{"href":"https:\/\/purecosmetics-shop.com\/accueil\/wp-json\/wp\/v2\/product\/1333","targetHints":{"allow":["GET"]}}],"collection":[{"href":"https:\/\/purecosmetics-shop.com\/accueil\/wp-json\/wp\/v2\/product"}],"about":[{"href":"https:\/\/purecosmetics-shop.com\/accueil\/wp-json\/wp\/v2\/types\/product"}],"replies":[{"embeddable":true,"href":"https:\/\/purecosmetics-shop.com\/accueil\/wp-json\/wp\/v2\/comments?post=1333"}],"version-history":[{"count":3,"href":"https:\/\/purecosmetics-shop.com\/accueil\/wp-json\/wp\/v2\/product\/1333\/revisions"}],"predecessor-version":[{"id":1853,"href":"https:\/\/purecosmetics-shop.com\/accueil\/wp-json\/wp\/v2\/product\/1333\/revisions\/1853"}],"wp:featuredmedia":[{"embeddable":true,"href":"https:\/\/purecosmetics-shop.com\/accueil\/wp-json\/wp\/v2\/media\/1850"}],"wp:attachment":[{"href":"https:\/\/purecosmetics-shop.com\/accueil\/wp-json\/wp\/v2\/media?parent=1333"}],"wp:term":[{"taxonomy":"product_brand","embeddable":true,"href":"https:\/\/purecosmetics-shop.com\/accueil\/wp-json\/wp\/v2\/product_brand?post=1333"},{"taxonomy":"product_cat","embeddable":true,"href":"https:\/\/purecosmetics-shop.com\/accueil\/wp-json\/wp\/v2\/product_cat?post=1333"},{"taxonomy":"product_tag","embeddable":true,"href":"https:\/\/purecosmetics-shop.com\/accueil\/wp-json\/wp\/v2\/product_tag?post=1333"}],"curies":[{"name":"wp","href":"https:\/\/api.w.org\/{rel}","templated":true}]}}