{"id":133,"date":"2024-07-26T10:05:28","date_gmt":"2024-07-26T14:05:28","guid":{"rendered":"https:\/\/purecosmetics-shop.com\/accueil\/?post_type=product&#038;p=133"},"modified":"2026-04-16T05:57:22","modified_gmt":"2026-04-16T09:57:22","slug":"round-lab-1025-dokdo-cleanser","status":"publish","type":"product","link":"https:\/\/purecosmetics-shop.com\/accueil\/produit\/round-lab-1025-dokdo-cleanser\/","title":{"rendered":"1025 Dokdo Cleanser"},"content":{"rendered":"<p>Ce nettoyant mousseux et cr\u00e9meux est con\u00e7u pour purifier votre peau tout en \u00e9liminant l&rsquo;exc\u00e8s de s\u00e9bum. Sa formule unique assure un nettoyage en profondeur sans provoquer une sensation de s\u00e9cheresse excessive.<\/p>\n<h2>\u00c9limination des Impuret\u00e9s<\/h2>\n<p>Le nettoyant \u00e9limine efficacement les impuret\u00e9s qui peuvent obstruer les pores et causer divers probl\u00e8mes de peau. En int\u00e9grant ce produit dans votre routine de soin, vous offrez \u00e0 votre peau une v\u00e9ritable bouff\u00e9e d&rsquo;air frais.<\/p>\n<h2>Maintien de l&rsquo;\u00c9quilibre Hydrique<\/h2>\n<p>En plus de sa capacit\u00e9 \u00e0 nettoyer en profondeur, ce nettoyant aide \u00e9galement \u00e0 maintenir un \u00e9quilibre hydrique sain. Votre peau reste ainsi douce, hydrat\u00e9e et en pleine sant\u00e9.<\/p>\n","protected":false},"excerpt":{"rendered":"<p>Ce nettoyant mousseux et cr\u00e9meux purifie et \u00e9limine l&rsquo;exc\u00e8s de s\u00e9bum sans trop dess\u00e9cher. Il \u00e9limine les impuret\u00e9s et aide la peau \u00e0 maintenir un \u00e9quilibre hydrique sain.<\/p>\n","protected":false},"featured_media":134,"comment_status":"open","ping_status":"closed","template":"","meta":[],"product_brand":[178],"product_cat":[108,112,18,115,116],"product_tag":[],"class_list":{"0":"post-133","1":"product","2":"type-product","3":"status-publish","4":"has-post-thumbnail","6":"product_brand-round-lab","7":"product_cat-anti-imperfections-et-pores","8":"product_cat-hydratation","9":"product_cat-nettoyant-visage","10":"product_cat-peau-grasse","11":"product_cat-peau-mixte","13":"first","14":"instock","15":"shipping-taxable","16":"purchasable","17":"product-type-simple"},"yoast_head":"<!-- This site is optimized with the Yoast SEO plugin v27.4 - https:\/\/yoast.com\/product\/yoast-seo-wordpress\/ -->\n<title>1025 Dokdo Cleanser - Pure Cosmetics<\/title>\n<meta name=\"description\" content=\"Ce nettoyant mousseux et cr\u00e9meux purifie et \u00e9limine l&#039;exc\u00e8s de s\u00e9bum sans trop dess\u00e9cher. Il \u00e9limine les impuret\u00e9s et aide la peau \u00e0 maintenir un \u00e9quilibre hydrique sain.\" \/>\n<meta name=\"robots\" content=\"index, follow, max-snippet:-1, max-image-preview:large, max-video-preview:-1\" \/>\n<link rel=\"canonical\" href=\"https:\/\/purecosmetics-shop.com\/accueil\/produit\/round-lab-1025-dokdo-cleanser\/\" \/>\n<meta property=\"og:locale\" content=\"fr_FR\" \/>\n<meta property=\"og:type\" content=\"article\" \/>\n<meta property=\"og:title\" content=\"1025 Dokdo Cleanser - Pure Cosmetics\" \/>\n<meta property=\"og:description\" content=\"Ce nettoyant mousseux et cr\u00e9meux purifie et \u00e9limine l&#039;exc\u00e8s de s\u00e9bum sans trop dess\u00e9cher. Il \u00e9limine les impuret\u00e9s et aide la peau \u00e0 maintenir un \u00e9quilibre hydrique sain.\" \/>\n<meta property=\"og:url\" content=\"https:\/\/purecosmetics-shop.com\/accueil\/produit\/round-lab-1025-dokdo-cleanser\/\" \/>\n<meta property=\"og:site_name\" content=\"Pure Cosmetics\" \/>\n<meta property=\"article:modified_time\" content=\"2026-04-16T09:57:22+00:00\" \/>\n<meta property=\"og:image\" content=\"https:\/\/purecosmetics-shop.com\/wp-content\/uploads\/2024\/07\/4A8918A0-3842-4095-93E2-FAB8E9A03020.jpg\" \/>\n\t<meta property=\"og:image:width\" content=\"1296\" \/>\n\t<meta property=\"og:image:height\" content=\"1296\" \/>\n\t<meta property=\"og:image:type\" content=\"image\/jpeg\" \/>\n<meta name=\"twitter:card\" content=\"summary_large_image\" \/>\n<meta name=\"twitter:label1\" content=\"Dur\u00e9e de lecture estim\u00e9e\" \/>\n\t<meta name=\"twitter:data1\" content=\"1 minute\" \/>\n<script type=\"application\/ld+json\" class=\"yoast-schema-graph\">{\"@context\":\"https:\\\/\\\/schema.org\",\"@graph\":[{\"@type\":\"WebPage\",\"@id\":\"https:\\\/\\\/purecosmetics-shop.com\\\/accueil\\\/produit\\\/round-lab-1025-dokdo-cleanser\\\/\",\"url\":\"https:\\\/\\\/purecosmetics-shop.com\\\/accueil\\\/produit\\\/round-lab-1025-dokdo-cleanser\\\/\",\"name\":\"1025 Dokdo Cleanser - Pure Cosmetics\",\"isPartOf\":{\"@id\":\"https:\\\/\\\/purecosmetics-shop.com\\\/accueil\\\/#website\"},\"primaryImageOfPage\":{\"@id\":\"https:\\\/\\\/purecosmetics-shop.com\\\/accueil\\\/produit\\\/round-lab-1025-dokdo-cleanser\\\/#primaryimage\"},\"image\":{\"@id\":\"https:\\\/\\\/purecosmetics-shop.com\\\/accueil\\\/produit\\\/round-lab-1025-dokdo-cleanser\\\/#primaryimage\"},\"thumbnailUrl\":\"https:\\\/\\\/purecosmetics-shop.com\\\/wp-content\\\/uploads\\\/2024\\\/07\\\/4A8918A0-3842-4095-93E2-FAB8E9A03020.jpg\",\"datePublished\":\"2024-07-26T14:05:28+00:00\",\"dateModified\":\"2026-04-16T09:57:22+00:00\",\"description\":\"Ce nettoyant mousseux et cr\u00e9meux purifie et \u00e9limine l'exc\u00e8s de s\u00e9bum sans trop dess\u00e9cher. Il \u00e9limine les impuret\u00e9s et aide la peau \u00e0 maintenir un \u00e9quilibre hydrique sain.\",\"breadcrumb\":{\"@id\":\"https:\\\/\\\/purecosmetics-shop.com\\\/accueil\\\/produit\\\/round-lab-1025-dokdo-cleanser\\\/#breadcrumb\"},\"inLanguage\":\"fr-FR\",\"potentialAction\":[{\"@type\":\"ReadAction\",\"target\":[\"https:\\\/\\\/purecosmetics-shop.com\\\/accueil\\\/produit\\\/round-lab-1025-dokdo-cleanser\\\/\"]}]},{\"@type\":\"ImageObject\",\"inLanguage\":\"fr-FR\",\"@id\":\"https:\\\/\\\/purecosmetics-shop.com\\\/accueil\\\/produit\\\/round-lab-1025-dokdo-cleanser\\\/#primaryimage\",\"url\":\"https:\\\/\\\/purecosmetics-shop.com\\\/wp-content\\\/uploads\\\/2024\\\/07\\\/4A8918A0-3842-4095-93E2-FAB8E9A03020.jpg\",\"contentUrl\":\"https:\\\/\\\/purecosmetics-shop.com\\\/wp-content\\\/uploads\\\/2024\\\/07\\\/4A8918A0-3842-4095-93E2-FAB8E9A03020.jpg\",\"width\":1296,\"height\":1296},{\"@type\":\"BreadcrumbList\",\"@id\":\"https:\\\/\\\/purecosmetics-shop.com\\\/accueil\\\/produit\\\/round-lab-1025-dokdo-cleanser\\\/#breadcrumb\",\"itemListElement\":[{\"@type\":\"ListItem\",\"position\":1,\"name\":\"Accueil\",\"item\":\"https:\\\/\\\/purecosmetics-shop.com\\\/accueil\\\/\"},{\"@type\":\"ListItem\",\"position\":2,\"name\":\"NOUVEAUT\u00c9S\",\"item\":\"https:\\\/\\\/purecosmetics-shop.com\\\/accueil\\\/nouveautes\\\/\"},{\"@type\":\"ListItem\",\"position\":3,\"name\":\"1025 Dokdo Cleanser\"}]},{\"@type\":\"WebSite\",\"@id\":\"https:\\\/\\\/purecosmetics-shop.com\\\/accueil\\\/#website\",\"url\":\"https:\\\/\\\/purecosmetics-shop.com\\\/accueil\\\/\",\"name\":\"Pure Cosmetics\",\"description\":\"Skincare cor\u00e9enne et japonais\",\"publisher\":{\"@id\":\"https:\\\/\\\/purecosmetics-shop.com\\\/accueil\\\/#organization\"},\"potentialAction\":[{\"@type\":\"SearchAction\",\"target\":{\"@type\":\"EntryPoint\",\"urlTemplate\":\"https:\\\/\\\/purecosmetics-shop.com\\\/accueil\\\/?s={search_term_string}\"},\"query-input\":{\"@type\":\"PropertyValueSpecification\",\"valueRequired\":true,\"valueName\":\"search_term_string\"}}],\"inLanguage\":\"fr-FR\"},{\"@type\":\"Organization\",\"@id\":\"https:\\\/\\\/purecosmetics-shop.com\\\/accueil\\\/#organization\",\"name\":\"Pure Cosmetics\",\"url\":\"https:\\\/\\\/purecosmetics-shop.com\\\/accueil\\\/\",\"logo\":{\"@type\":\"ImageObject\",\"inLanguage\":\"fr-FR\",\"@id\":\"https:\\\/\\\/purecosmetics-shop.com\\\/accueil\\\/#\\\/schema\\\/logo\\\/image\\\/\",\"url\":\"https:\\\/\\\/purecosmetics-shop.com\\\/wp-content\\\/uploads\\\/2025\\\/04\\\/cropped-Pure-Cosmetics-black-2.png\",\"contentUrl\":\"https:\\\/\\\/purecosmetics-shop.com\\\/wp-content\\\/uploads\\\/2025\\\/04\\\/cropped-Pure-Cosmetics-black-2.png\",\"width\":2362,\"height\":2324,\"caption\":\"Pure Cosmetics\"},\"image\":{\"@id\":\"https:\\\/\\\/purecosmetics-shop.com\\\/accueil\\\/#\\\/schema\\\/logo\\\/image\\\/\"}}]}<\/script>\n<!-- \/ Yoast SEO plugin. -->","yoast_head_json":{"title":"1025 Dokdo Cleanser - Pure Cosmetics","description":"Ce nettoyant mousseux et cr\u00e9meux purifie et \u00e9limine l'exc\u00e8s de s\u00e9bum sans trop dess\u00e9cher. Il \u00e9limine les impuret\u00e9s et aide la peau \u00e0 maintenir un \u00e9quilibre hydrique sain.","robots":{"index":"index","follow":"follow","max-snippet":"max-snippet:-1","max-image-preview":"max-image-preview:large","max-video-preview":"max-video-preview:-1"},"canonical":"https:\/\/purecosmetics-shop.com\/accueil\/produit\/round-lab-1025-dokdo-cleanser\/","og_locale":"fr_FR","og_type":"article","og_title":"1025 Dokdo Cleanser - Pure Cosmetics","og_description":"Ce nettoyant mousseux et cr\u00e9meux purifie et \u00e9limine l'exc\u00e8s de s\u00e9bum sans trop dess\u00e9cher. Il \u00e9limine les impuret\u00e9s et aide la peau \u00e0 maintenir un \u00e9quilibre hydrique sain.","og_url":"https:\/\/purecosmetics-shop.com\/accueil\/produit\/round-lab-1025-dokdo-cleanser\/","og_site_name":"Pure Cosmetics","article_modified_time":"2026-04-16T09:57:22+00:00","og_image":[{"width":1296,"height":1296,"url":"https:\/\/purecosmetics-shop.com\/wp-content\/uploads\/2024\/07\/4A8918A0-3842-4095-93E2-FAB8E9A03020.jpg","type":"image\/jpeg"}],"twitter_card":"summary_large_image","twitter_misc":{"Dur\u00e9e de lecture estim\u00e9e":"1 minute"},"schema":{"@context":"https:\/\/schema.org","@graph":[{"@type":"WebPage","@id":"https:\/\/purecosmetics-shop.com\/accueil\/produit\/round-lab-1025-dokdo-cleanser\/","url":"https:\/\/purecosmetics-shop.com\/accueil\/produit\/round-lab-1025-dokdo-cleanser\/","name":"1025 Dokdo Cleanser - Pure Cosmetics","isPartOf":{"@id":"https:\/\/purecosmetics-shop.com\/accueil\/#website"},"primaryImageOfPage":{"@id":"https:\/\/purecosmetics-shop.com\/accueil\/produit\/round-lab-1025-dokdo-cleanser\/#primaryimage"},"image":{"@id":"https:\/\/purecosmetics-shop.com\/accueil\/produit\/round-lab-1025-dokdo-cleanser\/#primaryimage"},"thumbnailUrl":"https:\/\/purecosmetics-shop.com\/wp-content\/uploads\/2024\/07\/4A8918A0-3842-4095-93E2-FAB8E9A03020.jpg","datePublished":"2024-07-26T14:05:28+00:00","dateModified":"2026-04-16T09:57:22+00:00","description":"Ce nettoyant mousseux et cr\u00e9meux purifie et \u00e9limine l'exc\u00e8s de s\u00e9bum sans trop dess\u00e9cher. Il \u00e9limine les impuret\u00e9s et aide la peau \u00e0 maintenir un \u00e9quilibre hydrique sain.","breadcrumb":{"@id":"https:\/\/purecosmetics-shop.com\/accueil\/produit\/round-lab-1025-dokdo-cleanser\/#breadcrumb"},"inLanguage":"fr-FR","potentialAction":[{"@type":"ReadAction","target":["https:\/\/purecosmetics-shop.com\/accueil\/produit\/round-lab-1025-dokdo-cleanser\/"]}]},{"@type":"ImageObject","inLanguage":"fr-FR","@id":"https:\/\/purecosmetics-shop.com\/accueil\/produit\/round-lab-1025-dokdo-cleanser\/#primaryimage","url":"https:\/\/purecosmetics-shop.com\/wp-content\/uploads\/2024\/07\/4A8918A0-3842-4095-93E2-FAB8E9A03020.jpg","contentUrl":"https:\/\/purecosmetics-shop.com\/wp-content\/uploads\/2024\/07\/4A8918A0-3842-4095-93E2-FAB8E9A03020.jpg","width":1296,"height":1296},{"@type":"BreadcrumbList","@id":"https:\/\/purecosmetics-shop.com\/accueil\/produit\/round-lab-1025-dokdo-cleanser\/#breadcrumb","itemListElement":[{"@type":"ListItem","position":1,"name":"Accueil","item":"https:\/\/purecosmetics-shop.com\/accueil\/"},{"@type":"ListItem","position":2,"name":"NOUVEAUT\u00c9S","item":"https:\/\/purecosmetics-shop.com\/accueil\/nouveautes\/"},{"@type":"ListItem","position":3,"name":"1025 Dokdo Cleanser"}]},{"@type":"WebSite","@id":"https:\/\/purecosmetics-shop.com\/accueil\/#website","url":"https:\/\/purecosmetics-shop.com\/accueil\/","name":"Pure Cosmetics","description":"Skincare cor\u00e9enne et japonais","publisher":{"@id":"https:\/\/purecosmetics-shop.com\/accueil\/#organization"},"potentialAction":[{"@type":"SearchAction","target":{"@type":"EntryPoint","urlTemplate":"https:\/\/purecosmetics-shop.com\/accueil\/?s={search_term_string}"},"query-input":{"@type":"PropertyValueSpecification","valueRequired":true,"valueName":"search_term_string"}}],"inLanguage":"fr-FR"},{"@type":"Organization","@id":"https:\/\/purecosmetics-shop.com\/accueil\/#organization","name":"Pure Cosmetics","url":"https:\/\/purecosmetics-shop.com\/accueil\/","logo":{"@type":"ImageObject","inLanguage":"fr-FR","@id":"https:\/\/purecosmetics-shop.com\/accueil\/#\/schema\/logo\/image\/","url":"https:\/\/purecosmetics-shop.com\/wp-content\/uploads\/2025\/04\/cropped-Pure-Cosmetics-black-2.png","contentUrl":"https:\/\/purecosmetics-shop.com\/wp-content\/uploads\/2025\/04\/cropped-Pure-Cosmetics-black-2.png","width":2362,"height":2324,"caption":"Pure Cosmetics"},"image":{"@id":"https:\/\/purecosmetics-shop.com\/accueil\/#\/schema\/logo\/image\/"}}]}},"jetpack_sharing_enabled":true,"_links":{"self":[{"href":"https:\/\/purecosmetics-shop.com\/accueil\/wp-json\/wp\/v2\/product\/133","targetHints":{"allow":["GET"]}}],"collection":[{"href":"https:\/\/purecosmetics-shop.com\/accueil\/wp-json\/wp\/v2\/product"}],"about":[{"href":"https:\/\/purecosmetics-shop.com\/accueil\/wp-json\/wp\/v2\/types\/product"}],"replies":[{"embeddable":true,"href":"https:\/\/purecosmetics-shop.com\/accueil\/wp-json\/wp\/v2\/comments?post=133"}],"version-history":[{"count":2,"href":"https:\/\/purecosmetics-shop.com\/accueil\/wp-json\/wp\/v2\/product\/133\/revisions"}],"predecessor-version":[{"id":2695,"href":"https:\/\/purecosmetics-shop.com\/accueil\/wp-json\/wp\/v2\/product\/133\/revisions\/2695"}],"wp:featuredmedia":[{"embeddable":true,"href":"https:\/\/purecosmetics-shop.com\/accueil\/wp-json\/wp\/v2\/media\/134"}],"wp:attachment":[{"href":"https:\/\/purecosmetics-shop.com\/accueil\/wp-json\/wp\/v2\/media?parent=133"}],"wp:term":[{"taxonomy":"product_brand","embeddable":true,"href":"https:\/\/purecosmetics-shop.com\/accueil\/wp-json\/wp\/v2\/product_brand?post=133"},{"taxonomy":"product_cat","embeddable":true,"href":"https:\/\/purecosmetics-shop.com\/accueil\/wp-json\/wp\/v2\/product_cat?post=133"},{"taxonomy":"product_tag","embeddable":true,"href":"https:\/\/purecosmetics-shop.com\/accueil\/wp-json\/wp\/v2\/product_tag?post=133"}],"curies":[{"name":"wp","href":"https:\/\/api.w.org\/{rel}","templated":true}]}}