{"id":1328,"date":"2024-10-16T13:12:53","date_gmt":"2024-10-16T17:12:53","guid":{"rendered":"https:\/\/purecosmetics-shop.com\/accueil\/produit\/somebymi-retinol-intense-advanced-triple-action-eye-cream\/"},"modified":"2026-04-16T05:46:22","modified_gmt":"2026-04-16T09:46:22","slug":"somebymi-retinol-intense-advanced-triple-action-eye-cream","status":"publish","type":"product","link":"https:\/\/purecosmetics-shop.com\/accueil\/produit\/somebymi-retinol-intense-advanced-triple-action-eye-cream\/","title":{"rendered":"RETINOL INTENSE ADVANCED TRIPLE ACTION EYE CREAM"},"content":{"rendered":"<p>RETINOL EYE CREAM a subi six tests anti-\u00e2ge et a montr\u00e9 des r\u00e9sultats efficaces en seulement deux semaines.<\/p>\n<p>Cette cr\u00e8me pour les yeux quotidienne a \u00e9galement subi un test pour am\u00e9liorer les cernes et contient du r\u00e9tinol et du r\u00e9tinal pour am\u00e9liorer les rides.<\/p>\n<p>La cr\u00e8me pour les yeux est infus\u00e9e de collag\u00e8ne et de peptides d&rsquo;origine v\u00e9g\u00e9tale pour lifter la peau, tout en \u00e9tant non dess\u00e9chante et hydratante.<\/p>\n<p>Cette cr\u00e8me au r\u00e9tinol est hypoallerg\u00e9nique et exempte de 20 types d&rsquo;ingr\u00e9dients nocifs pour la peau.<\/p>\n<p>Faites l&rsquo;exp\u00e9rience d&rsquo;un soin de la peau efficace et d&rsquo;apparence jeune gr\u00e2ce \u00e0 la cr\u00e8me pour les yeux au r\u00e9tinol qui contient du glutathion et de l&rsquo;acide tranexamique, en se concentrant intens\u00e9ment sur l&rsquo;assombrissement des yeux qui donne une apparence terne et fatigu\u00e9e.<\/p>\n<p>Compl\u00e9t\u00e9 par un test total d&rsquo;am\u00e9lioration des rides sur les sillons nasog\u00e9niens, les rides glabellaires et les zones autour des yeux, du front, des l\u00e8vres et du cou, afin que vous puissiez ressentir l&rsquo;effet anti-rides !<\/p>\n","protected":false},"excerpt":{"rendered":"<p>Essayez un soin \u00e9claircissant intense sur le contour de vos yeux gr\u00e2ce \u00e0 la cr\u00e8me pour les yeux SOME BY MI\u00a0!<br \/>\nSoin intensif pour les cernes et les ridules.<\/p>\n","protected":false},"featured_media":1880,"comment_status":"open","ping_status":"closed","template":"","meta":[],"product_brand":[181],"product_cat":[107,111,22],"product_tag":[],"class_list":{"0":"post-1328","1":"product","2":"type-product","3":"status-publish","4":"has-post-thumbnail","6":"product_brand-somebymi","7":"product_cat-anti-age-et-elasticite","8":"product_cat-cernes-et-poches","9":"product_cat-yeux","11":"first","12":"instock","13":"shipping-taxable","14":"purchasable","15":"product-type-simple"},"yoast_head":"<!-- This site is optimized with the Yoast SEO plugin v27.4 - https:\/\/yoast.com\/product\/yoast-seo-wordpress\/ -->\n<title>RETINOL INTENSE ADVANCED TRIPLE ACTION EYE CREAM - Pure Cosmetics<\/title>\n<meta name=\"robots\" content=\"index, follow, max-snippet:-1, max-image-preview:large, max-video-preview:-1\" \/>\n<link rel=\"canonical\" href=\"https:\/\/purecosmetics-shop.com\/accueil\/produit\/somebymi-retinol-intense-advanced-triple-action-eye-cream\/\" \/>\n<meta property=\"og:locale\" content=\"fr_FR\" \/>\n<meta property=\"og:type\" content=\"article\" \/>\n<meta property=\"og:title\" content=\"RETINOL INTENSE ADVANCED TRIPLE ACTION EYE CREAM - Pure Cosmetics\" \/>\n<meta property=\"og:description\" content=\"Essayez un soin \u00e9claircissant intense sur le contour de vos yeux gr\u00e2ce \u00e0 la cr\u00e8me pour les yeux SOME BY MI\u00a0! Soin intensif pour les cernes et les ridules.\" \/>\n<meta property=\"og:url\" content=\"https:\/\/purecosmetics-shop.com\/accueil\/produit\/somebymi-retinol-intense-advanced-triple-action-eye-cream\/\" \/>\n<meta property=\"og:site_name\" content=\"Pure Cosmetics\" \/>\n<meta property=\"article:modified_time\" content=\"2026-04-16T09:46:22+00:00\" \/>\n<meta property=\"og:image\" content=\"https:\/\/purecosmetics-shop.com\/wp-content\/uploads\/2024\/10\/SBM-Retinol-Intense-Advanced-Triple-Action-Eye-Cream.webp\" \/>\n\t<meta property=\"og:image:width\" content=\"800\" \/>\n\t<meta property=\"og:image:height\" content=\"800\" \/>\n\t<meta property=\"og:image:type\" content=\"image\/webp\" \/>\n<meta name=\"twitter:card\" content=\"summary_large_image\" \/>\n<meta name=\"twitter:label1\" content=\"Dur\u00e9e de lecture estim\u00e9e\" \/>\n\t<meta name=\"twitter:data1\" content=\"2 minutes\" \/>\n<script type=\"application\/ld+json\" class=\"yoast-schema-graph\">{\"@context\":\"https:\\\/\\\/schema.org\",\"@graph\":[{\"@type\":\"WebPage\",\"@id\":\"https:\\\/\\\/purecosmetics-shop.com\\\/accueil\\\/produit\\\/somebymi-retinol-intense-advanced-triple-action-eye-cream\\\/\",\"url\":\"https:\\\/\\\/purecosmetics-shop.com\\\/accueil\\\/produit\\\/somebymi-retinol-intense-advanced-triple-action-eye-cream\\\/\",\"name\":\"RETINOL INTENSE ADVANCED TRIPLE ACTION EYE CREAM - Pure Cosmetics\",\"isPartOf\":{\"@id\":\"https:\\\/\\\/purecosmetics-shop.com\\\/accueil\\\/#website\"},\"primaryImageOfPage\":{\"@id\":\"https:\\\/\\\/purecosmetics-shop.com\\\/accueil\\\/produit\\\/somebymi-retinol-intense-advanced-triple-action-eye-cream\\\/#primaryimage\"},\"image\":{\"@id\":\"https:\\\/\\\/purecosmetics-shop.com\\\/accueil\\\/produit\\\/somebymi-retinol-intense-advanced-triple-action-eye-cream\\\/#primaryimage\"},\"thumbnailUrl\":\"https:\\\/\\\/purecosmetics-shop.com\\\/wp-content\\\/uploads\\\/2024\\\/10\\\/SBM-Retinol-Intense-Advanced-Triple-Action-Eye-Cream.webp\",\"datePublished\":\"2024-10-16T17:12:53+00:00\",\"dateModified\":\"2026-04-16T09:46:22+00:00\",\"breadcrumb\":{\"@id\":\"https:\\\/\\\/purecosmetics-shop.com\\\/accueil\\\/produit\\\/somebymi-retinol-intense-advanced-triple-action-eye-cream\\\/#breadcrumb\"},\"inLanguage\":\"fr-FR\",\"potentialAction\":[{\"@type\":\"ReadAction\",\"target\":[\"https:\\\/\\\/purecosmetics-shop.com\\\/accueil\\\/produit\\\/somebymi-retinol-intense-advanced-triple-action-eye-cream\\\/\"]}]},{\"@type\":\"ImageObject\",\"inLanguage\":\"fr-FR\",\"@id\":\"https:\\\/\\\/purecosmetics-shop.com\\\/accueil\\\/produit\\\/somebymi-retinol-intense-advanced-triple-action-eye-cream\\\/#primaryimage\",\"url\":\"https:\\\/\\\/purecosmetics-shop.com\\\/wp-content\\\/uploads\\\/2024\\\/10\\\/SBM-Retinol-Intense-Advanced-Triple-Action-Eye-Cream.webp\",\"contentUrl\":\"https:\\\/\\\/purecosmetics-shop.com\\\/wp-content\\\/uploads\\\/2024\\\/10\\\/SBM-Retinol-Intense-Advanced-Triple-Action-Eye-Cream.webp\",\"width\":800,\"height\":800},{\"@type\":\"BreadcrumbList\",\"@id\":\"https:\\\/\\\/purecosmetics-shop.com\\\/accueil\\\/produit\\\/somebymi-retinol-intense-advanced-triple-action-eye-cream\\\/#breadcrumb\",\"itemListElement\":[{\"@type\":\"ListItem\",\"position\":1,\"name\":\"Accueil\",\"item\":\"https:\\\/\\\/purecosmetics-shop.com\\\/accueil\\\/\"},{\"@type\":\"ListItem\",\"position\":2,\"name\":\"NOUVEAUT\u00c9S\",\"item\":\"https:\\\/\\\/purecosmetics-shop.com\\\/accueil\\\/nouveautes\\\/\"},{\"@type\":\"ListItem\",\"position\":3,\"name\":\"RETINOL INTENSE ADVANCED TRIPLE ACTION EYE CREAM\"}]},{\"@type\":\"WebSite\",\"@id\":\"https:\\\/\\\/purecosmetics-shop.com\\\/accueil\\\/#website\",\"url\":\"https:\\\/\\\/purecosmetics-shop.com\\\/accueil\\\/\",\"name\":\"Pure Cosmetics\",\"description\":\"Skincare cor\u00e9enne et japonais\",\"publisher\":{\"@id\":\"https:\\\/\\\/purecosmetics-shop.com\\\/accueil\\\/#organization\"},\"potentialAction\":[{\"@type\":\"SearchAction\",\"target\":{\"@type\":\"EntryPoint\",\"urlTemplate\":\"https:\\\/\\\/purecosmetics-shop.com\\\/accueil\\\/?s={search_term_string}\"},\"query-input\":{\"@type\":\"PropertyValueSpecification\",\"valueRequired\":true,\"valueName\":\"search_term_string\"}}],\"inLanguage\":\"fr-FR\"},{\"@type\":\"Organization\",\"@id\":\"https:\\\/\\\/purecosmetics-shop.com\\\/accueil\\\/#organization\",\"name\":\"Pure Cosmetics\",\"url\":\"https:\\\/\\\/purecosmetics-shop.com\\\/accueil\\\/\",\"logo\":{\"@type\":\"ImageObject\",\"inLanguage\":\"fr-FR\",\"@id\":\"https:\\\/\\\/purecosmetics-shop.com\\\/accueil\\\/#\\\/schema\\\/logo\\\/image\\\/\",\"url\":\"https:\\\/\\\/purecosmetics-shop.com\\\/wp-content\\\/uploads\\\/2025\\\/04\\\/cropped-Pure-Cosmetics-black-2.png\",\"contentUrl\":\"https:\\\/\\\/purecosmetics-shop.com\\\/wp-content\\\/uploads\\\/2025\\\/04\\\/cropped-Pure-Cosmetics-black-2.png\",\"width\":2362,\"height\":2324,\"caption\":\"Pure Cosmetics\"},\"image\":{\"@id\":\"https:\\\/\\\/purecosmetics-shop.com\\\/accueil\\\/#\\\/schema\\\/logo\\\/image\\\/\"}}]}<\/script>\n<!-- \/ Yoast SEO plugin. -->","yoast_head_json":{"title":"RETINOL INTENSE ADVANCED TRIPLE ACTION EYE CREAM - Pure Cosmetics","robots":{"index":"index","follow":"follow","max-snippet":"max-snippet:-1","max-image-preview":"max-image-preview:large","max-video-preview":"max-video-preview:-1"},"canonical":"https:\/\/purecosmetics-shop.com\/accueil\/produit\/somebymi-retinol-intense-advanced-triple-action-eye-cream\/","og_locale":"fr_FR","og_type":"article","og_title":"RETINOL INTENSE ADVANCED TRIPLE ACTION EYE CREAM - Pure Cosmetics","og_description":"Essayez un soin \u00e9claircissant intense sur le contour de vos yeux gr\u00e2ce \u00e0 la cr\u00e8me pour les yeux SOME BY MI\u00a0! Soin intensif pour les cernes et les ridules.","og_url":"https:\/\/purecosmetics-shop.com\/accueil\/produit\/somebymi-retinol-intense-advanced-triple-action-eye-cream\/","og_site_name":"Pure Cosmetics","article_modified_time":"2026-04-16T09:46:22+00:00","og_image":[{"width":800,"height":800,"url":"https:\/\/purecosmetics-shop.com\/wp-content\/uploads\/2024\/10\/SBM-Retinol-Intense-Advanced-Triple-Action-Eye-Cream.webp","type":"image\/webp"}],"twitter_card":"summary_large_image","twitter_misc":{"Dur\u00e9e de lecture estim\u00e9e":"2 minutes"},"schema":{"@context":"https:\/\/schema.org","@graph":[{"@type":"WebPage","@id":"https:\/\/purecosmetics-shop.com\/accueil\/produit\/somebymi-retinol-intense-advanced-triple-action-eye-cream\/","url":"https:\/\/purecosmetics-shop.com\/accueil\/produit\/somebymi-retinol-intense-advanced-triple-action-eye-cream\/","name":"RETINOL INTENSE ADVANCED TRIPLE ACTION EYE CREAM - Pure Cosmetics","isPartOf":{"@id":"https:\/\/purecosmetics-shop.com\/accueil\/#website"},"primaryImageOfPage":{"@id":"https:\/\/purecosmetics-shop.com\/accueil\/produit\/somebymi-retinol-intense-advanced-triple-action-eye-cream\/#primaryimage"},"image":{"@id":"https:\/\/purecosmetics-shop.com\/accueil\/produit\/somebymi-retinol-intense-advanced-triple-action-eye-cream\/#primaryimage"},"thumbnailUrl":"https:\/\/purecosmetics-shop.com\/wp-content\/uploads\/2024\/10\/SBM-Retinol-Intense-Advanced-Triple-Action-Eye-Cream.webp","datePublished":"2024-10-16T17:12:53+00:00","dateModified":"2026-04-16T09:46:22+00:00","breadcrumb":{"@id":"https:\/\/purecosmetics-shop.com\/accueil\/produit\/somebymi-retinol-intense-advanced-triple-action-eye-cream\/#breadcrumb"},"inLanguage":"fr-FR","potentialAction":[{"@type":"ReadAction","target":["https:\/\/purecosmetics-shop.com\/accueil\/produit\/somebymi-retinol-intense-advanced-triple-action-eye-cream\/"]}]},{"@type":"ImageObject","inLanguage":"fr-FR","@id":"https:\/\/purecosmetics-shop.com\/accueil\/produit\/somebymi-retinol-intense-advanced-triple-action-eye-cream\/#primaryimage","url":"https:\/\/purecosmetics-shop.com\/wp-content\/uploads\/2024\/10\/SBM-Retinol-Intense-Advanced-Triple-Action-Eye-Cream.webp","contentUrl":"https:\/\/purecosmetics-shop.com\/wp-content\/uploads\/2024\/10\/SBM-Retinol-Intense-Advanced-Triple-Action-Eye-Cream.webp","width":800,"height":800},{"@type":"BreadcrumbList","@id":"https:\/\/purecosmetics-shop.com\/accueil\/produit\/somebymi-retinol-intense-advanced-triple-action-eye-cream\/#breadcrumb","itemListElement":[{"@type":"ListItem","position":1,"name":"Accueil","item":"https:\/\/purecosmetics-shop.com\/accueil\/"},{"@type":"ListItem","position":2,"name":"NOUVEAUT\u00c9S","item":"https:\/\/purecosmetics-shop.com\/accueil\/nouveautes\/"},{"@type":"ListItem","position":3,"name":"RETINOL INTENSE ADVANCED TRIPLE ACTION EYE CREAM"}]},{"@type":"WebSite","@id":"https:\/\/purecosmetics-shop.com\/accueil\/#website","url":"https:\/\/purecosmetics-shop.com\/accueil\/","name":"Pure Cosmetics","description":"Skincare cor\u00e9enne et japonais","publisher":{"@id":"https:\/\/purecosmetics-shop.com\/accueil\/#organization"},"potentialAction":[{"@type":"SearchAction","target":{"@type":"EntryPoint","urlTemplate":"https:\/\/purecosmetics-shop.com\/accueil\/?s={search_term_string}"},"query-input":{"@type":"PropertyValueSpecification","valueRequired":true,"valueName":"search_term_string"}}],"inLanguage":"fr-FR"},{"@type":"Organization","@id":"https:\/\/purecosmetics-shop.com\/accueil\/#organization","name":"Pure Cosmetics","url":"https:\/\/purecosmetics-shop.com\/accueil\/","logo":{"@type":"ImageObject","inLanguage":"fr-FR","@id":"https:\/\/purecosmetics-shop.com\/accueil\/#\/schema\/logo\/image\/","url":"https:\/\/purecosmetics-shop.com\/wp-content\/uploads\/2025\/04\/cropped-Pure-Cosmetics-black-2.png","contentUrl":"https:\/\/purecosmetics-shop.com\/wp-content\/uploads\/2025\/04\/cropped-Pure-Cosmetics-black-2.png","width":2362,"height":2324,"caption":"Pure Cosmetics"},"image":{"@id":"https:\/\/purecosmetics-shop.com\/accueil\/#\/schema\/logo\/image\/"}}]}},"jetpack_sharing_enabled":true,"_links":{"self":[{"href":"https:\/\/purecosmetics-shop.com\/accueil\/wp-json\/wp\/v2\/product\/1328","targetHints":{"allow":["GET"]}}],"collection":[{"href":"https:\/\/purecosmetics-shop.com\/accueil\/wp-json\/wp\/v2\/product"}],"about":[{"href":"https:\/\/purecosmetics-shop.com\/accueil\/wp-json\/wp\/v2\/types\/product"}],"replies":[{"embeddable":true,"href":"https:\/\/purecosmetics-shop.com\/accueil\/wp-json\/wp\/v2\/comments?post=1328"}],"version-history":[{"count":3,"href":"https:\/\/purecosmetics-shop.com\/accueil\/wp-json\/wp\/v2\/product\/1328\/revisions"}],"predecessor-version":[{"id":1886,"href":"https:\/\/purecosmetics-shop.com\/accueil\/wp-json\/wp\/v2\/product\/1328\/revisions\/1886"}],"wp:featuredmedia":[{"embeddable":true,"href":"https:\/\/purecosmetics-shop.com\/accueil\/wp-json\/wp\/v2\/media\/1880"}],"wp:attachment":[{"href":"https:\/\/purecosmetics-shop.com\/accueil\/wp-json\/wp\/v2\/media?parent=1328"}],"wp:term":[{"taxonomy":"product_brand","embeddable":true,"href":"https:\/\/purecosmetics-shop.com\/accueil\/wp-json\/wp\/v2\/product_brand?post=1328"},{"taxonomy":"product_cat","embeddable":true,"href":"https:\/\/purecosmetics-shop.com\/accueil\/wp-json\/wp\/v2\/product_cat?post=1328"},{"taxonomy":"product_tag","embeddable":true,"href":"https:\/\/purecosmetics-shop.com\/accueil\/wp-json\/wp\/v2\/product_tag?post=1328"}],"curies":[{"name":"wp","href":"https:\/\/api.w.org\/{rel}","templated":true}]}}