{"id":1327,"date":"2024-10-16T13:12:53","date_gmt":"2024-10-16T17:12:53","guid":{"rendered":"https:\/\/purecosmetics-shop.com\/accueil\/produit\/somebymi-aha-bha-pha-30-days-miracle-foam\/"},"modified":"2025-10-14T13:17:39","modified_gmt":"2025-10-14T17:17:39","slug":"somebymi-aha-bha-pha-30-days-miracle-foam","status":"publish","type":"product","link":"https:\/\/purecosmetics-shop.com\/accueil\/produit\/somebymi-aha-bha-pha-30-days-miracle-foam\/","title":{"rendered":"AHA.BHA.PHA 30 Days Miracle Foam"},"content":{"rendered":"<p>Mousse nettoyante hypoallerg\u00e9nique qui permet de traiter les inflammation des peaux \u00e0 tendance acn\u00e9ique sans l\u2019irriter gr\u00e2ce au Centella.<\/p>\n<p>La pr\u00e9sence des diff\u00e9rents acides exfoliants AHA, BHA et PHA vont permettre de retrouver une peau lisse et \u00e9clatante en \u00e9liminant les cellules mortes, r\u00e9duire l\u2019apparence des rides et l\u2019exc\u00e8s de s\u00e9bum.<\/p>\n<p>Convient \u00e0 tous types de peau, m\u00eame les plus sensible.<\/p>\n","protected":false},"excerpt":{"rendered":"<p>Mousse nettoyante qui \u00e9limine les causes de l&rsquo;acn\u00e9 !<br \/>\nElle vous aide \u00e0 d\u00e9tendre votre peau en capturant le s\u00e9bum et les boutons \u00e0 l&rsquo;int\u00e9rieur de votre peau.<\/p>\n","protected":false},"featured_media":3527,"comment_status":"open","ping_status":"closed","template":"","meta":[],"product_brand":[181],"product_cat":[108,18,113,119],"product_tag":[],"class_list":{"0":"post-1327","1":"product","2":"type-product","3":"status-publish","4":"has-post-thumbnail","6":"product_brand-somebymi","7":"product_cat-anti-imperfections-et-pores","8":"product_cat-nettoyant-visage","9":"product_cat-peau-a-tendance-acneique","10":"product_cat-peau-sensible","12":"first","13":"outofstock","14":"shipping-taxable","15":"purchasable","16":"product-type-simple"},"yoast_head":"<!-- This site is optimized with the Yoast SEO plugin v27.4 - https:\/\/yoast.com\/product\/yoast-seo-wordpress\/ -->\n<title>AHA.BHA.PHA 30 Days Miracle Foam - Pure Cosmetics<\/title>\n<meta name=\"robots\" content=\"index, follow, max-snippet:-1, max-image-preview:large, max-video-preview:-1\" \/>\n<link rel=\"canonical\" href=\"https:\/\/purecosmetics-shop.com\/accueil\/produit\/somebymi-aha-bha-pha-30-days-miracle-foam\/\" \/>\n<meta property=\"og:locale\" content=\"fr_FR\" \/>\n<meta property=\"og:type\" content=\"article\" \/>\n<meta property=\"og:title\" content=\"AHA.BHA.PHA 30 Days Miracle Foam - Pure Cosmetics\" \/>\n<meta property=\"og:description\" content=\"Mousse nettoyante qui \u00e9limine les causes de l&#039;acn\u00e9 ! Elle vous aide \u00e0 d\u00e9tendre votre peau en capturant le s\u00e9bum et les boutons \u00e0 l&#039;int\u00e9rieur de votre peau.\" \/>\n<meta property=\"og:url\" content=\"https:\/\/purecosmetics-shop.com\/accueil\/produit\/somebymi-aha-bha-pha-30-days-miracle-foam\/\" \/>\n<meta property=\"og:site_name\" content=\"Pure Cosmetics\" \/>\n<meta property=\"article:modified_time\" content=\"2025-10-14T17:17:39+00:00\" \/>\n<meta property=\"og:image\" content=\"https:\/\/purecosmetics-shop.com\/wp-content\/uploads\/2024\/10\/some-by-mi-aha-bha-pha-30-days-miracle-foam.webp\" \/>\n\t<meta property=\"og:image:width\" content=\"1080\" \/>\n\t<meta property=\"og:image:height\" content=\"1080\" \/>\n\t<meta property=\"og:image:type\" content=\"image\/webp\" \/>\n<meta name=\"twitter:card\" content=\"summary_large_image\" \/>\n<meta name=\"twitter:label1\" content=\"Dur\u00e9e de lecture estim\u00e9e\" \/>\n\t<meta name=\"twitter:data1\" content=\"1 minute\" \/>\n<script type=\"application\/ld+json\" class=\"yoast-schema-graph\">{\"@context\":\"https:\\\/\\\/schema.org\",\"@graph\":[{\"@type\":\"WebPage\",\"@id\":\"https:\\\/\\\/purecosmetics-shop.com\\\/accueil\\\/produit\\\/somebymi-aha-bha-pha-30-days-miracle-foam\\\/\",\"url\":\"https:\\\/\\\/purecosmetics-shop.com\\\/accueil\\\/produit\\\/somebymi-aha-bha-pha-30-days-miracle-foam\\\/\",\"name\":\"AHA.BHA.PHA 30 Days Miracle Foam - Pure Cosmetics\",\"isPartOf\":{\"@id\":\"https:\\\/\\\/purecosmetics-shop.com\\\/accueil\\\/#website\"},\"primaryImageOfPage\":{\"@id\":\"https:\\\/\\\/purecosmetics-shop.com\\\/accueil\\\/produit\\\/somebymi-aha-bha-pha-30-days-miracle-foam\\\/#primaryimage\"},\"image\":{\"@id\":\"https:\\\/\\\/purecosmetics-shop.com\\\/accueil\\\/produit\\\/somebymi-aha-bha-pha-30-days-miracle-foam\\\/#primaryimage\"},\"thumbnailUrl\":\"https:\\\/\\\/purecosmetics-shop.com\\\/wp-content\\\/uploads\\\/2024\\\/10\\\/some-by-mi-aha-bha-pha-30-days-miracle-foam.webp\",\"datePublished\":\"2024-10-16T17:12:53+00:00\",\"dateModified\":\"2025-10-14T17:17:39+00:00\",\"breadcrumb\":{\"@id\":\"https:\\\/\\\/purecosmetics-shop.com\\\/accueil\\\/produit\\\/somebymi-aha-bha-pha-30-days-miracle-foam\\\/#breadcrumb\"},\"inLanguage\":\"fr-FR\",\"potentialAction\":[{\"@type\":\"ReadAction\",\"target\":[\"https:\\\/\\\/purecosmetics-shop.com\\\/accueil\\\/produit\\\/somebymi-aha-bha-pha-30-days-miracle-foam\\\/\"]}]},{\"@type\":\"ImageObject\",\"inLanguage\":\"fr-FR\",\"@id\":\"https:\\\/\\\/purecosmetics-shop.com\\\/accueil\\\/produit\\\/somebymi-aha-bha-pha-30-days-miracle-foam\\\/#primaryimage\",\"url\":\"https:\\\/\\\/purecosmetics-shop.com\\\/wp-content\\\/uploads\\\/2024\\\/10\\\/some-by-mi-aha-bha-pha-30-days-miracle-foam.webp\",\"contentUrl\":\"https:\\\/\\\/purecosmetics-shop.com\\\/wp-content\\\/uploads\\\/2024\\\/10\\\/some-by-mi-aha-bha-pha-30-days-miracle-foam.webp\",\"width\":1080,\"height\":1080,\"caption\":\"some by mi aha bha pha 30 days miracle foam\"},{\"@type\":\"BreadcrumbList\",\"@id\":\"https:\\\/\\\/purecosmetics-shop.com\\\/accueil\\\/produit\\\/somebymi-aha-bha-pha-30-days-miracle-foam\\\/#breadcrumb\",\"itemListElement\":[{\"@type\":\"ListItem\",\"position\":1,\"name\":\"Accueil\",\"item\":\"https:\\\/\\\/purecosmetics-shop.com\\\/accueil\\\/\"},{\"@type\":\"ListItem\",\"position\":2,\"name\":\"NOUVEAUT\u00c9S\",\"item\":\"https:\\\/\\\/purecosmetics-shop.com\\\/accueil\\\/nouveautes\\\/\"},{\"@type\":\"ListItem\",\"position\":3,\"name\":\"AHA.BHA.PHA 30 Days Miracle Foam\"}]},{\"@type\":\"WebSite\",\"@id\":\"https:\\\/\\\/purecosmetics-shop.com\\\/accueil\\\/#website\",\"url\":\"https:\\\/\\\/purecosmetics-shop.com\\\/accueil\\\/\",\"name\":\"Pure Cosmetics\",\"description\":\"Skincare cor\u00e9enne et japonais\",\"publisher\":{\"@id\":\"https:\\\/\\\/purecosmetics-shop.com\\\/accueil\\\/#organization\"},\"potentialAction\":[{\"@type\":\"SearchAction\",\"target\":{\"@type\":\"EntryPoint\",\"urlTemplate\":\"https:\\\/\\\/purecosmetics-shop.com\\\/accueil\\\/?s={search_term_string}\"},\"query-input\":{\"@type\":\"PropertyValueSpecification\",\"valueRequired\":true,\"valueName\":\"search_term_string\"}}],\"inLanguage\":\"fr-FR\"},{\"@type\":\"Organization\",\"@id\":\"https:\\\/\\\/purecosmetics-shop.com\\\/accueil\\\/#organization\",\"name\":\"Pure Cosmetics\",\"url\":\"https:\\\/\\\/purecosmetics-shop.com\\\/accueil\\\/\",\"logo\":{\"@type\":\"ImageObject\",\"inLanguage\":\"fr-FR\",\"@id\":\"https:\\\/\\\/purecosmetics-shop.com\\\/accueil\\\/#\\\/schema\\\/logo\\\/image\\\/\",\"url\":\"https:\\\/\\\/purecosmetics-shop.com\\\/wp-content\\\/uploads\\\/2025\\\/04\\\/cropped-Pure-Cosmetics-black-2.png\",\"contentUrl\":\"https:\\\/\\\/purecosmetics-shop.com\\\/wp-content\\\/uploads\\\/2025\\\/04\\\/cropped-Pure-Cosmetics-black-2.png\",\"width\":2362,\"height\":2324,\"caption\":\"Pure Cosmetics\"},\"image\":{\"@id\":\"https:\\\/\\\/purecosmetics-shop.com\\\/accueil\\\/#\\\/schema\\\/logo\\\/image\\\/\"}}]}<\/script>\n<!-- \/ Yoast SEO plugin. -->","yoast_head_json":{"title":"AHA.BHA.PHA 30 Days Miracle Foam - Pure Cosmetics","robots":{"index":"index","follow":"follow","max-snippet":"max-snippet:-1","max-image-preview":"max-image-preview:large","max-video-preview":"max-video-preview:-1"},"canonical":"https:\/\/purecosmetics-shop.com\/accueil\/produit\/somebymi-aha-bha-pha-30-days-miracle-foam\/","og_locale":"fr_FR","og_type":"article","og_title":"AHA.BHA.PHA 30 Days Miracle Foam - Pure Cosmetics","og_description":"Mousse nettoyante qui \u00e9limine les causes de l'acn\u00e9 ! Elle vous aide \u00e0 d\u00e9tendre votre peau en capturant le s\u00e9bum et les boutons \u00e0 l'int\u00e9rieur de votre peau.","og_url":"https:\/\/purecosmetics-shop.com\/accueil\/produit\/somebymi-aha-bha-pha-30-days-miracle-foam\/","og_site_name":"Pure Cosmetics","article_modified_time":"2025-10-14T17:17:39+00:00","og_image":[{"width":1080,"height":1080,"url":"https:\/\/purecosmetics-shop.com\/wp-content\/uploads\/2024\/10\/some-by-mi-aha-bha-pha-30-days-miracle-foam.webp","type":"image\/webp"}],"twitter_card":"summary_large_image","twitter_misc":{"Dur\u00e9e de lecture estim\u00e9e":"1 minute"},"schema":{"@context":"https:\/\/schema.org","@graph":[{"@type":"WebPage","@id":"https:\/\/purecosmetics-shop.com\/accueil\/produit\/somebymi-aha-bha-pha-30-days-miracle-foam\/","url":"https:\/\/purecosmetics-shop.com\/accueil\/produit\/somebymi-aha-bha-pha-30-days-miracle-foam\/","name":"AHA.BHA.PHA 30 Days Miracle Foam - Pure Cosmetics","isPartOf":{"@id":"https:\/\/purecosmetics-shop.com\/accueil\/#website"},"primaryImageOfPage":{"@id":"https:\/\/purecosmetics-shop.com\/accueil\/produit\/somebymi-aha-bha-pha-30-days-miracle-foam\/#primaryimage"},"image":{"@id":"https:\/\/purecosmetics-shop.com\/accueil\/produit\/somebymi-aha-bha-pha-30-days-miracle-foam\/#primaryimage"},"thumbnailUrl":"https:\/\/purecosmetics-shop.com\/wp-content\/uploads\/2024\/10\/some-by-mi-aha-bha-pha-30-days-miracle-foam.webp","datePublished":"2024-10-16T17:12:53+00:00","dateModified":"2025-10-14T17:17:39+00:00","breadcrumb":{"@id":"https:\/\/purecosmetics-shop.com\/accueil\/produit\/somebymi-aha-bha-pha-30-days-miracle-foam\/#breadcrumb"},"inLanguage":"fr-FR","potentialAction":[{"@type":"ReadAction","target":["https:\/\/purecosmetics-shop.com\/accueil\/produit\/somebymi-aha-bha-pha-30-days-miracle-foam\/"]}]},{"@type":"ImageObject","inLanguage":"fr-FR","@id":"https:\/\/purecosmetics-shop.com\/accueil\/produit\/somebymi-aha-bha-pha-30-days-miracle-foam\/#primaryimage","url":"https:\/\/purecosmetics-shop.com\/wp-content\/uploads\/2024\/10\/some-by-mi-aha-bha-pha-30-days-miracle-foam.webp","contentUrl":"https:\/\/purecosmetics-shop.com\/wp-content\/uploads\/2024\/10\/some-by-mi-aha-bha-pha-30-days-miracle-foam.webp","width":1080,"height":1080,"caption":"some by mi aha bha pha 30 days miracle foam"},{"@type":"BreadcrumbList","@id":"https:\/\/purecosmetics-shop.com\/accueil\/produit\/somebymi-aha-bha-pha-30-days-miracle-foam\/#breadcrumb","itemListElement":[{"@type":"ListItem","position":1,"name":"Accueil","item":"https:\/\/purecosmetics-shop.com\/accueil\/"},{"@type":"ListItem","position":2,"name":"NOUVEAUT\u00c9S","item":"https:\/\/purecosmetics-shop.com\/accueil\/nouveautes\/"},{"@type":"ListItem","position":3,"name":"AHA.BHA.PHA 30 Days Miracle Foam"}]},{"@type":"WebSite","@id":"https:\/\/purecosmetics-shop.com\/accueil\/#website","url":"https:\/\/purecosmetics-shop.com\/accueil\/","name":"Pure Cosmetics","description":"Skincare cor\u00e9enne et japonais","publisher":{"@id":"https:\/\/purecosmetics-shop.com\/accueil\/#organization"},"potentialAction":[{"@type":"SearchAction","target":{"@type":"EntryPoint","urlTemplate":"https:\/\/purecosmetics-shop.com\/accueil\/?s={search_term_string}"},"query-input":{"@type":"PropertyValueSpecification","valueRequired":true,"valueName":"search_term_string"}}],"inLanguage":"fr-FR"},{"@type":"Organization","@id":"https:\/\/purecosmetics-shop.com\/accueil\/#organization","name":"Pure Cosmetics","url":"https:\/\/purecosmetics-shop.com\/accueil\/","logo":{"@type":"ImageObject","inLanguage":"fr-FR","@id":"https:\/\/purecosmetics-shop.com\/accueil\/#\/schema\/logo\/image\/","url":"https:\/\/purecosmetics-shop.com\/wp-content\/uploads\/2025\/04\/cropped-Pure-Cosmetics-black-2.png","contentUrl":"https:\/\/purecosmetics-shop.com\/wp-content\/uploads\/2025\/04\/cropped-Pure-Cosmetics-black-2.png","width":2362,"height":2324,"caption":"Pure Cosmetics"},"image":{"@id":"https:\/\/purecosmetics-shop.com\/accueil\/#\/schema\/logo\/image\/"}}]}},"jetpack_sharing_enabled":true,"_links":{"self":[{"href":"https:\/\/purecosmetics-shop.com\/accueil\/wp-json\/wp\/v2\/product\/1327","targetHints":{"allow":["GET"]}}],"collection":[{"href":"https:\/\/purecosmetics-shop.com\/accueil\/wp-json\/wp\/v2\/product"}],"about":[{"href":"https:\/\/purecosmetics-shop.com\/accueil\/wp-json\/wp\/v2\/types\/product"}],"replies":[{"embeddable":true,"href":"https:\/\/purecosmetics-shop.com\/accueil\/wp-json\/wp\/v2\/comments?post=1327"}],"version-history":[{"count":3,"href":"https:\/\/purecosmetics-shop.com\/accueil\/wp-json\/wp\/v2\/product\/1327\/revisions"}],"predecessor-version":[{"id":2639,"href":"https:\/\/purecosmetics-shop.com\/accueil\/wp-json\/wp\/v2\/product\/1327\/revisions\/2639"}],"wp:featuredmedia":[{"embeddable":true,"href":"https:\/\/purecosmetics-shop.com\/accueil\/wp-json\/wp\/v2\/media\/3527"}],"wp:attachment":[{"href":"https:\/\/purecosmetics-shop.com\/accueil\/wp-json\/wp\/v2\/media?parent=1327"}],"wp:term":[{"taxonomy":"product_brand","embeddable":true,"href":"https:\/\/purecosmetics-shop.com\/accueil\/wp-json\/wp\/v2\/product_brand?post=1327"},{"taxonomy":"product_cat","embeddable":true,"href":"https:\/\/purecosmetics-shop.com\/accueil\/wp-json\/wp\/v2\/product_cat?post=1327"},{"taxonomy":"product_tag","embeddable":true,"href":"https:\/\/purecosmetics-shop.com\/accueil\/wp-json\/wp\/v2\/product_tag?post=1327"}],"curies":[{"name":"wp","href":"https:\/\/api.w.org\/{rel}","templated":true}]}}