{"id":1325,"date":"2024-10-16T13:12:53","date_gmt":"2024-10-16T17:12:53","guid":{"rendered":"https:\/\/purecosmetics-shop.com\/accueil\/produit\/somebymi-aha-bha-pha-30-days-miracle-starter-kit\/"},"modified":"2025-04-11T18:03:16","modified_gmt":"2025-04-11T22:03:16","slug":"somebymi-aha-bha-pha-30-days-miracle-starter-kit","status":"publish","type":"product","link":"https:\/\/purecosmetics-shop.com\/accueil\/produit\/somebymi-aha-bha-pha-30-days-miracle-starter-kit\/","title":{"rendered":"AHA.BHA.PHA 30 Days Miracle Starter Kit"},"content":{"rendered":"<p>Contient de l&rsquo;arbre \u00e0 th\u00e9 10 000 ppm, de l&rsquo;AHA\/BHA\/PHA\/Niacinamide 2 %, 20 sortes d&rsquo;extraits de plantes naturelles.<\/p>\n<p>Soin des pores, \u00e9claircissant, hydratant\u00a0!<br \/>\nAHA\u00a0: \u00e9limine les impuret\u00e9s et les squames s\u00e8ches de la surface de la peau.<br \/>\nBHA\u00a0: exfolie les pores, \u00e9limine les impuret\u00e9s obstru\u00e9es et le s\u00e9bum.<br \/>\nPHA\u00a0: arr\u00eate la perte d&rsquo;humidit\u00e9 de la peau, dissout les cellules mortes de la peau.<br \/>\nAgit comme un exfoliant efficace pour laisser la peau plus propre et plus radieuse qu&rsquo;avant\u00a0! Tonique exfoliant parfait \u00e0 utiliser au quotidien\u00a0!<\/p>\n<p>Ce kit de d\u00e9marrage comprend :<\/p>\n<ol>\n<li>AHA.BHA.PHA 30 Days Miracle Cleansing Bar 30 g<\/li>\n<li>AHA.BHA.PHA 30 Days Miracle Toner 30 ml<\/li>\n<li>AHA.BHA.PHA 30 Days Miracle Serum 10 ml<\/li>\n<li>AHA.BHA.PHA 30 Days Miracle Cream 20\u00a0g<\/li>\n<\/ol>\n","protected":false},"excerpt":{"rendered":"<p>Agit comme un exfoliant pour laisser la peau plus propre et plus radieuse qu&rsquo;avant<\/p>\n","protected":false},"featured_media":1920,"comment_status":"open","ping_status":"closed","template":"","meta":[],"product_brand":[181],"product_cat":[108,113,115,192],"product_tag":[],"class_list":{"0":"post-1325","1":"product","2":"type-product","3":"status-publish","4":"has-post-thumbnail","6":"product_brand-somebymi","7":"product_cat-anti-imperfections-et-pores","8":"product_cat-peau-a-tendance-acneique","9":"product_cat-peau-grasse","10":"product_cat-traitement-localise","12":"first","13":"outofstock","14":"shipping-taxable","15":"product-type-simple"},"yoast_head":"<!-- This site is optimized with the Yoast SEO plugin v27.4 - https:\/\/yoast.com\/product\/yoast-seo-wordpress\/ -->\n<title>AHA.BHA.PHA 30 Days Miracle Starter Kit - Pure Cosmetics<\/title>\n<meta name=\"robots\" content=\"index, follow, max-snippet:-1, max-image-preview:large, max-video-preview:-1\" \/>\n<link rel=\"canonical\" href=\"https:\/\/purecosmetics-shop.com\/accueil\/produit\/somebymi-aha-bha-pha-30-days-miracle-starter-kit\/\" \/>\n<meta property=\"og:locale\" content=\"fr_FR\" \/>\n<meta property=\"og:type\" content=\"article\" \/>\n<meta property=\"og:title\" content=\"AHA.BHA.PHA 30 Days Miracle Starter Kit - Pure Cosmetics\" \/>\n<meta property=\"og:description\" content=\"Agit comme un exfoliant pour laisser la peau plus propre et plus radieuse qu&#039;avant\" \/>\n<meta property=\"og:url\" content=\"https:\/\/purecosmetics-shop.com\/accueil\/produit\/somebymi-aha-bha-pha-30-days-miracle-starter-kit\/\" \/>\n<meta property=\"og:site_name\" content=\"Pure Cosmetics\" \/>\n<meta property=\"article:modified_time\" content=\"2025-04-11T22:03:16+00:00\" \/>\n<meta property=\"og:image\" content=\"https:\/\/purecosmetics-shop.com\/wp-content\/uploads\/2024\/10\/Some-By-Mi-AHA-BHA-PHA-30-Days-Miracle-Starter-Kit.webp\" \/>\n\t<meta property=\"og:image:width\" content=\"800\" \/>\n\t<meta property=\"og:image:height\" content=\"800\" \/>\n\t<meta property=\"og:image:type\" content=\"image\/webp\" \/>\n<meta name=\"twitter:card\" content=\"summary_large_image\" \/>\n<meta name=\"twitter:label1\" content=\"Dur\u00e9e de lecture estim\u00e9e\" \/>\n\t<meta name=\"twitter:data1\" content=\"1 minute\" \/>\n<script type=\"application\/ld+json\" class=\"yoast-schema-graph\">{\"@context\":\"https:\\\/\\\/schema.org\",\"@graph\":[{\"@type\":\"WebPage\",\"@id\":\"https:\\\/\\\/purecosmetics-shop.com\\\/accueil\\\/produit\\\/somebymi-aha-bha-pha-30-days-miracle-starter-kit\\\/\",\"url\":\"https:\\\/\\\/purecosmetics-shop.com\\\/accueil\\\/produit\\\/somebymi-aha-bha-pha-30-days-miracle-starter-kit\\\/\",\"name\":\"AHA.BHA.PHA 30 Days Miracle Starter Kit - Pure Cosmetics\",\"isPartOf\":{\"@id\":\"https:\\\/\\\/purecosmetics-shop.com\\\/accueil\\\/#website\"},\"primaryImageOfPage\":{\"@id\":\"https:\\\/\\\/purecosmetics-shop.com\\\/accueil\\\/produit\\\/somebymi-aha-bha-pha-30-days-miracle-starter-kit\\\/#primaryimage\"},\"image\":{\"@id\":\"https:\\\/\\\/purecosmetics-shop.com\\\/accueil\\\/produit\\\/somebymi-aha-bha-pha-30-days-miracle-starter-kit\\\/#primaryimage\"},\"thumbnailUrl\":\"https:\\\/\\\/purecosmetics-shop.com\\\/wp-content\\\/uploads\\\/2024\\\/10\\\/Some-By-Mi-AHA-BHA-PHA-30-Days-Miracle-Starter-Kit.webp\",\"datePublished\":\"2024-10-16T17:12:53+00:00\",\"dateModified\":\"2025-04-11T22:03:16+00:00\",\"breadcrumb\":{\"@id\":\"https:\\\/\\\/purecosmetics-shop.com\\\/accueil\\\/produit\\\/somebymi-aha-bha-pha-30-days-miracle-starter-kit\\\/#breadcrumb\"},\"inLanguage\":\"fr-FR\",\"potentialAction\":[{\"@type\":\"ReadAction\",\"target\":[\"https:\\\/\\\/purecosmetics-shop.com\\\/accueil\\\/produit\\\/somebymi-aha-bha-pha-30-days-miracle-starter-kit\\\/\"]}]},{\"@type\":\"ImageObject\",\"inLanguage\":\"fr-FR\",\"@id\":\"https:\\\/\\\/purecosmetics-shop.com\\\/accueil\\\/produit\\\/somebymi-aha-bha-pha-30-days-miracle-starter-kit\\\/#primaryimage\",\"url\":\"https:\\\/\\\/purecosmetics-shop.com\\\/wp-content\\\/uploads\\\/2024\\\/10\\\/Some-By-Mi-AHA-BHA-PHA-30-Days-Miracle-Starter-Kit.webp\",\"contentUrl\":\"https:\\\/\\\/purecosmetics-shop.com\\\/wp-content\\\/uploads\\\/2024\\\/10\\\/Some-By-Mi-AHA-BHA-PHA-30-Days-Miracle-Starter-Kit.webp\",\"width\":800,\"height\":800},{\"@type\":\"BreadcrumbList\",\"@id\":\"https:\\\/\\\/purecosmetics-shop.com\\\/accueil\\\/produit\\\/somebymi-aha-bha-pha-30-days-miracle-starter-kit\\\/#breadcrumb\",\"itemListElement\":[{\"@type\":\"ListItem\",\"position\":1,\"name\":\"Accueil\",\"item\":\"https:\\\/\\\/purecosmetics-shop.com\\\/accueil\\\/\"},{\"@type\":\"ListItem\",\"position\":2,\"name\":\"NOUVEAUT\u00c9S\",\"item\":\"https:\\\/\\\/purecosmetics-shop.com\\\/accueil\\\/nouveautes\\\/\"},{\"@type\":\"ListItem\",\"position\":3,\"name\":\"AHA.BHA.PHA 30 Days Miracle Starter Kit\"}]},{\"@type\":\"WebSite\",\"@id\":\"https:\\\/\\\/purecosmetics-shop.com\\\/accueil\\\/#website\",\"url\":\"https:\\\/\\\/purecosmetics-shop.com\\\/accueil\\\/\",\"name\":\"Pure Cosmetics\",\"description\":\"Skincare cor\u00e9enne et japonais\",\"publisher\":{\"@id\":\"https:\\\/\\\/purecosmetics-shop.com\\\/accueil\\\/#organization\"},\"potentialAction\":[{\"@type\":\"SearchAction\",\"target\":{\"@type\":\"EntryPoint\",\"urlTemplate\":\"https:\\\/\\\/purecosmetics-shop.com\\\/accueil\\\/?s={search_term_string}\"},\"query-input\":{\"@type\":\"PropertyValueSpecification\",\"valueRequired\":true,\"valueName\":\"search_term_string\"}}],\"inLanguage\":\"fr-FR\"},{\"@type\":\"Organization\",\"@id\":\"https:\\\/\\\/purecosmetics-shop.com\\\/accueil\\\/#organization\",\"name\":\"Pure Cosmetics\",\"url\":\"https:\\\/\\\/purecosmetics-shop.com\\\/accueil\\\/\",\"logo\":{\"@type\":\"ImageObject\",\"inLanguage\":\"fr-FR\",\"@id\":\"https:\\\/\\\/purecosmetics-shop.com\\\/accueil\\\/#\\\/schema\\\/logo\\\/image\\\/\",\"url\":\"https:\\\/\\\/purecosmetics-shop.com\\\/wp-content\\\/uploads\\\/2025\\\/04\\\/cropped-Pure-Cosmetics-black-2.png\",\"contentUrl\":\"https:\\\/\\\/purecosmetics-shop.com\\\/wp-content\\\/uploads\\\/2025\\\/04\\\/cropped-Pure-Cosmetics-black-2.png\",\"width\":2362,\"height\":2324,\"caption\":\"Pure Cosmetics\"},\"image\":{\"@id\":\"https:\\\/\\\/purecosmetics-shop.com\\\/accueil\\\/#\\\/schema\\\/logo\\\/image\\\/\"}}]}<\/script>\n<!-- \/ Yoast SEO plugin. -->","yoast_head_json":{"title":"AHA.BHA.PHA 30 Days Miracle Starter Kit - Pure Cosmetics","robots":{"index":"index","follow":"follow","max-snippet":"max-snippet:-1","max-image-preview":"max-image-preview:large","max-video-preview":"max-video-preview:-1"},"canonical":"https:\/\/purecosmetics-shop.com\/accueil\/produit\/somebymi-aha-bha-pha-30-days-miracle-starter-kit\/","og_locale":"fr_FR","og_type":"article","og_title":"AHA.BHA.PHA 30 Days Miracle Starter Kit - Pure Cosmetics","og_description":"Agit comme un exfoliant pour laisser la peau plus propre et plus radieuse qu'avant","og_url":"https:\/\/purecosmetics-shop.com\/accueil\/produit\/somebymi-aha-bha-pha-30-days-miracle-starter-kit\/","og_site_name":"Pure Cosmetics","article_modified_time":"2025-04-11T22:03:16+00:00","og_image":[{"width":800,"height":800,"url":"https:\/\/purecosmetics-shop.com\/wp-content\/uploads\/2024\/10\/Some-By-Mi-AHA-BHA-PHA-30-Days-Miracle-Starter-Kit.webp","type":"image\/webp"}],"twitter_card":"summary_large_image","twitter_misc":{"Dur\u00e9e de lecture estim\u00e9e":"1 minute"},"schema":{"@context":"https:\/\/schema.org","@graph":[{"@type":"WebPage","@id":"https:\/\/purecosmetics-shop.com\/accueil\/produit\/somebymi-aha-bha-pha-30-days-miracle-starter-kit\/","url":"https:\/\/purecosmetics-shop.com\/accueil\/produit\/somebymi-aha-bha-pha-30-days-miracle-starter-kit\/","name":"AHA.BHA.PHA 30 Days Miracle Starter Kit - Pure Cosmetics","isPartOf":{"@id":"https:\/\/purecosmetics-shop.com\/accueil\/#website"},"primaryImageOfPage":{"@id":"https:\/\/purecosmetics-shop.com\/accueil\/produit\/somebymi-aha-bha-pha-30-days-miracle-starter-kit\/#primaryimage"},"image":{"@id":"https:\/\/purecosmetics-shop.com\/accueil\/produit\/somebymi-aha-bha-pha-30-days-miracle-starter-kit\/#primaryimage"},"thumbnailUrl":"https:\/\/purecosmetics-shop.com\/wp-content\/uploads\/2024\/10\/Some-By-Mi-AHA-BHA-PHA-30-Days-Miracle-Starter-Kit.webp","datePublished":"2024-10-16T17:12:53+00:00","dateModified":"2025-04-11T22:03:16+00:00","breadcrumb":{"@id":"https:\/\/purecosmetics-shop.com\/accueil\/produit\/somebymi-aha-bha-pha-30-days-miracle-starter-kit\/#breadcrumb"},"inLanguage":"fr-FR","potentialAction":[{"@type":"ReadAction","target":["https:\/\/purecosmetics-shop.com\/accueil\/produit\/somebymi-aha-bha-pha-30-days-miracle-starter-kit\/"]}]},{"@type":"ImageObject","inLanguage":"fr-FR","@id":"https:\/\/purecosmetics-shop.com\/accueil\/produit\/somebymi-aha-bha-pha-30-days-miracle-starter-kit\/#primaryimage","url":"https:\/\/purecosmetics-shop.com\/wp-content\/uploads\/2024\/10\/Some-By-Mi-AHA-BHA-PHA-30-Days-Miracle-Starter-Kit.webp","contentUrl":"https:\/\/purecosmetics-shop.com\/wp-content\/uploads\/2024\/10\/Some-By-Mi-AHA-BHA-PHA-30-Days-Miracle-Starter-Kit.webp","width":800,"height":800},{"@type":"BreadcrumbList","@id":"https:\/\/purecosmetics-shop.com\/accueil\/produit\/somebymi-aha-bha-pha-30-days-miracle-starter-kit\/#breadcrumb","itemListElement":[{"@type":"ListItem","position":1,"name":"Accueil","item":"https:\/\/purecosmetics-shop.com\/accueil\/"},{"@type":"ListItem","position":2,"name":"NOUVEAUT\u00c9S","item":"https:\/\/purecosmetics-shop.com\/accueil\/nouveautes\/"},{"@type":"ListItem","position":3,"name":"AHA.BHA.PHA 30 Days Miracle Starter Kit"}]},{"@type":"WebSite","@id":"https:\/\/purecosmetics-shop.com\/accueil\/#website","url":"https:\/\/purecosmetics-shop.com\/accueil\/","name":"Pure Cosmetics","description":"Skincare cor\u00e9enne et japonais","publisher":{"@id":"https:\/\/purecosmetics-shop.com\/accueil\/#organization"},"potentialAction":[{"@type":"SearchAction","target":{"@type":"EntryPoint","urlTemplate":"https:\/\/purecosmetics-shop.com\/accueil\/?s={search_term_string}"},"query-input":{"@type":"PropertyValueSpecification","valueRequired":true,"valueName":"search_term_string"}}],"inLanguage":"fr-FR"},{"@type":"Organization","@id":"https:\/\/purecosmetics-shop.com\/accueil\/#organization","name":"Pure Cosmetics","url":"https:\/\/purecosmetics-shop.com\/accueil\/","logo":{"@type":"ImageObject","inLanguage":"fr-FR","@id":"https:\/\/purecosmetics-shop.com\/accueil\/#\/schema\/logo\/image\/","url":"https:\/\/purecosmetics-shop.com\/wp-content\/uploads\/2025\/04\/cropped-Pure-Cosmetics-black-2.png","contentUrl":"https:\/\/purecosmetics-shop.com\/wp-content\/uploads\/2025\/04\/cropped-Pure-Cosmetics-black-2.png","width":2362,"height":2324,"caption":"Pure Cosmetics"},"image":{"@id":"https:\/\/purecosmetics-shop.com\/accueil\/#\/schema\/logo\/image\/"}}]}},"jetpack_sharing_enabled":true,"_links":{"self":[{"href":"https:\/\/purecosmetics-shop.com\/accueil\/wp-json\/wp\/v2\/product\/1325","targetHints":{"allow":["GET"]}}],"collection":[{"href":"https:\/\/purecosmetics-shop.com\/accueil\/wp-json\/wp\/v2\/product"}],"about":[{"href":"https:\/\/purecosmetics-shop.com\/accueil\/wp-json\/wp\/v2\/types\/product"}],"replies":[{"embeddable":true,"href":"https:\/\/purecosmetics-shop.com\/accueil\/wp-json\/wp\/v2\/comments?post=1325"}],"version-history":[{"count":3,"href":"https:\/\/purecosmetics-shop.com\/accueil\/wp-json\/wp\/v2\/product\/1325\/revisions"}],"predecessor-version":[{"id":2637,"href":"https:\/\/purecosmetics-shop.com\/accueil\/wp-json\/wp\/v2\/product\/1325\/revisions\/2637"}],"wp:featuredmedia":[{"embeddable":true,"href":"https:\/\/purecosmetics-shop.com\/accueil\/wp-json\/wp\/v2\/media\/1920"}],"wp:attachment":[{"href":"https:\/\/purecosmetics-shop.com\/accueil\/wp-json\/wp\/v2\/media?parent=1325"}],"wp:term":[{"taxonomy":"product_brand","embeddable":true,"href":"https:\/\/purecosmetics-shop.com\/accueil\/wp-json\/wp\/v2\/product_brand?post=1325"},{"taxonomy":"product_cat","embeddable":true,"href":"https:\/\/purecosmetics-shop.com\/accueil\/wp-json\/wp\/v2\/product_cat?post=1325"},{"taxonomy":"product_tag","embeddable":true,"href":"https:\/\/purecosmetics-shop.com\/accueil\/wp-json\/wp\/v2\/product_tag?post=1325"}],"curies":[{"name":"wp","href":"https:\/\/api.w.org\/{rel}","templated":true}]}}