{"id":1321,"date":"2024-10-16T13:12:52","date_gmt":"2024-10-16T17:12:52","guid":{"rendered":"https:\/\/purecosmetics-shop.com\/accueil\/produit\/medicube-collagen-night-wrapping-mask\/"},"modified":"2026-04-19T00:46:34","modified_gmt":"2026-04-19T04:46:34","slug":"medicube-collagen-night-wrapping-mask","status":"publish","type":"product","link":"https:\/\/purecosmetics-shop.com\/accueil\/produit\/medicube-collagen-night-wrapping-mask\/","title":{"rendered":"COLLAGEN NIGHT WRAPPING MASK"},"content":{"rendered":"<p>Collagen Night Wrapping Mask est un masque de nuit hypoallerg\u00e9nique pelable qui renforce l\u2019\u00e9lasticit\u00e9 et l\u2019hydratation de la peau.<\/p>\n<p>Enrichi en collag\u00e8ne, ce masque hydrate en profondeur et am\u00e9liore la fermet\u00e9 de la peau<\/p>\n","protected":false},"excerpt":{"rendered":"<p>Collagen Night Wrapping Mask est un masque de nuit hypoallerg\u00e9nique pelable qui renforce l\u2019\u00e9lasticit\u00e9 et l\u2019hydratation de la peau.<br \/>\nEnrichi en collag\u00e8ne, ce masque hydrate en profondeur et am\u00e9liore la fermet\u00e9 de la peau<\/p>\n","protected":false},"featured_media":5802,"comment_status":"open","ping_status":"closed","template":"","meta":[],"product_brand":[170],"product_cat":[107,112,23,115,116,117,118],"product_tag":[],"class_list":{"0":"post-1321","1":"product","2":"type-product","3":"status-publish","4":"has-post-thumbnail","6":"product_brand-medicube","7":"product_cat-anti-age-et-elasticite","8":"product_cat-hydratation","9":"product_cat-masque","10":"product_cat-peau-grasse","11":"product_cat-peau-mixte","12":"product_cat-peau-normale","13":"product_cat-peau-seche","15":"first","16":"instock","17":"shipping-taxable","18":"purchasable","19":"product-type-simple"},"yoast_head":"<!-- This site is optimized with the Yoast SEO plugin v27.4 - https:\/\/yoast.com\/product\/yoast-seo-wordpress\/ -->\n<title>COLLAGEN NIGHT WRAPPING MASK - Pure Cosmetics<\/title>\n<meta name=\"robots\" content=\"index, follow, max-snippet:-1, max-image-preview:large, max-video-preview:-1\" \/>\n<link rel=\"canonical\" href=\"https:\/\/purecosmetics-shop.com\/accueil\/produit\/medicube-collagen-night-wrapping-mask\/\" \/>\n<meta property=\"og:locale\" content=\"fr_FR\" \/>\n<meta property=\"og:type\" content=\"article\" \/>\n<meta property=\"og:title\" content=\"COLLAGEN NIGHT WRAPPING MASK - Pure Cosmetics\" \/>\n<meta property=\"og:description\" content=\"Collagen Night Wrapping Mask est un masque de nuit hypoallerg\u00e9nique pelable qui renforce l\u2019\u00e9lasticit\u00e9 et l\u2019hydratation de la peau. Enrichi en collag\u00e8ne, ce masque hydrate en profondeur et am\u00e9liore la fermet\u00e9 de la peau\" \/>\n<meta property=\"og:url\" content=\"https:\/\/purecosmetics-shop.com\/accueil\/produit\/medicube-collagen-night-wrapping-mask\/\" \/>\n<meta property=\"og:site_name\" content=\"Pure Cosmetics\" \/>\n<meta property=\"article:modified_time\" content=\"2026-04-19T04:46:34+00:00\" \/>\n<meta property=\"og:image\" content=\"https:\/\/purecosmetics-shop.com\/wp-content\/uploads\/2024\/10\/MEDICUBE_Collagen_Night_Wrapping_Mask.png\" \/>\n\t<meta property=\"og:image:width\" content=\"948\" \/>\n\t<meta property=\"og:image:height\" content=\"950\" \/>\n\t<meta property=\"og:image:type\" content=\"image\/png\" \/>\n<meta name=\"twitter:card\" content=\"summary_large_image\" \/>\n<meta name=\"twitter:label1\" content=\"Dur\u00e9e de lecture estim\u00e9e\" \/>\n\t<meta name=\"twitter:data1\" content=\"1 minute\" \/>\n<script type=\"application\/ld+json\" class=\"yoast-schema-graph\">{\"@context\":\"https:\\\/\\\/schema.org\",\"@graph\":[{\"@type\":\"WebPage\",\"@id\":\"https:\\\/\\\/purecosmetics-shop.com\\\/accueil\\\/produit\\\/medicube-collagen-night-wrapping-mask\\\/\",\"url\":\"https:\\\/\\\/purecosmetics-shop.com\\\/accueil\\\/produit\\\/medicube-collagen-night-wrapping-mask\\\/\",\"name\":\"COLLAGEN NIGHT WRAPPING MASK - Pure Cosmetics\",\"isPartOf\":{\"@id\":\"https:\\\/\\\/purecosmetics-shop.com\\\/accueil\\\/#website\"},\"primaryImageOfPage\":{\"@id\":\"https:\\\/\\\/purecosmetics-shop.com\\\/accueil\\\/produit\\\/medicube-collagen-night-wrapping-mask\\\/#primaryimage\"},\"image\":{\"@id\":\"https:\\\/\\\/purecosmetics-shop.com\\\/accueil\\\/produit\\\/medicube-collagen-night-wrapping-mask\\\/#primaryimage\"},\"thumbnailUrl\":\"https:\\\/\\\/purecosmetics-shop.com\\\/wp-content\\\/uploads\\\/2024\\\/10\\\/MEDICUBE_Collagen_Night_Wrapping_Mask.png\",\"datePublished\":\"2024-10-16T17:12:52+00:00\",\"dateModified\":\"2026-04-19T04:46:34+00:00\",\"breadcrumb\":{\"@id\":\"https:\\\/\\\/purecosmetics-shop.com\\\/accueil\\\/produit\\\/medicube-collagen-night-wrapping-mask\\\/#breadcrumb\"},\"inLanguage\":\"fr-FR\",\"potentialAction\":[{\"@type\":\"ReadAction\",\"target\":[\"https:\\\/\\\/purecosmetics-shop.com\\\/accueil\\\/produit\\\/medicube-collagen-night-wrapping-mask\\\/\"]}]},{\"@type\":\"ImageObject\",\"inLanguage\":\"fr-FR\",\"@id\":\"https:\\\/\\\/purecosmetics-shop.com\\\/accueil\\\/produit\\\/medicube-collagen-night-wrapping-mask\\\/#primaryimage\",\"url\":\"https:\\\/\\\/purecosmetics-shop.com\\\/wp-content\\\/uploads\\\/2024\\\/10\\\/MEDICUBE_Collagen_Night_Wrapping_Mask.png\",\"contentUrl\":\"https:\\\/\\\/purecosmetics-shop.com\\\/wp-content\\\/uploads\\\/2024\\\/10\\\/MEDICUBE_Collagen_Night_Wrapping_Mask.png\",\"width\":948,\"height\":950,\"caption\":\"MEDICUBE_Collagen_Night_Wrapping_Mask\"},{\"@type\":\"BreadcrumbList\",\"@id\":\"https:\\\/\\\/purecosmetics-shop.com\\\/accueil\\\/produit\\\/medicube-collagen-night-wrapping-mask\\\/#breadcrumb\",\"itemListElement\":[{\"@type\":\"ListItem\",\"position\":1,\"name\":\"Accueil\",\"item\":\"https:\\\/\\\/purecosmetics-shop.com\\\/accueil\\\/\"},{\"@type\":\"ListItem\",\"position\":2,\"name\":\"NOUVEAUT\u00c9S\",\"item\":\"https:\\\/\\\/purecosmetics-shop.com\\\/accueil\\\/nouveautes\\\/\"},{\"@type\":\"ListItem\",\"position\":3,\"name\":\"COLLAGEN NIGHT WRAPPING MASK\"}]},{\"@type\":\"WebSite\",\"@id\":\"https:\\\/\\\/purecosmetics-shop.com\\\/accueil\\\/#website\",\"url\":\"https:\\\/\\\/purecosmetics-shop.com\\\/accueil\\\/\",\"name\":\"Pure Cosmetics\",\"description\":\"Skincare cor\u00e9enne et japonais\",\"publisher\":{\"@id\":\"https:\\\/\\\/purecosmetics-shop.com\\\/accueil\\\/#organization\"},\"potentialAction\":[{\"@type\":\"SearchAction\",\"target\":{\"@type\":\"EntryPoint\",\"urlTemplate\":\"https:\\\/\\\/purecosmetics-shop.com\\\/accueil\\\/?s={search_term_string}\"},\"query-input\":{\"@type\":\"PropertyValueSpecification\",\"valueRequired\":true,\"valueName\":\"search_term_string\"}}],\"inLanguage\":\"fr-FR\"},{\"@type\":\"Organization\",\"@id\":\"https:\\\/\\\/purecosmetics-shop.com\\\/accueil\\\/#organization\",\"name\":\"Pure Cosmetics\",\"url\":\"https:\\\/\\\/purecosmetics-shop.com\\\/accueil\\\/\",\"logo\":{\"@type\":\"ImageObject\",\"inLanguage\":\"fr-FR\",\"@id\":\"https:\\\/\\\/purecosmetics-shop.com\\\/accueil\\\/#\\\/schema\\\/logo\\\/image\\\/\",\"url\":\"https:\\\/\\\/purecosmetics-shop.com\\\/wp-content\\\/uploads\\\/2025\\\/04\\\/cropped-Pure-Cosmetics-black-2.png\",\"contentUrl\":\"https:\\\/\\\/purecosmetics-shop.com\\\/wp-content\\\/uploads\\\/2025\\\/04\\\/cropped-Pure-Cosmetics-black-2.png\",\"width\":2362,\"height\":2324,\"caption\":\"Pure Cosmetics\"},\"image\":{\"@id\":\"https:\\\/\\\/purecosmetics-shop.com\\\/accueil\\\/#\\\/schema\\\/logo\\\/image\\\/\"}}]}<\/script>\n<!-- \/ Yoast SEO plugin. -->","yoast_head_json":{"title":"COLLAGEN NIGHT WRAPPING MASK - Pure Cosmetics","robots":{"index":"index","follow":"follow","max-snippet":"max-snippet:-1","max-image-preview":"max-image-preview:large","max-video-preview":"max-video-preview:-1"},"canonical":"https:\/\/purecosmetics-shop.com\/accueil\/produit\/medicube-collagen-night-wrapping-mask\/","og_locale":"fr_FR","og_type":"article","og_title":"COLLAGEN NIGHT WRAPPING MASK - Pure Cosmetics","og_description":"Collagen Night Wrapping Mask est un masque de nuit hypoallerg\u00e9nique pelable qui renforce l\u2019\u00e9lasticit\u00e9 et l\u2019hydratation de la peau. Enrichi en collag\u00e8ne, ce masque hydrate en profondeur et am\u00e9liore la fermet\u00e9 de la peau","og_url":"https:\/\/purecosmetics-shop.com\/accueil\/produit\/medicube-collagen-night-wrapping-mask\/","og_site_name":"Pure Cosmetics","article_modified_time":"2026-04-19T04:46:34+00:00","og_image":[{"width":948,"height":950,"url":"https:\/\/purecosmetics-shop.com\/wp-content\/uploads\/2024\/10\/MEDICUBE_Collagen_Night_Wrapping_Mask.png","type":"image\/png"}],"twitter_card":"summary_large_image","twitter_misc":{"Dur\u00e9e de lecture estim\u00e9e":"1 minute"},"schema":{"@context":"https:\/\/schema.org","@graph":[{"@type":"WebPage","@id":"https:\/\/purecosmetics-shop.com\/accueil\/produit\/medicube-collagen-night-wrapping-mask\/","url":"https:\/\/purecosmetics-shop.com\/accueil\/produit\/medicube-collagen-night-wrapping-mask\/","name":"COLLAGEN NIGHT WRAPPING MASK - Pure Cosmetics","isPartOf":{"@id":"https:\/\/purecosmetics-shop.com\/accueil\/#website"},"primaryImageOfPage":{"@id":"https:\/\/purecosmetics-shop.com\/accueil\/produit\/medicube-collagen-night-wrapping-mask\/#primaryimage"},"image":{"@id":"https:\/\/purecosmetics-shop.com\/accueil\/produit\/medicube-collagen-night-wrapping-mask\/#primaryimage"},"thumbnailUrl":"https:\/\/purecosmetics-shop.com\/wp-content\/uploads\/2024\/10\/MEDICUBE_Collagen_Night_Wrapping_Mask.png","datePublished":"2024-10-16T17:12:52+00:00","dateModified":"2026-04-19T04:46:34+00:00","breadcrumb":{"@id":"https:\/\/purecosmetics-shop.com\/accueil\/produit\/medicube-collagen-night-wrapping-mask\/#breadcrumb"},"inLanguage":"fr-FR","potentialAction":[{"@type":"ReadAction","target":["https:\/\/purecosmetics-shop.com\/accueil\/produit\/medicube-collagen-night-wrapping-mask\/"]}]},{"@type":"ImageObject","inLanguage":"fr-FR","@id":"https:\/\/purecosmetics-shop.com\/accueil\/produit\/medicube-collagen-night-wrapping-mask\/#primaryimage","url":"https:\/\/purecosmetics-shop.com\/wp-content\/uploads\/2024\/10\/MEDICUBE_Collagen_Night_Wrapping_Mask.png","contentUrl":"https:\/\/purecosmetics-shop.com\/wp-content\/uploads\/2024\/10\/MEDICUBE_Collagen_Night_Wrapping_Mask.png","width":948,"height":950,"caption":"MEDICUBE_Collagen_Night_Wrapping_Mask"},{"@type":"BreadcrumbList","@id":"https:\/\/purecosmetics-shop.com\/accueil\/produit\/medicube-collagen-night-wrapping-mask\/#breadcrumb","itemListElement":[{"@type":"ListItem","position":1,"name":"Accueil","item":"https:\/\/purecosmetics-shop.com\/accueil\/"},{"@type":"ListItem","position":2,"name":"NOUVEAUT\u00c9S","item":"https:\/\/purecosmetics-shop.com\/accueil\/nouveautes\/"},{"@type":"ListItem","position":3,"name":"COLLAGEN NIGHT WRAPPING MASK"}]},{"@type":"WebSite","@id":"https:\/\/purecosmetics-shop.com\/accueil\/#website","url":"https:\/\/purecosmetics-shop.com\/accueil\/","name":"Pure Cosmetics","description":"Skincare cor\u00e9enne et japonais","publisher":{"@id":"https:\/\/purecosmetics-shop.com\/accueil\/#organization"},"potentialAction":[{"@type":"SearchAction","target":{"@type":"EntryPoint","urlTemplate":"https:\/\/purecosmetics-shop.com\/accueil\/?s={search_term_string}"},"query-input":{"@type":"PropertyValueSpecification","valueRequired":true,"valueName":"search_term_string"}}],"inLanguage":"fr-FR"},{"@type":"Organization","@id":"https:\/\/purecosmetics-shop.com\/accueil\/#organization","name":"Pure Cosmetics","url":"https:\/\/purecosmetics-shop.com\/accueil\/","logo":{"@type":"ImageObject","inLanguage":"fr-FR","@id":"https:\/\/purecosmetics-shop.com\/accueil\/#\/schema\/logo\/image\/","url":"https:\/\/purecosmetics-shop.com\/wp-content\/uploads\/2025\/04\/cropped-Pure-Cosmetics-black-2.png","contentUrl":"https:\/\/purecosmetics-shop.com\/wp-content\/uploads\/2025\/04\/cropped-Pure-Cosmetics-black-2.png","width":2362,"height":2324,"caption":"Pure Cosmetics"},"image":{"@id":"https:\/\/purecosmetics-shop.com\/accueil\/#\/schema\/logo\/image\/"}}]}},"jetpack_sharing_enabled":true,"_links":{"self":[{"href":"https:\/\/purecosmetics-shop.com\/accueil\/wp-json\/wp\/v2\/product\/1321","targetHints":{"allow":["GET"]}}],"collection":[{"href":"https:\/\/purecosmetics-shop.com\/accueil\/wp-json\/wp\/v2\/product"}],"about":[{"href":"https:\/\/purecosmetics-shop.com\/accueil\/wp-json\/wp\/v2\/types\/product"}],"replies":[{"embeddable":true,"href":"https:\/\/purecosmetics-shop.com\/accueil\/wp-json\/wp\/v2\/comments?post=1321"}],"version-history":[{"count":3,"href":"https:\/\/purecosmetics-shop.com\/accueil\/wp-json\/wp\/v2\/product\/1321\/revisions"}],"predecessor-version":[{"id":2643,"href":"https:\/\/purecosmetics-shop.com\/accueil\/wp-json\/wp\/v2\/product\/1321\/revisions\/2643"}],"wp:featuredmedia":[{"embeddable":true,"href":"https:\/\/purecosmetics-shop.com\/accueil\/wp-json\/wp\/v2\/media\/5802"}],"wp:attachment":[{"href":"https:\/\/purecosmetics-shop.com\/accueil\/wp-json\/wp\/v2\/media?parent=1321"}],"wp:term":[{"taxonomy":"product_brand","embeddable":true,"href":"https:\/\/purecosmetics-shop.com\/accueil\/wp-json\/wp\/v2\/product_brand?post=1321"},{"taxonomy":"product_cat","embeddable":true,"href":"https:\/\/purecosmetics-shop.com\/accueil\/wp-json\/wp\/v2\/product_cat?post=1321"},{"taxonomy":"product_tag","embeddable":true,"href":"https:\/\/purecosmetics-shop.com\/accueil\/wp-json\/wp\/v2\/product_tag?post=1321"}],"curies":[{"name":"wp","href":"https:\/\/api.w.org\/{rel}","templated":true}]}}