{"id":1319,"date":"2024-10-16T13:12:51","date_gmt":"2024-10-16T17:12:51","guid":{"rendered":"https:\/\/purecosmetics-shop.com\/accueil\/produit\/purito-seoul-wonder-releaf-centella-serum-unscented\/"},"modified":"2025-03-28T17:53:45","modified_gmt":"2025-03-28T21:53:45","slug":"purito-seoul-wonder-releaf-centella-serum-unscented","status":"publish","type":"product","link":"https:\/\/purecosmetics-shop.com\/accueil\/produit\/purito-seoul-wonder-releaf-centella-serum-unscented\/","title":{"rendered":"Wonder Releaf Centella Serum Unscented"},"content":{"rendered":"<p>Ce s\u00e9rum apaise la peau et soulage rapidement les irritations et les rougeurs apr\u00e8s une seule application.<\/p>\n<p>Apaise instantan\u00e9ment la peau en procurant un confort imm\u00e9diat et des effets apaisants.<\/p>\n<p>Adoucit la peau et affine la texture pour un teint uniforme. Am\u00e9liore la sant\u00e9 de la peau en la prot\u00e9geant contre les facteurs de stress externes.<\/p>\n<p>La Centella Asiatica cor\u00e9enne qui apaise rapidement la peau et soulage les rougeurs cr\u00e9e une synergie avec l&rsquo;Allanto\u00efne qui am\u00e9liore la texture de la peau et les Peptides qui am\u00e9liorent l&rsquo;\u00e9lasticit\u00e9 de la peau. Apaise instantan\u00e9ment la peau de 22 % test\u00e9e dans les 10 secondes suivant une utilisation unique.<\/p>\n<p>Trois tests d&rsquo;irritation cutan\u00e9e test\u00e9s, dont un test dermatologique, un test hypoallerg\u00e9nique et un test d&rsquo;ad\u00e9quation pour les peaux sensibles. Gel aqueux avec une l\u00e9g\u00e8re texture rafra\u00eechissante avec un fini brillant et g\u00e9latineux.<\/p>\n<p>Vegan prouv\u00e9 sans cruaut\u00e9, avec des ingr\u00e9dients doux et sans parfum synth\u00e9tique pour les peaux sensibles.<\/p>\n","protected":false},"excerpt":{"rendered":"<p>Purito Centella Unscented Serum contient 49 % d\u2019extrait de Centella, qui favorise la synth\u00e8se de collag\u00e8ne, et la niacinamide pour une r\u00e9g\u00e9n\u00e9ration de la peau plus efficace.<br \/>\nLa pr\u00e9sence d\u2019ingr\u00e9dients tel que la c\u00e9ramide, l\u2019hyaluronate de sodium et le peptide renforcent la barri\u00e8re cutan\u00e9e.<\/p>\n","protected":false},"featured_media":1792,"comment_status":"open","ping_status":"closed","template":"","meta":[],"product_brand":[177],"product_cat":[107,108,109,113,114,116,119,21],"product_tag":[],"class_list":{"0":"post-1319","1":"product","2":"type-product","3":"status-publish","4":"has-post-thumbnail","6":"product_brand-purito-seoul","7":"product_cat-anti-age-et-elasticite","8":"product_cat-anti-imperfections-et-pores","9":"product_cat-anti-rougeurs-et-irritations","10":"product_cat-peau-a-tendance-acneique","11":"product_cat-peau-granuleuse","12":"product_cat-peau-mixte","13":"product_cat-peau-sensible","14":"product_cat-serum","16":"first","17":"outofstock","18":"shipping-taxable","19":"product-type-simple"},"yoast_head":"<!-- This site is optimized with the Yoast SEO plugin v27.4 - https:\/\/yoast.com\/product\/yoast-seo-wordpress\/ -->\n<title>Wonder Releaf Centella Serum Unscented - Pure Cosmetics<\/title>\n<meta name=\"robots\" content=\"index, follow, max-snippet:-1, max-image-preview:large, max-video-preview:-1\" \/>\n<link rel=\"canonical\" href=\"https:\/\/purecosmetics-shop.com\/accueil\/produit\/purito-seoul-wonder-releaf-centella-serum-unscented\/\" \/>\n<meta property=\"og:locale\" content=\"fr_FR\" \/>\n<meta property=\"og:type\" content=\"article\" \/>\n<meta property=\"og:title\" content=\"Wonder Releaf Centella Serum Unscented - Pure Cosmetics\" \/>\n<meta property=\"og:description\" content=\"Purito Centella Unscented Serum contient 49 % d\u2019extrait de Centella, qui favorise la synth\u00e8se de collag\u00e8ne, et la niacinamide pour une r\u00e9g\u00e9n\u00e9ration de la peau plus efficace. La pr\u00e9sence d\u2019ingr\u00e9dients tel que la c\u00e9ramide, l\u2019hyaluronate de sodium et le peptide renforcent la barri\u00e8re cutan\u00e9e.\" \/>\n<meta property=\"og:url\" content=\"https:\/\/purecosmetics-shop.com\/accueil\/produit\/purito-seoul-wonder-releaf-centella-serum-unscented\/\" \/>\n<meta property=\"og:site_name\" content=\"Pure Cosmetics\" \/>\n<meta property=\"article:modified_time\" content=\"2025-03-28T21:53:45+00:00\" \/>\n<meta property=\"og:image\" content=\"https:\/\/purecosmetics-shop.com\/wp-content\/uploads\/2024\/10\/Purito-SEOUL-Wonder-Releaf-Centella-Serum-Unscented.webp\" \/>\n\t<meta property=\"og:image:width\" content=\"800\" \/>\n\t<meta property=\"og:image:height\" content=\"800\" \/>\n\t<meta property=\"og:image:type\" content=\"image\/webp\" \/>\n<meta name=\"twitter:card\" content=\"summary_large_image\" \/>\n<meta name=\"twitter:label1\" content=\"Dur\u00e9e de lecture estim\u00e9e\" \/>\n\t<meta name=\"twitter:data1\" content=\"1 minute\" \/>\n<script type=\"application\/ld+json\" class=\"yoast-schema-graph\">{\"@context\":\"https:\\\/\\\/schema.org\",\"@graph\":[{\"@type\":\"WebPage\",\"@id\":\"https:\\\/\\\/purecosmetics-shop.com\\\/accueil\\\/produit\\\/purito-seoul-wonder-releaf-centella-serum-unscented\\\/\",\"url\":\"https:\\\/\\\/purecosmetics-shop.com\\\/accueil\\\/produit\\\/purito-seoul-wonder-releaf-centella-serum-unscented\\\/\",\"name\":\"Wonder Releaf Centella Serum Unscented - Pure Cosmetics\",\"isPartOf\":{\"@id\":\"https:\\\/\\\/purecosmetics-shop.com\\\/accueil\\\/#website\"},\"primaryImageOfPage\":{\"@id\":\"https:\\\/\\\/purecosmetics-shop.com\\\/accueil\\\/produit\\\/purito-seoul-wonder-releaf-centella-serum-unscented\\\/#primaryimage\"},\"image\":{\"@id\":\"https:\\\/\\\/purecosmetics-shop.com\\\/accueil\\\/produit\\\/purito-seoul-wonder-releaf-centella-serum-unscented\\\/#primaryimage\"},\"thumbnailUrl\":\"https:\\\/\\\/purecosmetics-shop.com\\\/wp-content\\\/uploads\\\/2024\\\/10\\\/Purito-SEOUL-Wonder-Releaf-Centella-Serum-Unscented.webp\",\"datePublished\":\"2024-10-16T17:12:51+00:00\",\"dateModified\":\"2025-03-28T21:53:45+00:00\",\"breadcrumb\":{\"@id\":\"https:\\\/\\\/purecosmetics-shop.com\\\/accueil\\\/produit\\\/purito-seoul-wonder-releaf-centella-serum-unscented\\\/#breadcrumb\"},\"inLanguage\":\"fr-FR\",\"potentialAction\":[{\"@type\":\"ReadAction\",\"target\":[\"https:\\\/\\\/purecosmetics-shop.com\\\/accueil\\\/produit\\\/purito-seoul-wonder-releaf-centella-serum-unscented\\\/\"]}]},{\"@type\":\"ImageObject\",\"inLanguage\":\"fr-FR\",\"@id\":\"https:\\\/\\\/purecosmetics-shop.com\\\/accueil\\\/produit\\\/purito-seoul-wonder-releaf-centella-serum-unscented\\\/#primaryimage\",\"url\":\"https:\\\/\\\/purecosmetics-shop.com\\\/wp-content\\\/uploads\\\/2024\\\/10\\\/Purito-SEOUL-Wonder-Releaf-Centella-Serum-Unscented.webp\",\"contentUrl\":\"https:\\\/\\\/purecosmetics-shop.com\\\/wp-content\\\/uploads\\\/2024\\\/10\\\/Purito-SEOUL-Wonder-Releaf-Centella-Serum-Unscented.webp\",\"width\":800,\"height\":800},{\"@type\":\"BreadcrumbList\",\"@id\":\"https:\\\/\\\/purecosmetics-shop.com\\\/accueil\\\/produit\\\/purito-seoul-wonder-releaf-centella-serum-unscented\\\/#breadcrumb\",\"itemListElement\":[{\"@type\":\"ListItem\",\"position\":1,\"name\":\"Accueil\",\"item\":\"https:\\\/\\\/purecosmetics-shop.com\\\/accueil\\\/\"},{\"@type\":\"ListItem\",\"position\":2,\"name\":\"NOUVEAUT\u00c9S\",\"item\":\"https:\\\/\\\/purecosmetics-shop.com\\\/accueil\\\/nouveautes\\\/\"},{\"@type\":\"ListItem\",\"position\":3,\"name\":\"Wonder Releaf Centella Serum Unscented\"}]},{\"@type\":\"WebSite\",\"@id\":\"https:\\\/\\\/purecosmetics-shop.com\\\/accueil\\\/#website\",\"url\":\"https:\\\/\\\/purecosmetics-shop.com\\\/accueil\\\/\",\"name\":\"Pure Cosmetics\",\"description\":\"Skincare cor\u00e9enne et japonais\",\"publisher\":{\"@id\":\"https:\\\/\\\/purecosmetics-shop.com\\\/accueil\\\/#organization\"},\"potentialAction\":[{\"@type\":\"SearchAction\",\"target\":{\"@type\":\"EntryPoint\",\"urlTemplate\":\"https:\\\/\\\/purecosmetics-shop.com\\\/accueil\\\/?s={search_term_string}\"},\"query-input\":{\"@type\":\"PropertyValueSpecification\",\"valueRequired\":true,\"valueName\":\"search_term_string\"}}],\"inLanguage\":\"fr-FR\"},{\"@type\":\"Organization\",\"@id\":\"https:\\\/\\\/purecosmetics-shop.com\\\/accueil\\\/#organization\",\"name\":\"Pure Cosmetics\",\"url\":\"https:\\\/\\\/purecosmetics-shop.com\\\/accueil\\\/\",\"logo\":{\"@type\":\"ImageObject\",\"inLanguage\":\"fr-FR\",\"@id\":\"https:\\\/\\\/purecosmetics-shop.com\\\/accueil\\\/#\\\/schema\\\/logo\\\/image\\\/\",\"url\":\"https:\\\/\\\/purecosmetics-shop.com\\\/wp-content\\\/uploads\\\/2025\\\/04\\\/cropped-Pure-Cosmetics-black-2.png\",\"contentUrl\":\"https:\\\/\\\/purecosmetics-shop.com\\\/wp-content\\\/uploads\\\/2025\\\/04\\\/cropped-Pure-Cosmetics-black-2.png\",\"width\":2362,\"height\":2324,\"caption\":\"Pure Cosmetics\"},\"image\":{\"@id\":\"https:\\\/\\\/purecosmetics-shop.com\\\/accueil\\\/#\\\/schema\\\/logo\\\/image\\\/\"}}]}<\/script>\n<!-- \/ Yoast SEO plugin. -->","yoast_head_json":{"title":"Wonder Releaf Centella Serum Unscented - Pure Cosmetics","robots":{"index":"index","follow":"follow","max-snippet":"max-snippet:-1","max-image-preview":"max-image-preview:large","max-video-preview":"max-video-preview:-1"},"canonical":"https:\/\/purecosmetics-shop.com\/accueil\/produit\/purito-seoul-wonder-releaf-centella-serum-unscented\/","og_locale":"fr_FR","og_type":"article","og_title":"Wonder Releaf Centella Serum Unscented - Pure Cosmetics","og_description":"Purito Centella Unscented Serum contient 49 % d\u2019extrait de Centella, qui favorise la synth\u00e8se de collag\u00e8ne, et la niacinamide pour une r\u00e9g\u00e9n\u00e9ration de la peau plus efficace. La pr\u00e9sence d\u2019ingr\u00e9dients tel que la c\u00e9ramide, l\u2019hyaluronate de sodium et le peptide renforcent la barri\u00e8re cutan\u00e9e.","og_url":"https:\/\/purecosmetics-shop.com\/accueil\/produit\/purito-seoul-wonder-releaf-centella-serum-unscented\/","og_site_name":"Pure Cosmetics","article_modified_time":"2025-03-28T21:53:45+00:00","og_image":[{"width":800,"height":800,"url":"https:\/\/purecosmetics-shop.com\/wp-content\/uploads\/2024\/10\/Purito-SEOUL-Wonder-Releaf-Centella-Serum-Unscented.webp","type":"image\/webp"}],"twitter_card":"summary_large_image","twitter_misc":{"Dur\u00e9e de lecture estim\u00e9e":"1 minute"},"schema":{"@context":"https:\/\/schema.org","@graph":[{"@type":"WebPage","@id":"https:\/\/purecosmetics-shop.com\/accueil\/produit\/purito-seoul-wonder-releaf-centella-serum-unscented\/","url":"https:\/\/purecosmetics-shop.com\/accueil\/produit\/purito-seoul-wonder-releaf-centella-serum-unscented\/","name":"Wonder Releaf Centella Serum Unscented - Pure Cosmetics","isPartOf":{"@id":"https:\/\/purecosmetics-shop.com\/accueil\/#website"},"primaryImageOfPage":{"@id":"https:\/\/purecosmetics-shop.com\/accueil\/produit\/purito-seoul-wonder-releaf-centella-serum-unscented\/#primaryimage"},"image":{"@id":"https:\/\/purecosmetics-shop.com\/accueil\/produit\/purito-seoul-wonder-releaf-centella-serum-unscented\/#primaryimage"},"thumbnailUrl":"https:\/\/purecosmetics-shop.com\/wp-content\/uploads\/2024\/10\/Purito-SEOUL-Wonder-Releaf-Centella-Serum-Unscented.webp","datePublished":"2024-10-16T17:12:51+00:00","dateModified":"2025-03-28T21:53:45+00:00","breadcrumb":{"@id":"https:\/\/purecosmetics-shop.com\/accueil\/produit\/purito-seoul-wonder-releaf-centella-serum-unscented\/#breadcrumb"},"inLanguage":"fr-FR","potentialAction":[{"@type":"ReadAction","target":["https:\/\/purecosmetics-shop.com\/accueil\/produit\/purito-seoul-wonder-releaf-centella-serum-unscented\/"]}]},{"@type":"ImageObject","inLanguage":"fr-FR","@id":"https:\/\/purecosmetics-shop.com\/accueil\/produit\/purito-seoul-wonder-releaf-centella-serum-unscented\/#primaryimage","url":"https:\/\/purecosmetics-shop.com\/wp-content\/uploads\/2024\/10\/Purito-SEOUL-Wonder-Releaf-Centella-Serum-Unscented.webp","contentUrl":"https:\/\/purecosmetics-shop.com\/wp-content\/uploads\/2024\/10\/Purito-SEOUL-Wonder-Releaf-Centella-Serum-Unscented.webp","width":800,"height":800},{"@type":"BreadcrumbList","@id":"https:\/\/purecosmetics-shop.com\/accueil\/produit\/purito-seoul-wonder-releaf-centella-serum-unscented\/#breadcrumb","itemListElement":[{"@type":"ListItem","position":1,"name":"Accueil","item":"https:\/\/purecosmetics-shop.com\/accueil\/"},{"@type":"ListItem","position":2,"name":"NOUVEAUT\u00c9S","item":"https:\/\/purecosmetics-shop.com\/accueil\/nouveautes\/"},{"@type":"ListItem","position":3,"name":"Wonder Releaf Centella Serum Unscented"}]},{"@type":"WebSite","@id":"https:\/\/purecosmetics-shop.com\/accueil\/#website","url":"https:\/\/purecosmetics-shop.com\/accueil\/","name":"Pure Cosmetics","description":"Skincare cor\u00e9enne et japonais","publisher":{"@id":"https:\/\/purecosmetics-shop.com\/accueil\/#organization"},"potentialAction":[{"@type":"SearchAction","target":{"@type":"EntryPoint","urlTemplate":"https:\/\/purecosmetics-shop.com\/accueil\/?s={search_term_string}"},"query-input":{"@type":"PropertyValueSpecification","valueRequired":true,"valueName":"search_term_string"}}],"inLanguage":"fr-FR"},{"@type":"Organization","@id":"https:\/\/purecosmetics-shop.com\/accueil\/#organization","name":"Pure Cosmetics","url":"https:\/\/purecosmetics-shop.com\/accueil\/","logo":{"@type":"ImageObject","inLanguage":"fr-FR","@id":"https:\/\/purecosmetics-shop.com\/accueil\/#\/schema\/logo\/image\/","url":"https:\/\/purecosmetics-shop.com\/wp-content\/uploads\/2025\/04\/cropped-Pure-Cosmetics-black-2.png","contentUrl":"https:\/\/purecosmetics-shop.com\/wp-content\/uploads\/2025\/04\/cropped-Pure-Cosmetics-black-2.png","width":2362,"height":2324,"caption":"Pure Cosmetics"},"image":{"@id":"https:\/\/purecosmetics-shop.com\/accueil\/#\/schema\/logo\/image\/"}}]}},"jetpack_sharing_enabled":true,"_links":{"self":[{"href":"https:\/\/purecosmetics-shop.com\/accueil\/wp-json\/wp\/v2\/product\/1319","targetHints":{"allow":["GET"]}}],"collection":[{"href":"https:\/\/purecosmetics-shop.com\/accueil\/wp-json\/wp\/v2\/product"}],"about":[{"href":"https:\/\/purecosmetics-shop.com\/accueil\/wp-json\/wp\/v2\/types\/product"}],"replies":[{"embeddable":true,"href":"https:\/\/purecosmetics-shop.com\/accueil\/wp-json\/wp\/v2\/comments?post=1319"}],"version-history":[{"count":3,"href":"https:\/\/purecosmetics-shop.com\/accueil\/wp-json\/wp\/v2\/product\/1319\/revisions"}],"predecessor-version":[{"id":2645,"href":"https:\/\/purecosmetics-shop.com\/accueil\/wp-json\/wp\/v2\/product\/1319\/revisions\/2645"}],"wp:featuredmedia":[{"embeddable":true,"href":"https:\/\/purecosmetics-shop.com\/accueil\/wp-json\/wp\/v2\/media\/1792"}],"wp:attachment":[{"href":"https:\/\/purecosmetics-shop.com\/accueil\/wp-json\/wp\/v2\/media?parent=1319"}],"wp:term":[{"taxonomy":"product_brand","embeddable":true,"href":"https:\/\/purecosmetics-shop.com\/accueil\/wp-json\/wp\/v2\/product_brand?post=1319"},{"taxonomy":"product_cat","embeddable":true,"href":"https:\/\/purecosmetics-shop.com\/accueil\/wp-json\/wp\/v2\/product_cat?post=1319"},{"taxonomy":"product_tag","embeddable":true,"href":"https:\/\/purecosmetics-shop.com\/accueil\/wp-json\/wp\/v2\/product_tag?post=1319"}],"curies":[{"name":"wp","href":"https:\/\/api.w.org\/{rel}","templated":true}]}}