{"id":1318,"date":"2024-10-16T13:12:51","date_gmt":"2024-10-16T17:12:51","guid":{"rendered":"https:\/\/purecosmetics-shop.com\/accueil\/produit\/dr-althea-pure-grinding-cleansing-balm\/"},"modified":"2026-04-20T06:43:52","modified_gmt":"2026-04-20T10:43:52","slug":"dr-althea-pure-grinding-cleansing-balm","status":"publish","type":"product","link":"https:\/\/purecosmetics-shop.com\/accueil\/produit\/dr-althea-pure-grinding-cleansing-balm\/","title":{"rendered":"Pure Grinding Cleansing Balm"},"content":{"rendered":"<p>Le baume nettoyant Pure Grinding, formul\u00e9 avec 14 ingr\u00e9dients essentiels, offre une exp\u00e9rience de nettoyage douce pour les peaux sensibles.<\/p>\n<p>Son m\u00e9canisme de broyage hygi\u00e9nique permet un contr\u00f4le pratique et pr\u00e9cis des portions sans risque de d\u00e9t\u00e9rioration.<\/p>\n<p>L&rsquo;effet nettoyant puissant du baume \u00e9limine sans effort la cr\u00e8me solaire, le maquillage et les produits imperm\u00e9ables, minimisant ainsi la lourdeur et le gras.<\/p>\n<p>Enrichi en huile de graines de Camellia Sinensis et en huile de p\u00e9pins de Vitis Vinifera (raisin), il laisse la peau hydrat\u00e9e et rajeunie.<\/p>\n<p>Infus\u00e9e de mad\u00e9cassoside et d&rsquo;extrait de centella, la formule apaise les peaux sensibles et sujettes \u00e0 l&rsquo;acn\u00e9, r\u00e9duisant les rougeurs et les irritations.<\/p>\n","protected":false},"excerpt":{"rendered":"<p>Le baume nettoyant Pure Grinding est formul\u00e9 \u00e0 partir de 14 ingr\u00e9dients essentiels pour un nettoyage en douceur sans irritation.<br \/>\nIl dissout le maquillage, la cr\u00e8me solaire et les impuret\u00e9s sans effort.<br \/>\nEnrichi en huile de graines de Camellia Sinensis et en huile de p\u00e9pins de raisin Vitis Vinifera, il laisse la peau hydrat\u00e9e et rajeunie.<br \/>\nLa pr\u00e9sence de Madecassoside et d\u2019extrait de Centella apaise les peaux sensibles et sujettes \u00e0 l\u2019acn\u00e9, r\u00e9duisant les rougeurs et les irritations.<\/p>\n<p>Son m\u00e9canisme de broyage hygi\u00e9nique permet un contr\u00f4le pratique et pr\u00e9cis des portions sans risque de d\u00e9t\u00e9rioration.<\/p>\n","protected":false},"featured_media":5942,"comment_status":"open","ping_status":"closed","template":"","meta":[],"product_brand":[163],"product_cat":[108,109,18,119],"product_tag":[],"class_list":{"0":"post-1318","1":"product","2":"type-product","3":"status-publish","4":"has-post-thumbnail","6":"product_brand-dr-althea","7":"product_cat-anti-imperfections-et-pores","8":"product_cat-anti-rougeurs-et-irritations","9":"product_cat-nettoyant-visage","10":"product_cat-peau-sensible","12":"first","13":"instock","14":"shipping-taxable","15":"purchasable","16":"product-type-simple"},"yoast_head":"<!-- This site is optimized with the Yoast SEO plugin v27.4 - https:\/\/yoast.com\/product\/yoast-seo-wordpress\/ -->\n<title>Pure Grinding Cleansing Balm - Pure Cosmetics<\/title>\n<meta name=\"robots\" content=\"index, follow, max-snippet:-1, max-image-preview:large, max-video-preview:-1\" \/>\n<link rel=\"canonical\" href=\"https:\/\/purecosmetics-shop.com\/accueil\/produit\/dr-althea-pure-grinding-cleansing-balm\/\" \/>\n<meta property=\"og:locale\" content=\"fr_FR\" \/>\n<meta property=\"og:type\" content=\"article\" \/>\n<meta property=\"og:title\" content=\"Pure Grinding Cleansing Balm - Pure Cosmetics\" \/>\n<meta property=\"og:description\" content=\"Le baume nettoyant Pure Grinding est formul\u00e9 \u00e0 partir de 14 ingr\u00e9dients essentiels pour un nettoyage en douceur sans irritation. Il dissout le maquillage, la cr\u00e8me solaire et les impuret\u00e9s sans effort. Enrichi en huile de graines de Camellia Sinensis et en huile de p\u00e9pins de raisin Vitis Vinifera, il laisse la peau hydrat\u00e9e et rajeunie. La pr\u00e9sence de Madecassoside et d\u2019extrait de Centella apaise les peaux sensibles et sujettes \u00e0 l\u2019acn\u00e9, r\u00e9duisant les rougeurs et les irritations.  Son m\u00e9canisme de broyage hygi\u00e9nique permet un contr\u00f4le pratique et pr\u00e9cis des portions sans risque de d\u00e9t\u00e9rioration.\" \/>\n<meta property=\"og:url\" content=\"https:\/\/purecosmetics-shop.com\/accueil\/produit\/dr-althea-pure-grinding-cleansing-balm\/\" \/>\n<meta property=\"og:site_name\" content=\"Pure Cosmetics\" \/>\n<meta property=\"article:modified_time\" content=\"2026-04-20T10:43:52+00:00\" \/>\n<meta property=\"og:image\" content=\"https:\/\/purecosmetics-shop.com\/wp-content\/uploads\/2024\/10\/DR_ALTHEA_Pure_Grinding_Cleansing_Balm.webp\" \/>\n\t<meta property=\"og:image:width\" content=\"750\" \/>\n\t<meta property=\"og:image:height\" content=\"750\" \/>\n\t<meta property=\"og:image:type\" content=\"image\/webp\" \/>\n<meta name=\"twitter:card\" content=\"summary_large_image\" \/>\n<meta name=\"twitter:label1\" content=\"Dur\u00e9e de lecture estim\u00e9e\" \/>\n\t<meta name=\"twitter:data1\" content=\"1 minute\" \/>\n<script type=\"application\/ld+json\" class=\"yoast-schema-graph\">{\"@context\":\"https:\\\/\\\/schema.org\",\"@graph\":[{\"@type\":\"WebPage\",\"@id\":\"https:\\\/\\\/purecosmetics-shop.com\\\/accueil\\\/produit\\\/dr-althea-pure-grinding-cleansing-balm\\\/\",\"url\":\"https:\\\/\\\/purecosmetics-shop.com\\\/accueil\\\/produit\\\/dr-althea-pure-grinding-cleansing-balm\\\/\",\"name\":\"Pure Grinding Cleansing Balm - Pure Cosmetics\",\"isPartOf\":{\"@id\":\"https:\\\/\\\/purecosmetics-shop.com\\\/accueil\\\/#website\"},\"primaryImageOfPage\":{\"@id\":\"https:\\\/\\\/purecosmetics-shop.com\\\/accueil\\\/produit\\\/dr-althea-pure-grinding-cleansing-balm\\\/#primaryimage\"},\"image\":{\"@id\":\"https:\\\/\\\/purecosmetics-shop.com\\\/accueil\\\/produit\\\/dr-althea-pure-grinding-cleansing-balm\\\/#primaryimage\"},\"thumbnailUrl\":\"https:\\\/\\\/purecosmetics-shop.com\\\/wp-content\\\/uploads\\\/2024\\\/10\\\/DR_ALTHEA_Pure_Grinding_Cleansing_Balm.webp\",\"datePublished\":\"2024-10-16T17:12:51+00:00\",\"dateModified\":\"2026-04-20T10:43:52+00:00\",\"breadcrumb\":{\"@id\":\"https:\\\/\\\/purecosmetics-shop.com\\\/accueil\\\/produit\\\/dr-althea-pure-grinding-cleansing-balm\\\/#breadcrumb\"},\"inLanguage\":\"fr-FR\",\"potentialAction\":[{\"@type\":\"ReadAction\",\"target\":[\"https:\\\/\\\/purecosmetics-shop.com\\\/accueil\\\/produit\\\/dr-althea-pure-grinding-cleansing-balm\\\/\"]}]},{\"@type\":\"ImageObject\",\"inLanguage\":\"fr-FR\",\"@id\":\"https:\\\/\\\/purecosmetics-shop.com\\\/accueil\\\/produit\\\/dr-althea-pure-grinding-cleansing-balm\\\/#primaryimage\",\"url\":\"https:\\\/\\\/purecosmetics-shop.com\\\/wp-content\\\/uploads\\\/2024\\\/10\\\/DR_ALTHEA_Pure_Grinding_Cleansing_Balm.webp\",\"contentUrl\":\"https:\\\/\\\/purecosmetics-shop.com\\\/wp-content\\\/uploads\\\/2024\\\/10\\\/DR_ALTHEA_Pure_Grinding_Cleansing_Balm.webp\",\"width\":750,\"height\":750},{\"@type\":\"BreadcrumbList\",\"@id\":\"https:\\\/\\\/purecosmetics-shop.com\\\/accueil\\\/produit\\\/dr-althea-pure-grinding-cleansing-balm\\\/#breadcrumb\",\"itemListElement\":[{\"@type\":\"ListItem\",\"position\":1,\"name\":\"Accueil\",\"item\":\"https:\\\/\\\/purecosmetics-shop.com\\\/accueil\\\/\"},{\"@type\":\"ListItem\",\"position\":2,\"name\":\"NOUVEAUT\u00c9S\",\"item\":\"https:\\\/\\\/purecosmetics-shop.com\\\/accueil\\\/nouveautes\\\/\"},{\"@type\":\"ListItem\",\"position\":3,\"name\":\"Pure Grinding Cleansing Balm\"}]},{\"@type\":\"WebSite\",\"@id\":\"https:\\\/\\\/purecosmetics-shop.com\\\/accueil\\\/#website\",\"url\":\"https:\\\/\\\/purecosmetics-shop.com\\\/accueil\\\/\",\"name\":\"Pure Cosmetics\",\"description\":\"Skincare cor\u00e9enne et japonais\",\"publisher\":{\"@id\":\"https:\\\/\\\/purecosmetics-shop.com\\\/accueil\\\/#organization\"},\"potentialAction\":[{\"@type\":\"SearchAction\",\"target\":{\"@type\":\"EntryPoint\",\"urlTemplate\":\"https:\\\/\\\/purecosmetics-shop.com\\\/accueil\\\/?s={search_term_string}\"},\"query-input\":{\"@type\":\"PropertyValueSpecification\",\"valueRequired\":true,\"valueName\":\"search_term_string\"}}],\"inLanguage\":\"fr-FR\"},{\"@type\":\"Organization\",\"@id\":\"https:\\\/\\\/purecosmetics-shop.com\\\/accueil\\\/#organization\",\"name\":\"Pure Cosmetics\",\"url\":\"https:\\\/\\\/purecosmetics-shop.com\\\/accueil\\\/\",\"logo\":{\"@type\":\"ImageObject\",\"inLanguage\":\"fr-FR\",\"@id\":\"https:\\\/\\\/purecosmetics-shop.com\\\/accueil\\\/#\\\/schema\\\/logo\\\/image\\\/\",\"url\":\"https:\\\/\\\/purecosmetics-shop.com\\\/wp-content\\\/uploads\\\/2025\\\/04\\\/cropped-Pure-Cosmetics-black-2.png\",\"contentUrl\":\"https:\\\/\\\/purecosmetics-shop.com\\\/wp-content\\\/uploads\\\/2025\\\/04\\\/cropped-Pure-Cosmetics-black-2.png\",\"width\":2362,\"height\":2324,\"caption\":\"Pure Cosmetics\"},\"image\":{\"@id\":\"https:\\\/\\\/purecosmetics-shop.com\\\/accueil\\\/#\\\/schema\\\/logo\\\/image\\\/\"}}]}<\/script>\n<!-- \/ Yoast SEO plugin. -->","yoast_head_json":{"title":"Pure Grinding Cleansing Balm - Pure Cosmetics","robots":{"index":"index","follow":"follow","max-snippet":"max-snippet:-1","max-image-preview":"max-image-preview:large","max-video-preview":"max-video-preview:-1"},"canonical":"https:\/\/purecosmetics-shop.com\/accueil\/produit\/dr-althea-pure-grinding-cleansing-balm\/","og_locale":"fr_FR","og_type":"article","og_title":"Pure Grinding Cleansing Balm - Pure Cosmetics","og_description":"Le baume nettoyant Pure Grinding est formul\u00e9 \u00e0 partir de 14 ingr\u00e9dients essentiels pour un nettoyage en douceur sans irritation. Il dissout le maquillage, la cr\u00e8me solaire et les impuret\u00e9s sans effort. Enrichi en huile de graines de Camellia Sinensis et en huile de p\u00e9pins de raisin Vitis Vinifera, il laisse la peau hydrat\u00e9e et rajeunie. La pr\u00e9sence de Madecassoside et d\u2019extrait de Centella apaise les peaux sensibles et sujettes \u00e0 l\u2019acn\u00e9, r\u00e9duisant les rougeurs et les irritations.  Son m\u00e9canisme de broyage hygi\u00e9nique permet un contr\u00f4le pratique et pr\u00e9cis des portions sans risque de d\u00e9t\u00e9rioration.","og_url":"https:\/\/purecosmetics-shop.com\/accueil\/produit\/dr-althea-pure-grinding-cleansing-balm\/","og_site_name":"Pure Cosmetics","article_modified_time":"2026-04-20T10:43:52+00:00","og_image":[{"width":750,"height":750,"url":"https:\/\/purecosmetics-shop.com\/wp-content\/uploads\/2024\/10\/DR_ALTHEA_Pure_Grinding_Cleansing_Balm.webp","type":"image\/webp"}],"twitter_card":"summary_large_image","twitter_misc":{"Dur\u00e9e de lecture estim\u00e9e":"1 minute"},"schema":{"@context":"https:\/\/schema.org","@graph":[{"@type":"WebPage","@id":"https:\/\/purecosmetics-shop.com\/accueil\/produit\/dr-althea-pure-grinding-cleansing-balm\/","url":"https:\/\/purecosmetics-shop.com\/accueil\/produit\/dr-althea-pure-grinding-cleansing-balm\/","name":"Pure Grinding Cleansing Balm - Pure Cosmetics","isPartOf":{"@id":"https:\/\/purecosmetics-shop.com\/accueil\/#website"},"primaryImageOfPage":{"@id":"https:\/\/purecosmetics-shop.com\/accueil\/produit\/dr-althea-pure-grinding-cleansing-balm\/#primaryimage"},"image":{"@id":"https:\/\/purecosmetics-shop.com\/accueil\/produit\/dr-althea-pure-grinding-cleansing-balm\/#primaryimage"},"thumbnailUrl":"https:\/\/purecosmetics-shop.com\/wp-content\/uploads\/2024\/10\/DR_ALTHEA_Pure_Grinding_Cleansing_Balm.webp","datePublished":"2024-10-16T17:12:51+00:00","dateModified":"2026-04-20T10:43:52+00:00","breadcrumb":{"@id":"https:\/\/purecosmetics-shop.com\/accueil\/produit\/dr-althea-pure-grinding-cleansing-balm\/#breadcrumb"},"inLanguage":"fr-FR","potentialAction":[{"@type":"ReadAction","target":["https:\/\/purecosmetics-shop.com\/accueil\/produit\/dr-althea-pure-grinding-cleansing-balm\/"]}]},{"@type":"ImageObject","inLanguage":"fr-FR","@id":"https:\/\/purecosmetics-shop.com\/accueil\/produit\/dr-althea-pure-grinding-cleansing-balm\/#primaryimage","url":"https:\/\/purecosmetics-shop.com\/wp-content\/uploads\/2024\/10\/DR_ALTHEA_Pure_Grinding_Cleansing_Balm.webp","contentUrl":"https:\/\/purecosmetics-shop.com\/wp-content\/uploads\/2024\/10\/DR_ALTHEA_Pure_Grinding_Cleansing_Balm.webp","width":750,"height":750},{"@type":"BreadcrumbList","@id":"https:\/\/purecosmetics-shop.com\/accueil\/produit\/dr-althea-pure-grinding-cleansing-balm\/#breadcrumb","itemListElement":[{"@type":"ListItem","position":1,"name":"Accueil","item":"https:\/\/purecosmetics-shop.com\/accueil\/"},{"@type":"ListItem","position":2,"name":"NOUVEAUT\u00c9S","item":"https:\/\/purecosmetics-shop.com\/accueil\/nouveautes\/"},{"@type":"ListItem","position":3,"name":"Pure Grinding Cleansing Balm"}]},{"@type":"WebSite","@id":"https:\/\/purecosmetics-shop.com\/accueil\/#website","url":"https:\/\/purecosmetics-shop.com\/accueil\/","name":"Pure Cosmetics","description":"Skincare cor\u00e9enne et japonais","publisher":{"@id":"https:\/\/purecosmetics-shop.com\/accueil\/#organization"},"potentialAction":[{"@type":"SearchAction","target":{"@type":"EntryPoint","urlTemplate":"https:\/\/purecosmetics-shop.com\/accueil\/?s={search_term_string}"},"query-input":{"@type":"PropertyValueSpecification","valueRequired":true,"valueName":"search_term_string"}}],"inLanguage":"fr-FR"},{"@type":"Organization","@id":"https:\/\/purecosmetics-shop.com\/accueil\/#organization","name":"Pure Cosmetics","url":"https:\/\/purecosmetics-shop.com\/accueil\/","logo":{"@type":"ImageObject","inLanguage":"fr-FR","@id":"https:\/\/purecosmetics-shop.com\/accueil\/#\/schema\/logo\/image\/","url":"https:\/\/purecosmetics-shop.com\/wp-content\/uploads\/2025\/04\/cropped-Pure-Cosmetics-black-2.png","contentUrl":"https:\/\/purecosmetics-shop.com\/wp-content\/uploads\/2025\/04\/cropped-Pure-Cosmetics-black-2.png","width":2362,"height":2324,"caption":"Pure Cosmetics"},"image":{"@id":"https:\/\/purecosmetics-shop.com\/accueil\/#\/schema\/logo\/image\/"}}]}},"jetpack_sharing_enabled":true,"_links":{"self":[{"href":"https:\/\/purecosmetics-shop.com\/accueil\/wp-json\/wp\/v2\/product\/1318","targetHints":{"allow":["GET"]}}],"collection":[{"href":"https:\/\/purecosmetics-shop.com\/accueil\/wp-json\/wp\/v2\/product"}],"about":[{"href":"https:\/\/purecosmetics-shop.com\/accueil\/wp-json\/wp\/v2\/types\/product"}],"replies":[{"embeddable":true,"href":"https:\/\/purecosmetics-shop.com\/accueil\/wp-json\/wp\/v2\/comments?post=1318"}],"version-history":[{"count":3,"href":"https:\/\/purecosmetics-shop.com\/accueil\/wp-json\/wp\/v2\/product\/1318\/revisions"}],"predecessor-version":[{"id":2646,"href":"https:\/\/purecosmetics-shop.com\/accueil\/wp-json\/wp\/v2\/product\/1318\/revisions\/2646"}],"wp:featuredmedia":[{"embeddable":true,"href":"https:\/\/purecosmetics-shop.com\/accueil\/wp-json\/wp\/v2\/media\/5942"}],"wp:attachment":[{"href":"https:\/\/purecosmetics-shop.com\/accueil\/wp-json\/wp\/v2\/media?parent=1318"}],"wp:term":[{"taxonomy":"product_brand","embeddable":true,"href":"https:\/\/purecosmetics-shop.com\/accueil\/wp-json\/wp\/v2\/product_brand?post=1318"},{"taxonomy":"product_cat","embeddable":true,"href":"https:\/\/purecosmetics-shop.com\/accueil\/wp-json\/wp\/v2\/product_cat?post=1318"},{"taxonomy":"product_tag","embeddable":true,"href":"https:\/\/purecosmetics-shop.com\/accueil\/wp-json\/wp\/v2\/product_tag?post=1318"}],"curies":[{"name":"wp","href":"https:\/\/api.w.org\/{rel}","templated":true}]}}