{"id":1311,"date":"2024-10-16T13:12:49","date_gmt":"2024-10-16T17:12:49","guid":{"rendered":"https:\/\/purecosmetics-shop.com\/accueil\/produit\/tocobo-cica-calming-sun-serum-spf50-pa\/"},"modified":"2025-03-28T17:53:45","modified_gmt":"2025-03-28T21:53:45","slug":"tocobo-cica-calming-sun-serum-spf50-pa","status":"publish","type":"product","link":"https:\/\/purecosmetics-shop.com\/accueil\/produit\/tocobo-cica-calming-sun-serum-spf50-pa\/","title":{"rendered":"CICA CALMING SUN SERUM SPF50+ PA++++\u00a0\u00bb"},"content":{"rendered":"<p>Soin calmant centella am\u00e9lior\u00e9 aliment\u00e9 par les ingr\u00e9dients de base de la centella asiatica et de la fermentation de levure.<\/p>\n<p>Un s\u00e9rum solaire et de soin multi-peau avec plus de 60 % d&rsquo;ingr\u00e9dients hydratants sous forme de s\u00e9rum, rapidement absorb\u00e9 par la peau sensibilis\u00e9e, aidant \u00e0 apaiser rapidement la peau et \u00e0 la recharger en hydratation.<\/p>\n<p>Un s\u00e9rum solaire chimique v\u00e9g\u00e9talien non com\u00e9dog\u00e8ne formul\u00e9 avec du complexe Cica et HA pour offrir un effet rafra\u00eechissant et une hydratation, tout en d\u00e9fendant la peau contre les rayons UV avec un large spectre SPF50+ PA++++.<\/p>\n<p>Enrichi en extrait de feuille d&rsquo;Aloe Ferox pour aider \u00e0 r\u00e9duire l&rsquo;inflammation, tout en maximisant le niveau d&rsquo;hydratation de la peau et en retenant l&rsquo;humidit\u00e9.<\/p>\n<p>Contient de l&rsquo;extrait de fleur de Carthamus Tinctorius (carthame) pour offrir des bienfaits anti-inflammatoires et antioxydants.<\/p>\n<p>Une texture rafra\u00eechissante qui s&rsquo;absorbe rapidement \u00e0 l&rsquo;application sans r\u00e9sidu collant. Test d&rsquo;irritation cutan\u00e9e termin\u00e9, convient aux peaux sensibles.<br \/>\nUn \u00e9cran solaire sans danger pour les r\u00e9cifs qui ne contient pas d&rsquo;oxybenzone ni d&rsquo;octinoxate, connus pour \u00eatre nocifs pour l&rsquo;oc\u00e9an.<\/p>\n","protected":false},"excerpt":{"rendered":"<p>Une solution de soin hydratante apaisante qui r\u00e9duit rapidement la chaleur cutan\u00e9e caus\u00e9e par l&rsquo;exposition au soleil, formul\u00e9e avec de la centella ferment\u00e9e, 10 types d&rsquo;acide hyaluronique et de l&rsquo;extrait d&rsquo;alo\u00e8s.<\/p>\n","protected":false},"featured_media":1930,"comment_status":"open","ping_status":"closed","template":"","meta":[],"product_brand":[185],"product_cat":[119,20],"product_tag":[],"class_list":{"0":"post-1311","1":"product","2":"type-product","3":"status-publish","4":"has-post-thumbnail","6":"product_brand-tocobo","7":"product_cat-peau-sensible","8":"product_cat-solaire","10":"first","11":"outofstock","12":"shipping-taxable","13":"product-type-simple"},"yoast_head":"<!-- This site is optimized with the Yoast SEO plugin v27.4 - https:\/\/yoast.com\/product\/yoast-seo-wordpress\/ -->\n<title>CICA CALMING SUN SERUM SPF50+ PA++++&quot; - Pure Cosmetics<\/title>\n<meta name=\"robots\" content=\"index, follow, max-snippet:-1, max-image-preview:large, max-video-preview:-1\" \/>\n<link rel=\"canonical\" href=\"https:\/\/purecosmetics-shop.com\/accueil\/produit\/tocobo-cica-calming-sun-serum-spf50-pa\/\" \/>\n<meta property=\"og:locale\" content=\"fr_FR\" \/>\n<meta property=\"og:type\" content=\"article\" \/>\n<meta property=\"og:title\" content=\"CICA CALMING SUN SERUM SPF50+ PA++++&quot; - Pure Cosmetics\" \/>\n<meta property=\"og:description\" content=\"Une solution de soin hydratante apaisante qui r\u00e9duit rapidement la chaleur cutan\u00e9e caus\u00e9e par l&#039;exposition au soleil, formul\u00e9e avec de la centella ferment\u00e9e, 10 types d&#039;acide hyaluronique et de l&#039;extrait d&#039;alo\u00e8s.\" \/>\n<meta property=\"og:url\" content=\"https:\/\/purecosmetics-shop.com\/accueil\/produit\/tocobo-cica-calming-sun-serum-spf50-pa\/\" \/>\n<meta property=\"og:site_name\" content=\"Pure Cosmetics\" \/>\n<meta property=\"article:modified_time\" content=\"2025-03-28T21:53:45+00:00\" \/>\n<meta property=\"og:image\" content=\"https:\/\/purecosmetics-shop.com\/wp-content\/uploads\/2024\/10\/Tocobo-Cica-Calming-Sun-Serum.jpg\" \/>\n\t<meta property=\"og:image:width\" content=\"1200\" \/>\n\t<meta property=\"og:image:height\" content=\"1200\" \/>\n\t<meta property=\"og:image:type\" content=\"image\/jpeg\" \/>\n<meta name=\"twitter:card\" content=\"summary_large_image\" \/>\n<meta name=\"twitter:label1\" content=\"Dur\u00e9e de lecture estim\u00e9e\" \/>\n\t<meta name=\"twitter:data1\" content=\"2 minutes\" \/>\n<script type=\"application\/ld+json\" class=\"yoast-schema-graph\">{\"@context\":\"https:\\\/\\\/schema.org\",\"@graph\":[{\"@type\":\"WebPage\",\"@id\":\"https:\\\/\\\/purecosmetics-shop.com\\\/accueil\\\/produit\\\/tocobo-cica-calming-sun-serum-spf50-pa\\\/\",\"url\":\"https:\\\/\\\/purecosmetics-shop.com\\\/accueil\\\/produit\\\/tocobo-cica-calming-sun-serum-spf50-pa\\\/\",\"name\":\"CICA CALMING SUN SERUM SPF50+ PA++++\\\" - Pure Cosmetics\",\"isPartOf\":{\"@id\":\"https:\\\/\\\/purecosmetics-shop.com\\\/accueil\\\/#website\"},\"primaryImageOfPage\":{\"@id\":\"https:\\\/\\\/purecosmetics-shop.com\\\/accueil\\\/produit\\\/tocobo-cica-calming-sun-serum-spf50-pa\\\/#primaryimage\"},\"image\":{\"@id\":\"https:\\\/\\\/purecosmetics-shop.com\\\/accueil\\\/produit\\\/tocobo-cica-calming-sun-serum-spf50-pa\\\/#primaryimage\"},\"thumbnailUrl\":\"https:\\\/\\\/purecosmetics-shop.com\\\/wp-content\\\/uploads\\\/2024\\\/10\\\/Tocobo-Cica-Calming-Sun-Serum.jpg\",\"datePublished\":\"2024-10-16T17:12:49+00:00\",\"dateModified\":\"2025-03-28T21:53:45+00:00\",\"breadcrumb\":{\"@id\":\"https:\\\/\\\/purecosmetics-shop.com\\\/accueil\\\/produit\\\/tocobo-cica-calming-sun-serum-spf50-pa\\\/#breadcrumb\"},\"inLanguage\":\"fr-FR\",\"potentialAction\":[{\"@type\":\"ReadAction\",\"target\":[\"https:\\\/\\\/purecosmetics-shop.com\\\/accueil\\\/produit\\\/tocobo-cica-calming-sun-serum-spf50-pa\\\/\"]}]},{\"@type\":\"ImageObject\",\"inLanguage\":\"fr-FR\",\"@id\":\"https:\\\/\\\/purecosmetics-shop.com\\\/accueil\\\/produit\\\/tocobo-cica-calming-sun-serum-spf50-pa\\\/#primaryimage\",\"url\":\"https:\\\/\\\/purecosmetics-shop.com\\\/wp-content\\\/uploads\\\/2024\\\/10\\\/Tocobo-Cica-Calming-Sun-Serum.jpg\",\"contentUrl\":\"https:\\\/\\\/purecosmetics-shop.com\\\/wp-content\\\/uploads\\\/2024\\\/10\\\/Tocobo-Cica-Calming-Sun-Serum.jpg\",\"width\":1200,\"height\":1200},{\"@type\":\"BreadcrumbList\",\"@id\":\"https:\\\/\\\/purecosmetics-shop.com\\\/accueil\\\/produit\\\/tocobo-cica-calming-sun-serum-spf50-pa\\\/#breadcrumb\",\"itemListElement\":[{\"@type\":\"ListItem\",\"position\":1,\"name\":\"Accueil\",\"item\":\"https:\\\/\\\/purecosmetics-shop.com\\\/accueil\\\/\"},{\"@type\":\"ListItem\",\"position\":2,\"name\":\"NOUVEAUT\u00c9S\",\"item\":\"https:\\\/\\\/purecosmetics-shop.com\\\/accueil\\\/nouveautes\\\/\"},{\"@type\":\"ListItem\",\"position\":3,\"name\":\"CICA CALMING SUN SERUM SPF50+ PA++++\u00a0\u00bb\"}]},{\"@type\":\"WebSite\",\"@id\":\"https:\\\/\\\/purecosmetics-shop.com\\\/accueil\\\/#website\",\"url\":\"https:\\\/\\\/purecosmetics-shop.com\\\/accueil\\\/\",\"name\":\"Pure Cosmetics\",\"description\":\"Skincare cor\u00e9enne et japonais\",\"publisher\":{\"@id\":\"https:\\\/\\\/purecosmetics-shop.com\\\/accueil\\\/#organization\"},\"potentialAction\":[{\"@type\":\"SearchAction\",\"target\":{\"@type\":\"EntryPoint\",\"urlTemplate\":\"https:\\\/\\\/purecosmetics-shop.com\\\/accueil\\\/?s={search_term_string}\"},\"query-input\":{\"@type\":\"PropertyValueSpecification\",\"valueRequired\":true,\"valueName\":\"search_term_string\"}}],\"inLanguage\":\"fr-FR\"},{\"@type\":\"Organization\",\"@id\":\"https:\\\/\\\/purecosmetics-shop.com\\\/accueil\\\/#organization\",\"name\":\"Pure Cosmetics\",\"url\":\"https:\\\/\\\/purecosmetics-shop.com\\\/accueil\\\/\",\"logo\":{\"@type\":\"ImageObject\",\"inLanguage\":\"fr-FR\",\"@id\":\"https:\\\/\\\/purecosmetics-shop.com\\\/accueil\\\/#\\\/schema\\\/logo\\\/image\\\/\",\"url\":\"https:\\\/\\\/purecosmetics-shop.com\\\/wp-content\\\/uploads\\\/2025\\\/04\\\/cropped-Pure-Cosmetics-black-2.png\",\"contentUrl\":\"https:\\\/\\\/purecosmetics-shop.com\\\/wp-content\\\/uploads\\\/2025\\\/04\\\/cropped-Pure-Cosmetics-black-2.png\",\"width\":2362,\"height\":2324,\"caption\":\"Pure Cosmetics\"},\"image\":{\"@id\":\"https:\\\/\\\/purecosmetics-shop.com\\\/accueil\\\/#\\\/schema\\\/logo\\\/image\\\/\"}}]}<\/script>\n<!-- \/ Yoast SEO plugin. -->","yoast_head_json":{"title":"CICA CALMING SUN SERUM SPF50+ PA++++\" - Pure Cosmetics","robots":{"index":"index","follow":"follow","max-snippet":"max-snippet:-1","max-image-preview":"max-image-preview:large","max-video-preview":"max-video-preview:-1"},"canonical":"https:\/\/purecosmetics-shop.com\/accueil\/produit\/tocobo-cica-calming-sun-serum-spf50-pa\/","og_locale":"fr_FR","og_type":"article","og_title":"CICA CALMING SUN SERUM SPF50+ PA++++\" - Pure Cosmetics","og_description":"Une solution de soin hydratante apaisante qui r\u00e9duit rapidement la chaleur cutan\u00e9e caus\u00e9e par l'exposition au soleil, formul\u00e9e avec de la centella ferment\u00e9e, 10 types d'acide hyaluronique et de l'extrait d'alo\u00e8s.","og_url":"https:\/\/purecosmetics-shop.com\/accueil\/produit\/tocobo-cica-calming-sun-serum-spf50-pa\/","og_site_name":"Pure Cosmetics","article_modified_time":"2025-03-28T21:53:45+00:00","og_image":[{"width":1200,"height":1200,"url":"https:\/\/purecosmetics-shop.com\/wp-content\/uploads\/2024\/10\/Tocobo-Cica-Calming-Sun-Serum.jpg","type":"image\/jpeg"}],"twitter_card":"summary_large_image","twitter_misc":{"Dur\u00e9e de lecture estim\u00e9e":"2 minutes"},"schema":{"@context":"https:\/\/schema.org","@graph":[{"@type":"WebPage","@id":"https:\/\/purecosmetics-shop.com\/accueil\/produit\/tocobo-cica-calming-sun-serum-spf50-pa\/","url":"https:\/\/purecosmetics-shop.com\/accueil\/produit\/tocobo-cica-calming-sun-serum-spf50-pa\/","name":"CICA CALMING SUN SERUM SPF50+ PA++++\" - Pure Cosmetics","isPartOf":{"@id":"https:\/\/purecosmetics-shop.com\/accueil\/#website"},"primaryImageOfPage":{"@id":"https:\/\/purecosmetics-shop.com\/accueil\/produit\/tocobo-cica-calming-sun-serum-spf50-pa\/#primaryimage"},"image":{"@id":"https:\/\/purecosmetics-shop.com\/accueil\/produit\/tocobo-cica-calming-sun-serum-spf50-pa\/#primaryimage"},"thumbnailUrl":"https:\/\/purecosmetics-shop.com\/wp-content\/uploads\/2024\/10\/Tocobo-Cica-Calming-Sun-Serum.jpg","datePublished":"2024-10-16T17:12:49+00:00","dateModified":"2025-03-28T21:53:45+00:00","breadcrumb":{"@id":"https:\/\/purecosmetics-shop.com\/accueil\/produit\/tocobo-cica-calming-sun-serum-spf50-pa\/#breadcrumb"},"inLanguage":"fr-FR","potentialAction":[{"@type":"ReadAction","target":["https:\/\/purecosmetics-shop.com\/accueil\/produit\/tocobo-cica-calming-sun-serum-spf50-pa\/"]}]},{"@type":"ImageObject","inLanguage":"fr-FR","@id":"https:\/\/purecosmetics-shop.com\/accueil\/produit\/tocobo-cica-calming-sun-serum-spf50-pa\/#primaryimage","url":"https:\/\/purecosmetics-shop.com\/wp-content\/uploads\/2024\/10\/Tocobo-Cica-Calming-Sun-Serum.jpg","contentUrl":"https:\/\/purecosmetics-shop.com\/wp-content\/uploads\/2024\/10\/Tocobo-Cica-Calming-Sun-Serum.jpg","width":1200,"height":1200},{"@type":"BreadcrumbList","@id":"https:\/\/purecosmetics-shop.com\/accueil\/produit\/tocobo-cica-calming-sun-serum-spf50-pa\/#breadcrumb","itemListElement":[{"@type":"ListItem","position":1,"name":"Accueil","item":"https:\/\/purecosmetics-shop.com\/accueil\/"},{"@type":"ListItem","position":2,"name":"NOUVEAUT\u00c9S","item":"https:\/\/purecosmetics-shop.com\/accueil\/nouveautes\/"},{"@type":"ListItem","position":3,"name":"CICA CALMING SUN SERUM SPF50+ PA++++\u00a0\u00bb"}]},{"@type":"WebSite","@id":"https:\/\/purecosmetics-shop.com\/accueil\/#website","url":"https:\/\/purecosmetics-shop.com\/accueil\/","name":"Pure Cosmetics","description":"Skincare cor\u00e9enne et japonais","publisher":{"@id":"https:\/\/purecosmetics-shop.com\/accueil\/#organization"},"potentialAction":[{"@type":"SearchAction","target":{"@type":"EntryPoint","urlTemplate":"https:\/\/purecosmetics-shop.com\/accueil\/?s={search_term_string}"},"query-input":{"@type":"PropertyValueSpecification","valueRequired":true,"valueName":"search_term_string"}}],"inLanguage":"fr-FR"},{"@type":"Organization","@id":"https:\/\/purecosmetics-shop.com\/accueil\/#organization","name":"Pure Cosmetics","url":"https:\/\/purecosmetics-shop.com\/accueil\/","logo":{"@type":"ImageObject","inLanguage":"fr-FR","@id":"https:\/\/purecosmetics-shop.com\/accueil\/#\/schema\/logo\/image\/","url":"https:\/\/purecosmetics-shop.com\/wp-content\/uploads\/2025\/04\/cropped-Pure-Cosmetics-black-2.png","contentUrl":"https:\/\/purecosmetics-shop.com\/wp-content\/uploads\/2025\/04\/cropped-Pure-Cosmetics-black-2.png","width":2362,"height":2324,"caption":"Pure Cosmetics"},"image":{"@id":"https:\/\/purecosmetics-shop.com\/accueil\/#\/schema\/logo\/image\/"}}]}},"jetpack_sharing_enabled":true,"_links":{"self":[{"href":"https:\/\/purecosmetics-shop.com\/accueil\/wp-json\/wp\/v2\/product\/1311","targetHints":{"allow":["GET"]}}],"collection":[{"href":"https:\/\/purecosmetics-shop.com\/accueil\/wp-json\/wp\/v2\/product"}],"about":[{"href":"https:\/\/purecosmetics-shop.com\/accueil\/wp-json\/wp\/v2\/types\/product"}],"replies":[{"embeddable":true,"href":"https:\/\/purecosmetics-shop.com\/accueil\/wp-json\/wp\/v2\/comments?post=1311"}],"version-history":[{"count":3,"href":"https:\/\/purecosmetics-shop.com\/accueil\/wp-json\/wp\/v2\/product\/1311\/revisions"}],"predecessor-version":[{"id":2652,"href":"https:\/\/purecosmetics-shop.com\/accueil\/wp-json\/wp\/v2\/product\/1311\/revisions\/2652"}],"wp:featuredmedia":[{"embeddable":true,"href":"https:\/\/purecosmetics-shop.com\/accueil\/wp-json\/wp\/v2\/media\/1930"}],"wp:attachment":[{"href":"https:\/\/purecosmetics-shop.com\/accueil\/wp-json\/wp\/v2\/media?parent=1311"}],"wp:term":[{"taxonomy":"product_brand","embeddable":true,"href":"https:\/\/purecosmetics-shop.com\/accueil\/wp-json\/wp\/v2\/product_brand?post=1311"},{"taxonomy":"product_cat","embeddable":true,"href":"https:\/\/purecosmetics-shop.com\/accueil\/wp-json\/wp\/v2\/product_cat?post=1311"},{"taxonomy":"product_tag","embeddable":true,"href":"https:\/\/purecosmetics-shop.com\/accueil\/wp-json\/wp\/v2\/product_tag?post=1311"}],"curies":[{"name":"wp","href":"https:\/\/api.w.org\/{rel}","templated":true}]}}