{"id":1303,"date":"2024-10-16T13:12:47","date_gmt":"2024-10-16T17:12:47","guid":{"rendered":"https:\/\/purecosmetics-shop.com\/accueil\/produit\/cosrx-clear-fit-master-patch\/"},"modified":"2025-04-11T18:03:48","modified_gmt":"2025-04-11T22:03:48","slug":"cosrx-clear-fit-master-patch","status":"publish","type":"product","link":"https:\/\/purecosmetics-shop.com\/accueil\/produit\/cosrx-clear-fit-master-patch\/","title":{"rendered":"Clear Fit Master Patch"},"content":{"rendered":"<p>Patch hydrocollo\u00efde ultra fin couvrant en forme de d\u00e9grad\u00e9<\/p>\n<h3>Astuce<\/h3>\n<p>Apr\u00e8s le nettoyage \u00c9tape de soin de la peau Si vous collez sur la zone de la peau que vous souhaitez dissimuler, l&rsquo;adh\u00e9rence sera encore plus \u00e9lev\u00e9e.<\/p>\n<h3>Diff\u00e9rences entre le patch Acne Pimple Master et le patch Clear Pit Master<\/h3>\n<p>Le patch Acne Pimple Master est compos\u00e9 de diff\u00e9rentes tailles, il peut \u00eatre utilis\u00e9 sur des zones de plaies de diff\u00e9rentes tailles et est excellent pour absorber les cicatrices.<\/p>\n<p>C&rsquo;est un patch fin qui recouvre la peau sous forme de d\u00e9grad\u00e9 tout en absorbant la plaie.<\/p>\n<p>Lors de l&rsquo;application de patchs et de maquillage, les patchs ne sont pas visibles.<\/p>\n","protected":false},"excerpt":{"rendered":"<p>COSRX Clear Fit Master Patch extrait les impuret\u00e9s et cr\u00e9e protection pour les imperfections afin de les emp\u00eacher de se d\u00e9velopper et de se propager.<\/p>\n<p>Ils cr\u00e9ent un environnement humide et favorisent la cicatrisation des plaies.<\/p>\n<p>Contrairement au COSRX Acne Pimple Master Patch \u2013 qui sont destin\u00e9s \u00e0 \u00eatre utilis\u00e9s pendant la nuit \u2013 les Clear Fit Master Patches sont sp\u00e9cialement d\u00e9velopp\u00e9s pour \u00eatre utilis\u00e9s pendant la journ\u00e9e sous le maquillage.<\/p>\n<p>Les patchs sont transparent et adh\u00e8re tr\u00e8s bien \u00e0 la peau<\/p>\n","protected":false},"featured_media":1588,"comment_status":"open","ping_status":"closed","template":"","meta":[],"product_brand":[154],"product_cat":[108,113,115,116,117,118,192],"product_tag":[],"class_list":{"0":"post-1303","1":"product","2":"type-product","3":"status-publish","4":"has-post-thumbnail","6":"product_brand-cosrx","7":"product_cat-anti-imperfections-et-pores","8":"product_cat-peau-a-tendance-acneique","9":"product_cat-peau-grasse","10":"product_cat-peau-mixte","11":"product_cat-peau-normale","12":"product_cat-peau-seche","13":"product_cat-traitement-localise","15":"first","16":"outofstock","17":"shipping-taxable","18":"product-type-simple"},"yoast_head":"<!-- This site is optimized with the Yoast SEO plugin v27.4 - https:\/\/yoast.com\/product\/yoast-seo-wordpress\/ -->\n<title>Clear Fit Master Patch - Pure Cosmetics<\/title>\n<meta name=\"robots\" content=\"index, follow, max-snippet:-1, max-image-preview:large, max-video-preview:-1\" \/>\n<link rel=\"canonical\" href=\"https:\/\/purecosmetics-shop.com\/accueil\/produit\/cosrx-clear-fit-master-patch\/\" \/>\n<meta property=\"og:locale\" content=\"fr_FR\" \/>\n<meta property=\"og:type\" content=\"article\" \/>\n<meta property=\"og:title\" content=\"Clear Fit Master Patch - Pure Cosmetics\" \/>\n<meta property=\"og:description\" content=\"COSRX Clear Fit Master Patch extrait les impuret\u00e9s et cr\u00e9e protection pour les imperfections afin de les emp\u00eacher de se d\u00e9velopper et de se propager.  Ils cr\u00e9ent un environnement humide et favorisent la cicatrisation des plaies.  Contrairement au COSRX Acne Pimple Master Patch \u2013 qui sont destin\u00e9s \u00e0 \u00eatre utilis\u00e9s pendant la nuit \u2013 les Clear Fit Master Patches sont sp\u00e9cialement d\u00e9velopp\u00e9s pour \u00eatre utilis\u00e9s pendant la journ\u00e9e sous le maquillage.  Les patchs sont transparent et adh\u00e8re tr\u00e8s bien \u00e0 la peau\" \/>\n<meta property=\"og:url\" content=\"https:\/\/purecosmetics-shop.com\/accueil\/produit\/cosrx-clear-fit-master-patch\/\" \/>\n<meta property=\"og:site_name\" content=\"Pure Cosmetics\" \/>\n<meta property=\"article:modified_time\" content=\"2025-04-11T22:03:48+00:00\" \/>\n<meta property=\"og:image\" content=\"https:\/\/purecosmetics-shop.com\/wp-content\/uploads\/2024\/10\/COSRX-Clear-Fit-Master-Patch-.webp\" \/>\n\t<meta property=\"og:image:width\" content=\"800\" \/>\n\t<meta property=\"og:image:height\" content=\"800\" \/>\n\t<meta property=\"og:image:type\" content=\"image\/webp\" \/>\n<meta name=\"twitter:card\" content=\"summary_large_image\" \/>\n<meta name=\"twitter:label1\" content=\"Dur\u00e9e de lecture estim\u00e9e\" \/>\n\t<meta name=\"twitter:data1\" content=\"1 minute\" \/>\n<script type=\"application\/ld+json\" class=\"yoast-schema-graph\">{\"@context\":\"https:\\\/\\\/schema.org\",\"@graph\":[{\"@type\":\"WebPage\",\"@id\":\"https:\\\/\\\/purecosmetics-shop.com\\\/accueil\\\/produit\\\/cosrx-clear-fit-master-patch\\\/\",\"url\":\"https:\\\/\\\/purecosmetics-shop.com\\\/accueil\\\/produit\\\/cosrx-clear-fit-master-patch\\\/\",\"name\":\"Clear Fit Master Patch - Pure Cosmetics\",\"isPartOf\":{\"@id\":\"https:\\\/\\\/purecosmetics-shop.com\\\/accueil\\\/#website\"},\"primaryImageOfPage\":{\"@id\":\"https:\\\/\\\/purecosmetics-shop.com\\\/accueil\\\/produit\\\/cosrx-clear-fit-master-patch\\\/#primaryimage\"},\"image\":{\"@id\":\"https:\\\/\\\/purecosmetics-shop.com\\\/accueil\\\/produit\\\/cosrx-clear-fit-master-patch\\\/#primaryimage\"},\"thumbnailUrl\":\"https:\\\/\\\/purecosmetics-shop.com\\\/wp-content\\\/uploads\\\/2024\\\/10\\\/COSRX-Clear-Fit-Master-Patch-.webp\",\"datePublished\":\"2024-10-16T17:12:47+00:00\",\"dateModified\":\"2025-04-11T22:03:48+00:00\",\"breadcrumb\":{\"@id\":\"https:\\\/\\\/purecosmetics-shop.com\\\/accueil\\\/produit\\\/cosrx-clear-fit-master-patch\\\/#breadcrumb\"},\"inLanguage\":\"fr-FR\",\"potentialAction\":[{\"@type\":\"ReadAction\",\"target\":[\"https:\\\/\\\/purecosmetics-shop.com\\\/accueil\\\/produit\\\/cosrx-clear-fit-master-patch\\\/\"]}]},{\"@type\":\"ImageObject\",\"inLanguage\":\"fr-FR\",\"@id\":\"https:\\\/\\\/purecosmetics-shop.com\\\/accueil\\\/produit\\\/cosrx-clear-fit-master-patch\\\/#primaryimage\",\"url\":\"https:\\\/\\\/purecosmetics-shop.com\\\/wp-content\\\/uploads\\\/2024\\\/10\\\/COSRX-Clear-Fit-Master-Patch-.webp\",\"contentUrl\":\"https:\\\/\\\/purecosmetics-shop.com\\\/wp-content\\\/uploads\\\/2024\\\/10\\\/COSRX-Clear-Fit-Master-Patch-.webp\",\"width\":800,\"height\":800},{\"@type\":\"BreadcrumbList\",\"@id\":\"https:\\\/\\\/purecosmetics-shop.com\\\/accueil\\\/produit\\\/cosrx-clear-fit-master-patch\\\/#breadcrumb\",\"itemListElement\":[{\"@type\":\"ListItem\",\"position\":1,\"name\":\"Accueil\",\"item\":\"https:\\\/\\\/purecosmetics-shop.com\\\/accueil\\\/\"},{\"@type\":\"ListItem\",\"position\":2,\"name\":\"NOUVEAUT\u00c9S\",\"item\":\"https:\\\/\\\/purecosmetics-shop.com\\\/accueil\\\/nouveautes\\\/\"},{\"@type\":\"ListItem\",\"position\":3,\"name\":\"Clear Fit Master Patch\"}]},{\"@type\":\"WebSite\",\"@id\":\"https:\\\/\\\/purecosmetics-shop.com\\\/accueil\\\/#website\",\"url\":\"https:\\\/\\\/purecosmetics-shop.com\\\/accueil\\\/\",\"name\":\"Pure Cosmetics\",\"description\":\"Skincare cor\u00e9enne et japonais\",\"publisher\":{\"@id\":\"https:\\\/\\\/purecosmetics-shop.com\\\/accueil\\\/#organization\"},\"potentialAction\":[{\"@type\":\"SearchAction\",\"target\":{\"@type\":\"EntryPoint\",\"urlTemplate\":\"https:\\\/\\\/purecosmetics-shop.com\\\/accueil\\\/?s={search_term_string}\"},\"query-input\":{\"@type\":\"PropertyValueSpecification\",\"valueRequired\":true,\"valueName\":\"search_term_string\"}}],\"inLanguage\":\"fr-FR\"},{\"@type\":\"Organization\",\"@id\":\"https:\\\/\\\/purecosmetics-shop.com\\\/accueil\\\/#organization\",\"name\":\"Pure Cosmetics\",\"url\":\"https:\\\/\\\/purecosmetics-shop.com\\\/accueil\\\/\",\"logo\":{\"@type\":\"ImageObject\",\"inLanguage\":\"fr-FR\",\"@id\":\"https:\\\/\\\/purecosmetics-shop.com\\\/accueil\\\/#\\\/schema\\\/logo\\\/image\\\/\",\"url\":\"https:\\\/\\\/purecosmetics-shop.com\\\/wp-content\\\/uploads\\\/2025\\\/04\\\/cropped-Pure-Cosmetics-black-2.png\",\"contentUrl\":\"https:\\\/\\\/purecosmetics-shop.com\\\/wp-content\\\/uploads\\\/2025\\\/04\\\/cropped-Pure-Cosmetics-black-2.png\",\"width\":2362,\"height\":2324,\"caption\":\"Pure Cosmetics\"},\"image\":{\"@id\":\"https:\\\/\\\/purecosmetics-shop.com\\\/accueil\\\/#\\\/schema\\\/logo\\\/image\\\/\"}}]}<\/script>\n<!-- \/ Yoast SEO plugin. -->","yoast_head_json":{"title":"Clear Fit Master Patch - Pure Cosmetics","robots":{"index":"index","follow":"follow","max-snippet":"max-snippet:-1","max-image-preview":"max-image-preview:large","max-video-preview":"max-video-preview:-1"},"canonical":"https:\/\/purecosmetics-shop.com\/accueil\/produit\/cosrx-clear-fit-master-patch\/","og_locale":"fr_FR","og_type":"article","og_title":"Clear Fit Master Patch - Pure Cosmetics","og_description":"COSRX Clear Fit Master Patch extrait les impuret\u00e9s et cr\u00e9e protection pour les imperfections afin de les emp\u00eacher de se d\u00e9velopper et de se propager.  Ils cr\u00e9ent un environnement humide et favorisent la cicatrisation des plaies.  Contrairement au COSRX Acne Pimple Master Patch \u2013 qui sont destin\u00e9s \u00e0 \u00eatre utilis\u00e9s pendant la nuit \u2013 les Clear Fit Master Patches sont sp\u00e9cialement d\u00e9velopp\u00e9s pour \u00eatre utilis\u00e9s pendant la journ\u00e9e sous le maquillage.  Les patchs sont transparent et adh\u00e8re tr\u00e8s bien \u00e0 la peau","og_url":"https:\/\/purecosmetics-shop.com\/accueil\/produit\/cosrx-clear-fit-master-patch\/","og_site_name":"Pure Cosmetics","article_modified_time":"2025-04-11T22:03:48+00:00","og_image":[{"width":800,"height":800,"url":"https:\/\/purecosmetics-shop.com\/wp-content\/uploads\/2024\/10\/COSRX-Clear-Fit-Master-Patch-.webp","type":"image\/webp"}],"twitter_card":"summary_large_image","twitter_misc":{"Dur\u00e9e de lecture estim\u00e9e":"1 minute"},"schema":{"@context":"https:\/\/schema.org","@graph":[{"@type":"WebPage","@id":"https:\/\/purecosmetics-shop.com\/accueil\/produit\/cosrx-clear-fit-master-patch\/","url":"https:\/\/purecosmetics-shop.com\/accueil\/produit\/cosrx-clear-fit-master-patch\/","name":"Clear Fit Master Patch - Pure Cosmetics","isPartOf":{"@id":"https:\/\/purecosmetics-shop.com\/accueil\/#website"},"primaryImageOfPage":{"@id":"https:\/\/purecosmetics-shop.com\/accueil\/produit\/cosrx-clear-fit-master-patch\/#primaryimage"},"image":{"@id":"https:\/\/purecosmetics-shop.com\/accueil\/produit\/cosrx-clear-fit-master-patch\/#primaryimage"},"thumbnailUrl":"https:\/\/purecosmetics-shop.com\/wp-content\/uploads\/2024\/10\/COSRX-Clear-Fit-Master-Patch-.webp","datePublished":"2024-10-16T17:12:47+00:00","dateModified":"2025-04-11T22:03:48+00:00","breadcrumb":{"@id":"https:\/\/purecosmetics-shop.com\/accueil\/produit\/cosrx-clear-fit-master-patch\/#breadcrumb"},"inLanguage":"fr-FR","potentialAction":[{"@type":"ReadAction","target":["https:\/\/purecosmetics-shop.com\/accueil\/produit\/cosrx-clear-fit-master-patch\/"]}]},{"@type":"ImageObject","inLanguage":"fr-FR","@id":"https:\/\/purecosmetics-shop.com\/accueil\/produit\/cosrx-clear-fit-master-patch\/#primaryimage","url":"https:\/\/purecosmetics-shop.com\/wp-content\/uploads\/2024\/10\/COSRX-Clear-Fit-Master-Patch-.webp","contentUrl":"https:\/\/purecosmetics-shop.com\/wp-content\/uploads\/2024\/10\/COSRX-Clear-Fit-Master-Patch-.webp","width":800,"height":800},{"@type":"BreadcrumbList","@id":"https:\/\/purecosmetics-shop.com\/accueil\/produit\/cosrx-clear-fit-master-patch\/#breadcrumb","itemListElement":[{"@type":"ListItem","position":1,"name":"Accueil","item":"https:\/\/purecosmetics-shop.com\/accueil\/"},{"@type":"ListItem","position":2,"name":"NOUVEAUT\u00c9S","item":"https:\/\/purecosmetics-shop.com\/accueil\/nouveautes\/"},{"@type":"ListItem","position":3,"name":"Clear Fit Master Patch"}]},{"@type":"WebSite","@id":"https:\/\/purecosmetics-shop.com\/accueil\/#website","url":"https:\/\/purecosmetics-shop.com\/accueil\/","name":"Pure Cosmetics","description":"Skincare cor\u00e9enne et japonais","publisher":{"@id":"https:\/\/purecosmetics-shop.com\/accueil\/#organization"},"potentialAction":[{"@type":"SearchAction","target":{"@type":"EntryPoint","urlTemplate":"https:\/\/purecosmetics-shop.com\/accueil\/?s={search_term_string}"},"query-input":{"@type":"PropertyValueSpecification","valueRequired":true,"valueName":"search_term_string"}}],"inLanguage":"fr-FR"},{"@type":"Organization","@id":"https:\/\/purecosmetics-shop.com\/accueil\/#organization","name":"Pure Cosmetics","url":"https:\/\/purecosmetics-shop.com\/accueil\/","logo":{"@type":"ImageObject","inLanguage":"fr-FR","@id":"https:\/\/purecosmetics-shop.com\/accueil\/#\/schema\/logo\/image\/","url":"https:\/\/purecosmetics-shop.com\/wp-content\/uploads\/2025\/04\/cropped-Pure-Cosmetics-black-2.png","contentUrl":"https:\/\/purecosmetics-shop.com\/wp-content\/uploads\/2025\/04\/cropped-Pure-Cosmetics-black-2.png","width":2362,"height":2324,"caption":"Pure Cosmetics"},"image":{"@id":"https:\/\/purecosmetics-shop.com\/accueil\/#\/schema\/logo\/image\/"}}]}},"jetpack_sharing_enabled":true,"_links":{"self":[{"href":"https:\/\/purecosmetics-shop.com\/accueil\/wp-json\/wp\/v2\/product\/1303","targetHints":{"allow":["GET"]}}],"collection":[{"href":"https:\/\/purecosmetics-shop.com\/accueil\/wp-json\/wp\/v2\/product"}],"about":[{"href":"https:\/\/purecosmetics-shop.com\/accueil\/wp-json\/wp\/v2\/types\/product"}],"replies":[{"embeddable":true,"href":"https:\/\/purecosmetics-shop.com\/accueil\/wp-json\/wp\/v2\/comments?post=1303"}],"version-history":[{"count":3,"href":"https:\/\/purecosmetics-shop.com\/accueil\/wp-json\/wp\/v2\/product\/1303\/revisions"}],"predecessor-version":[{"id":2661,"href":"https:\/\/purecosmetics-shop.com\/accueil\/wp-json\/wp\/v2\/product\/1303\/revisions\/2661"}],"wp:featuredmedia":[{"embeddable":true,"href":"https:\/\/purecosmetics-shop.com\/accueil\/wp-json\/wp\/v2\/media\/1588"}],"wp:attachment":[{"href":"https:\/\/purecosmetics-shop.com\/accueil\/wp-json\/wp\/v2\/media?parent=1303"}],"wp:term":[{"taxonomy":"product_brand","embeddable":true,"href":"https:\/\/purecosmetics-shop.com\/accueil\/wp-json\/wp\/v2\/product_brand?post=1303"},{"taxonomy":"product_cat","embeddable":true,"href":"https:\/\/purecosmetics-shop.com\/accueil\/wp-json\/wp\/v2\/product_cat?post=1303"},{"taxonomy":"product_tag","embeddable":true,"href":"https:\/\/purecosmetics-shop.com\/accueil\/wp-json\/wp\/v2\/product_tag?post=1303"}],"curies":[{"name":"wp","href":"https:\/\/api.w.org\/{rel}","templated":true}]}}